{"id":29688,"date":"2020-12-15T13:59:44","date_gmt":"2020-12-15T12:59:44","guid":{"rendered":"https:\/\/centreqap.ch\/accueil\/"},"modified":"2021-10-12T10:35:49","modified_gmt":"2021-10-12T08:35:49","slug":"accueil","status":"publish","type":"page","link":"https:\/\/centreqap.irenepenrose.com\/de\/","title":{"rendered":"Home"},"content":{"rendered":"<p>[vc_row][vc_column][rev_slider_vc alias=&#8220;kindergarten-home-11-1&#8243; enable_paspartu=&#8220;no&#8220;][vc_empty_space height=&#8220;40px&#8220;][\/vc_column][\/vc_row][vc_row][vc_column]<div class=\"qodef-section-title-holder   qodef-st-animation qodef-st-center\" >\n\t<div class=\"qodef-st-inner\">\n\t\t\t\t\t<h3 class=\"qodef-st-title\" >\n\t\t\t\tEine Reise ins Innere des Centre qap\t\t\t<\/h3>\n\t\t\t\t<span class=\"qodef-st-separator\"><\/span>\n\t\t\t\t\t<\/div>\n<\/div>[vc_empty_space][vc_column_text]<\/p>\n<div style=\"width: 1100px;\" class=\"wp-video\"><!--[if lt IE 9]><script>document.createElement('video');<\/script><![endif]-->\n<video class=\"wp-video-shortcode\" id=\"video-29688-1\" width=\"1100\" height=\"619\" poster=\"https:\/\/centreqap.irenepenrose.com\/wp-content\/uploads\/2021\/10\/centre-qap_homepage-objectif.jpg\" preload=\"metadata\" controls=\"controls\"><source type=\"video\/mp4\" src=\"https:\/\/centreqap.irenepenrose.com\/wp-content\/uploads\/2021\/10\/QAP-EDIT-VF_1.mp4?_=1\" \/><a href=\"https:\/\/centreqap.irenepenrose.com\/wp-content\/uploads\/2021\/10\/QAP-EDIT-VF_1.mp4\">https:\/\/centreqap.irenepenrose.com\/wp-content\/uploads\/2021\/10\/QAP-EDIT-VF_1.mp4<\/a><\/video><\/div>\n<p>[\/vc_column_text][\/vc_column][\/vc_row][vc_row row_content_width=&#8220;grid&#8220; css=&#8220;.vc_custom_1606062970333{padding-top: 80px !important;}&#8220;][vc_column width=&#8220;1\/2&#8243; css=&#8220;.vc_custom_1608505359403{margin-bottom: 50px !important;}&#8220; offset=&#8220;vc_hidden-lg vc_hidden-md vc_hidden-sm&#8220;]<div class=\"qodef-section-title-holder   qodef-st-animation qodef-st-left\" >\n\t<div class=\"qodef-st-inner\">\n\t\t\t\t\t<h3 class=\"qodef-st-title\" >\n\t\t\t\tDas Centre qap\t\t\t<\/h3>\n\t\t\t\t<span class=\"qodef-st-separator\"><\/span>\n\t\t\t\t\t<\/div>\n<\/div>[vc_column_text]<div class=\"qodef-separator-holder clearfix  qodef-separator-center qodef-separator-normal\">\n\t<div class=\"qodef-separator\" ><\/div>\n<\/div>\n<br \/>\nDas Centre qap bietet individuelle und zielgerichtete Therapien f\u00fcr S\u00e4uglinge sowie f\u00fcr Kinder und Jugendliche unter 20 Jahren, die Unterst\u00fctzung in ihrer Entwicklung oder spezialisierte Rehabilitation ben\u00f6tigen.<\/p>\n<p>In Zusammenarbeit mit den Familien, Therapeuten und \u00c4rzten wollen wir wirksame Unterst\u00fctzung bieten, damit Kinder mit Entwicklungsst\u00f6rungen oder Problemen infolge einer Krankheit oder eines Unfalls unter bestm\u00f6glichen Bedingungen Fortschritte machen k\u00f6nnen.<\/p>\n<p>Bei der Behandlung unserer Patienten setzen wir auf interdisziplin\u00e4re Zusammenrbeit mit verschiedenen Therapeuten und weiteren Gesundheitsfachpersonen, die an der ganzheitlichen Betreuung der Kinder und Jugendlichen mitwirken, mit Kinder\u00e4rzten, Fach\u00e4rzten f\u00fcr Neurologie, Neurorehabilitation, Orthop\u00e4die, Pneumonologie und Ern\u00e4hrung sowie Fachpersonen f\u00fcr Robotik.[\/vc_column_text][vc_empty_space height=&#8220;35px&#8220;]<a itemprop=\"url\" href=\"https:\/\/centreqap.irenepenrose.com\/de\/unsere-therapieraeume\/\" target=\"_self\"  class=\"qodef-btn qodef-btn-medium qodef-btn-solid qodef-btn- qodef-btn-custom-hover-bg \" data-hover-bg-color=\"#f09f37\" >\n    <span class=\"qodef-btn-text\">D\u00e9couvrez le centre<\/span>\n    \t<\/a>[\/vc_column][vc_column width=&#8220;1\/2&#8243; css=&#8220;.vc_custom_1608505072998{margin-top: 15px !important;}&#8220; offset=&#8220;vc_hidden-lg vc_hidden-md vc_hidden-sm&#8220;][vc_single_image image=&#8220;29714&#8243; img_size=&#8220;2900&#215;2000&#8243;][\/vc_column][\/vc_row][vc_row row_content_width=&#8220;grid&#8220; css=&#8220;.vc_custom_1608505546486{padding-top: 50px !important;}&#8220;][vc_column width=&#8220;1\/2&#8243; offset=&#8220;vc_hidden-xs&#8220;]<div class=\"qodef-section-title-holder   qodef-st-animation qodef-st-left\" >\n\t<div class=\"qodef-st-inner\">\n\t\t\t\t\t<h3 class=\"qodef-st-title\" >\n\t\t\t\tDas Centre qap\t\t\t<\/h3>\n\t\t\t\t<span class=\"qodef-st-separator\"><\/span>\n\t\t\t\t\t<\/div>\n<\/div>[vc_column_text]<div class=\"qodef-separator-holder clearfix  qodef-separator-center qodef-separator-normal\">\n\t<div class=\"qodef-separator\" ><\/div>\n<\/div>\n<br \/>\nDas Centre qap bietet individuelle und zielgerichtete Therapien f\u00fcr S\u00e4uglinge sowie f\u00fcr Kinder und Jugendliche unter 20 Jahren, die Unterst\u00fctzung in ihrer Entwicklung oder spezialisierte Rehabilitation ben\u00f6tigen.<\/p>\n<p>In Zusammenarbeit mit den Familien, Therapeuten und \u00c4rzten wollen wir wirksame Unterst\u00fctzung bieten, damit Kinder mit Entwicklungsst\u00f6rungen oder Problemen infolge einer Krankheit oder eines Unfalls unter bestm\u00f6glichen Bedingungen Fortschritte machen k\u00f6nnen.<\/p>\n<p>Bei der Behandlung unserer Patienten setzen wir auf interdisziplin\u00e4re Zusammenrbeit mit verschiedenen Therapeuten und weiteren Gesundheitsfachpersonen, die an der ganzheitlichen Betreuung der Kinder und Jugendlichen mitwirken, mit Kinder\u00e4rzten, Fach\u00e4rzten f\u00fcr Neurologie, Neurorehabilitation, Orthop\u00e4die, Pneumonologie und Ern\u00e4hrung sowie Fachpersonen f\u00fcr Robotik.[\/vc_column_text][vc_empty_space height=&#8220;35px&#8220;]<a itemprop=\"url\" href=\"https:\/\/centreqap.irenepenrose.com\/de\/unsere-therapieraeume\/\" target=\"_self\"  class=\"qodef-btn qodef-btn-medium qodef-btn-solid qodef-btn- qodef-btn-custom-hover-bg \" data-hover-bg-color=\"#f09f37\" >\n    <span class=\"qodef-btn-text\">Mehr \u00fcber das Centre qap<\/span>\n    \t<\/a>[vc_empty_space height=&#8220;35px&#8220;][\/vc_column][vc_column width=&#8220;1\/2&#8243; css=&#8220;.vc_custom_1608505101881{margin-top: 15px !important;}&#8220; offset=&#8220;vc_hidden-xs&#8220;][vc_single_image image=&#8220;29714&#8243; img_size=&#8220;2900&#215;2000&#8243;][\/vc_column][\/vc_row][vc_row row_content_width=&#8220;grid&#8220; css=&#8220;.vc_custom_1608505404392{padding-top: 80px !important;}&#8220;][vc_column width=&#8220;1\/2&#8243; offset=&#8220;vc_hidden-xs&#8220;][vc_single_image image=&#8220;29721&#8243; img_size=&#8220;2900&#215;2000&#8243;][\/vc_column][vc_column width=&#8220;1\/2&#8243; offset=&#8220;vc_hidden-xs&#8220;]<div class=\"qodef-section-title-holder   qodef-st-animation qodef-st-left\" >\n\t<div class=\"qodef-st-inner\">\n\t\t\t\t\t<h3 class=\"qodef-st-title\" >\n\t\t\t\tUnser Therapieangebot\t\t\t<\/h3>\n\t\t\t\t<span class=\"qodef-st-separator\"><\/span>\n\t\t\t\t\t<\/div>\n<\/div>[vc_column_text]<div class=\"qodef-separator-holder clearfix  qodef-separator-center qodef-separator-normal\">\n\t<div class=\"qodef-separator\" ><\/div>\n<\/div>\n<ul>\n<li><span style=\"color: #4999db;\"><a style=\"color: #4999db;\" href=\"https:\/\/centreqap.irenepenrose.com\/de\/physiotherapie\/\">Physiotherapie<\/a><\/span><\/li>\n<li><span style=\"color: #4999db;\"><a style=\"color: #4999db;\" href=\"https:\/\/centreqap.irenepenrose.com\/de\/ergotherapie\/\">Ergotherapie<\/a><\/span><\/li>\n<li><span style=\"color: #4999db;\"><a style=\"color: #4999db;\" href=\"https:\/\/centreqap.irenepenrose.com\/de\/lokomat\/\">Lokomat\u00ae &#8211; robotergest\u00fctztes Gangtraining<\/a><\/span><\/li>\n<li><span style=\"color: #4999db;\"><a style=\"color: #4999db;\" href=\"https:\/\/centreqap.irenepenrose.com\/de\/osteopathie\/\">Osteopathie<\/a><\/span><\/li>\n<li><span style=\"color: #4999db;\"><a style=\"color: #4999db;\" href=\"https:\/\/centreqap.irenepenrose.com\/de\/mtt\/\">Medizinische Trainingstherapie (MTT)<\/a><\/span><\/li>\n<li><span style=\"color: #4999db;\"><a style=\"color: #4999db;\" href=\"https:\/\/centreqap.irenepenrose.com\/de\/massagetherapie\/\">Massagetherapie<\/a><\/span><\/li>\n<li><span style=\"color: #4999db;\"><a style=\"color: #4999db;\" href=\"https:\/\/centreqap.irenepenrose.com\/de\/logopaedie\/\">Logop\u00e4die (im Aufbau)<\/a><\/span><\/li>\n<li>Regelm\u00e4ssige Bewertungen, Festlegung von Zielen in Absprache mit der Familie, den Therapeuten und \u00c4rzten, Intensiv- und Begleittherapien<\/li>\n<\/ul>\n<p>[\/vc_column_text][vc_empty_space height=&#8220;35px&#8220;]<a itemprop=\"url\" href=\"https:\/\/centreqap.irenepenrose.com\/de\/unsere-therapien\/\" target=\"_self\"  class=\"qodef-btn qodef-btn-medium qodef-btn-solid qodef-btn- qodef-btn-custom-hover-bg \" data-hover-bg-color=\"#f09f37\" >\n    <span class=\"qodef-btn-text\">Mehr \u00fcber unsere Therapien<\/span>\n    \t<\/a>[vc_empty_space height=&#8220;35px&#8220;][\/vc_column][\/vc_row][vc_row row_content_width=&#8220;grid&#8220; css=&#8220;.vc_custom_1608505574576{margin-bottom: 34px !important;padding-bottom: 15px !important;}&#8220;][vc_column width=&#8220;1\/2&#8243; offset=&#8220;vc_hidden-lg vc_hidden-md vc_hidden-sm&#8220; css=&#8220;.vc_custom_1608504977595{margin-bottom: 50px !important;}&#8220;]<div class=\"qodef-section-title-holder   qodef-st-animation qodef-st-left\" >\n\t<div class=\"qodef-st-inner\">\n\t\t\t\t\t<h3 class=\"qodef-st-title\" >\n\t\t\t\tUnser Therapieangebot\t\t\t<\/h3>\n\t\t\t\t<span class=\"qodef-st-separator\"><\/span>\n\t\t\t\t\t<\/div>\n<\/div>[vc_column_text]<div class=\"qodef-separator-holder clearfix  qodef-separator-center qodef-separator-normal\">\n\t<div class=\"qodef-separator\" ><\/div>\n<\/div>\n<ul>\n<li><span style=\"color: #4999db;\"><a style=\"color: #4999db;\" href=\"https:\/\/centreqap.irenepenrose.com\/de\/physiotherapie\/\">Physiotherapie<\/a><\/span><\/li>\n<li><span style=\"color: #4999db;\"><a style=\"color: #4999db;\" href=\"https:\/\/centreqap.irenepenrose.com\/de\/ergotherapie\/\">Ergotherapie<\/a><\/span><\/li>\n<li><span style=\"color: #4999db;\"><a style=\"color: #4999db;\" href=\"https:\/\/centreqap.irenepenrose.com\/de\/lokomat\/\">Lokomat\u00ae &#8211; robotergest\u00fctztes Gangtraining<\/a><\/span><\/li>\n<li><span style=\"color: #4999db;\"><a style=\"color: #4999db;\" href=\"https:\/\/centreqap.irenepenrose.com\/de\/osteopathie\/\">Osteopathie<\/a><\/span><\/li>\n<li><span style=\"color: #4999db;\"><a style=\"color: #4999db;\" href=\"https:\/\/centreqap.irenepenrose.com\/de\/mtt\/\">Medizinische Trainingstherapie (MTT)<\/a><\/span><\/li>\n<li><span style=\"color: #4999db;\"><a style=\"color: #4999db;\" href=\"https:\/\/centreqap.irenepenrose.com\/de\/massagetherapie\/\">Massagetherapie<\/a><\/span><\/li>\n<li><span style=\"color: #4999db;\"><a style=\"color: #4999db;\" href=\"https:\/\/centreqap.irenepenrose.com\/de\/logopaedie\/\">Logop\u00e4die (im Aufbau)<\/a><\/span><\/li>\n<li>Regelm\u00e4ssige Bewertungen, Festlegung von Zielen in Absprache mit der Familie, den Therapeuten und \u00c4rzten, Intensiv- und Begleittherapien<\/li>\n<\/ul>\n<p>[\/vc_column_text][vc_empty_space height=&#8220;35px&#8220;]<a itemprop=\"url\" href=\"https:\/\/centreqap.irenepenrose.com\/de\/unsere-therapien\/\" target=\"_self\"  class=\"qodef-btn qodef-btn-medium qodef-btn-solid qodef-btn- qodef-btn-custom-hover-bg \" data-hover-bg-color=\"#f09f37\" >\n    <span class=\"qodef-btn-text\">Mehr \u00fcber unsere Therapien<\/span>\n    \t<\/a>[\/vc_column][vc_column width=&#8220;1\/2&#8243; offset=&#8220;vc_hidden-lg vc_hidden-md vc_hidden-sm&#8220; css=&#8220;.vc_custom_1608505010211{margin-bottom: 50px !important;}&#8220;][vc_single_image image=&#8220;29721&#8243; img_size=&#8220;2900&#215;2000&#8243;][\/vc_column][\/vc_row][vc_row row_content_width=&#8220;grid&#8220; css=&#8220;.vc_custom_1608505597715{margin-bottom: 25px !important;}&#8220;][vc_column]<div class=\"qodef-section-title-holder   qodef-st-animation \" >\n\t<div class=\"qodef-st-inner\">\n\t\t\t\t\t<h3 class=\"qodef-st-title\" >\n\t\t\t\tUnsere Therapeuten\t\t\t<\/h3>\n\t\t\t\t<span class=\"qodef-st-separator\"><\/span>\n\t\t\t\t\t<\/div>\n<\/div>[\/vc_column][\/vc_row][vc_row row_content_width=&#8220;grid&#8220; css=&#8220;.vc_custom_1608170163088{padding-bottom: 50px !important;}&#8220;][vc_column width=&#8220;1\/2&#8243;][vc_single_image image=&#8220;29730&#8243; img_size=&#8220;2900&#215;2000&#8243;][\/vc_column][vc_column width=&#8220;1\/2&#8243;][vc_single_image image=&#8220;29823&#8243; img_size=&#8220;2900&#215;2000&#8243;][\/vc_column][\/vc_row][vc_row row_content_width=&#8220;grid&#8220;][vc_column width=&#8220;1\/3&#8243;][\/vc_column][vc_column width=&#8220;1\/3&#8243;]<a itemprop=\"url\" href=\"https:\/\/centreqap.irenepenrose.com\/de\/unser-team\/\" target=\"_self\"  class=\"qodef-btn qodef-btn-medium qodef-btn-solid qodef-btn- qodef-btn-custom-hover-bg button-align: center; \" data-hover-bg-color=\"#f39e59\" >\n    <span class=\"qodef-btn-text\">Mehr \u00fcber unsere Therapeuten<\/span>\n    \t<\/a>[\/vc_column][vc_column width=&#8220;1\/3&#8243;][\/vc_column][\/vc_row][vc_row css=&#8220;.vc_custom_1526911873444{padding-top: 122px !important;padding-bottom: 80px !important;}&#8220;][vc_column]<div class=\"qodef-image-gallery qodef-grid-list qodef-disable-bottom-space  qodef-ig-grid-type qodef-four-columns qodef-no-space qodef-has-shadow \">\n\t<div class=\"qodef-ig-inner qodef-outer-space\">\n\t\t\t\t\t<div class=\"qodef-ig-image qodef-item-space\">\n\t\t\t\t<div class=\"qodef-ig-image-inner\">\n\t\t\t\t\t\t\t\t\t\t\t<img loading=\"lazy\" decoding=\"async\" src=\"https:\/\/centreqap.irenepenrose.com\/wp-content\/uploads\/2020\/12\/centre-qap-gallerie2-500x500.jpg\" alt=\"\" width=\"500\" height=\"500\" \/>\t\t\t\t\t\t\t\t\t<\/div>\n\t\t\t<\/div>\n\t\t\t\t\t<div class=\"qodef-ig-image qodef-item-space\">\n\t\t\t\t<div class=\"qodef-ig-image-inner\">\n\t\t\t\t\t\t\t\t\t\t\t<img loading=\"lazy\" decoding=\"async\" src=\"https:\/\/centreqap.irenepenrose.com\/wp-content\/uploads\/2020\/12\/centre-qap-gallerie10-500x500.jpg\" alt=\"\" width=\"500\" height=\"500\" \/>\t\t\t\t\t\t\t\t\t<\/div>\n\t\t\t<\/div>\n\t\t\t\t\t<div class=\"qodef-ig-image qodef-item-space\">\n\t\t\t\t<div class=\"qodef-ig-image-inner\">\n\t\t\t\t\t\t\t\t\t\t\t<img loading=\"lazy\" decoding=\"async\" src=\"https:\/\/centreqap.irenepenrose.com\/wp-content\/uploads\/2020\/12\/centre-qap-gallerie3-500x500.jpg\" alt=\"\" width=\"500\" height=\"500\" \/>\t\t\t\t\t\t\t\t\t<\/div>\n\t\t\t<\/div>\n\t\t\t\t\t<div class=\"qodef-ig-image qodef-item-space\">\n\t\t\t\t<div class=\"qodef-ig-image-inner\">\n\t\t\t\t\t\t\t\t\t\t\t<img loading=\"lazy\" decoding=\"async\" src=\"https:\/\/centreqap.irenepenrose.com\/wp-content\/uploads\/2020\/12\/centre-qap-gallerie4-500x500.jpg\" alt=\"\" width=\"500\" height=\"500\" \/>\t\t\t\t\t\t\t\t\t<\/div>\n\t\t\t<\/div>\n\t\t\t\t\t<div class=\"qodef-ig-image qodef-item-space\">\n\t\t\t\t<div class=\"qodef-ig-image-inner\">\n\t\t\t\t\t\t\t\t\t\t\t<img loading=\"lazy\" decoding=\"async\" src=\"https:\/\/centreqap.irenepenrose.com\/wp-content\/uploads\/2020\/12\/centre-qap-gallerie5-500x500.jpg\" alt=\"\" width=\"500\" height=\"500\" \/>\t\t\t\t\t\t\t\t\t<\/div>\n\t\t\t<\/div>\n\t\t\t\t\t<div class=\"qodef-ig-image qodef-item-space\">\n\t\t\t\t<div class=\"qodef-ig-image-inner\">\n\t\t\t\t\t\t\t\t\t\t\t<img loading=\"lazy\" decoding=\"async\" src=\"https:\/\/centreqap.irenepenrose.com\/wp-content\/uploads\/2021\/02\/IMG_3475-scaled-500x500.jpg\" alt=\"IMG_3475\" width=\"500\" height=\"500\" \/>\t\t\t\t\t\t\t\t\t<\/div>\n\t\t\t<\/div>\n\t\t\t\t\t<div class=\"qodef-ig-image qodef-item-space\">\n\t\t\t\t<div class=\"qodef-ig-image-inner\">\n\t\t\t\t\t\t\t\t\t\t\t<img loading=\"lazy\" decoding=\"async\" src=\"https:\/\/centreqap.irenepenrose.com\/wp-content\/uploads\/2020\/12\/centre-qap-gallerie6-500x500.jpg\" alt=\"\" width=\"500\" height=\"500\" \/>\t\t\t\t\t\t\t\t\t<\/div>\n\t\t\t<\/div>\n\t\t\t\t\t<div class=\"qodef-ig-image qodef-item-space\">\n\t\t\t\t<div class=\"qodef-ig-image-inner\">\n\t\t\t\t\t\t\t\t\t\t\t<img loading=\"lazy\" decoding=\"async\" src=\"https:\/\/centreqap.irenepenrose.com\/wp-content\/uploads\/2020\/12\/centre-qap-gallerie9-500x500.jpg\" alt=\"centre-qap-gallerie9\" width=\"500\" height=\"500\" \/>\t\t\t\t\t\t\t\t\t<\/div>\n\t\t\t<\/div>\n\t\t\t<\/div>\n<\/div>[vc_empty_space][vc_column_text]Photos : Aline Kundig[\/vc_column_text][\/vc_column][\/vc_row]<\/p>\n","protected":false},"excerpt":{"rendered":"<p>[vc_row][vc_column][rev_slider_vc alias=&#8220;kindergarten-home-11-1&#8243; enable_paspartu=&#8220;no&#8220;][vc_empty_space height=&#8220;40px&#8220;][\/vc_column][\/vc_row][vc_row][vc_column][vc_empty_space][vc_column_text] [\/vc_column_text][\/vc_column][\/vc_row][vc_row row_content_width=&#8220;grid&#8220; css=&#8220;.vc_custom_1606062970333{padding-top: 80px !important;}&#8220;][vc_column width=&#8220;1\/2&#8243; css=&#8220;.vc_custom_1608505359403{margin-bottom: 50px !important;}&#8220; offset=&#8220;vc_hidden-lg vc_hidden-md vc_hidden-sm&#8220;][vc_column_text] Das Centre qap bietet individuelle und zielgerichtete Therapien f\u00fcr S\u00e4uglinge sowie f\u00fcr Kinder und Jugendliche unter 20 Jahren, die Unterst\u00fctzung in ihrer Entwicklung oder [&hellip;]<\/p>\n","protected":false},"author":1,"featured_media":0,"parent":0,"menu_order":0,"comment_status":"closed","ping_status":"closed","template":"full-width.php","meta":{"footnotes":""},"class_list":["post-29688","page","type-page","status-publish","hentry"],"yoast_head":"<!-- This site is optimized with the Yoast SEO plugin v25.0 - https:\/\/yoast.com\/wordpress\/plugins\/seo\/ -->\n<title>Home | centre qap : R\u00e9habilitation p\u00e9diatrique<\/title>\n<meta name=\"description\" content=\"Le centre qap propose une prise en charge th\u00e9rapeutique personnalis\u00e9e et cibl\u00e9e pour des b\u00e9b\u00e9s, enfants et adolescents jusqu\u2019\u00e0 20 ans n\u00e9cessitant un soutien dans leur d\u00e9veloppement ou une r\u00e9habilitation sp\u00e9cialis\u00e9e.\" \/>\n<meta name=\"robots\" content=\"index, follow, max-snippet:-1, max-image-preview:large, max-video-preview:-1\" \/>\n<link rel=\"canonical\" href=\"https:\/\/centreqap.irenepenrose.com\/de\/\" \/>\n<meta property=\"og:locale\" content=\"de_DE\" \/>\n<meta property=\"og:type\" content=\"article\" \/>\n<meta property=\"og:title\" content=\"Home | centre qap : R\u00e9habilitation p\u00e9diatrique\" \/>\n<meta property=\"og:description\" content=\"Le centre qap propose une prise en charge th\u00e9rapeutique personnalis\u00e9e et cibl\u00e9e pour des b\u00e9b\u00e9s, enfants et adolescents jusqu\u2019\u00e0 20 ans n\u00e9cessitant un soutien dans leur d\u00e9veloppement ou une r\u00e9habilitation sp\u00e9cialis\u00e9e.\" \/>\n<meta property=\"og:url\" content=\"https:\/\/centreqap.irenepenrose.com\/de\/\" \/>\n<meta property=\"og:site_name\" content=\"centre qap\" \/>\n<meta property=\"article:modified_time\" content=\"2021-10-12T08:35:49+00:00\" \/>\n<meta property=\"og:image\" content=\"https:\/\/centreqap.irenepenrose.com\/wp-content\/uploads\/2020\/11\/centre-qap_homepage-objectif-scaled.jpg\" \/>\n\t<meta property=\"og:image:width\" content=\"2560\" \/>\n\t<meta property=\"og:image:height\" content=\"1709\" \/>\n\t<meta property=\"og:image:type\" content=\"image\/jpeg\" \/>\n<meta name=\"twitter:card\" content=\"summary_large_image\" \/>\n<meta name=\"twitter:label1\" content=\"Gesch\u00e4tzte Lesezeit\" \/>\n\t<meta name=\"twitter:data1\" content=\"5\u00a0Minuten\" \/>\n<script type=\"application\/ld+json\" class=\"yoast-schema-graph\">{\"@context\":\"https:\/\/schema.org\",\"@graph\":[{\"@type\":\"WebPage\",\"@id\":\"https:\/\/centreqap.irenepenrose.com\/de\/\",\"url\":\"https:\/\/centreqap.irenepenrose.com\/de\/\",\"name\":\"Home | centre qap : R\u00e9habilitation p\u00e9diatrique\",\"isPartOf\":{\"@id\":\"https:\/\/centreqap.irenepenrose.com\/de\/#website\"},\"datePublished\":\"2020-12-15T12:59:44+00:00\",\"dateModified\":\"2021-10-12T08:35:49+00:00\",\"description\":\"Le centre qap propose une prise en charge th\u00e9rapeutique personnalis\u00e9e et cibl\u00e9e pour des b\u00e9b\u00e9s, enfants et adolescents jusqu\u2019\u00e0 20 ans n\u00e9cessitant un soutien dans leur d\u00e9veloppement ou une r\u00e9habilitation sp\u00e9cialis\u00e9e.\",\"breadcrumb\":{\"@id\":\"https:\/\/centreqap.irenepenrose.com\/de\/#breadcrumb\"},\"inLanguage\":\"de\",\"potentialAction\":[{\"@type\":\"ReadAction\",\"target\":[\"https:\/\/centreqap.irenepenrose.com\/de\/\"]}]},{\"@type\":\"BreadcrumbList\",\"@id\":\"https:\/\/centreqap.irenepenrose.com\/de\/#breadcrumb\",\"itemListElement\":[{\"@type\":\"ListItem\",\"position\":1,\"name\":\"Accueil\",\"item\":\"https:\/\/centreqap.irenepenrose.com\/de\/\"},{\"@type\":\"ListItem\",\"position\":2,\"name\":\"Home\"}]},{\"@type\":\"WebSite\",\"@id\":\"https:\/\/centreqap.irenepenrose.com\/de\/#website\",\"url\":\"https:\/\/centreqap.irenepenrose.com\/de\/\",\"name\":\"centre qap\",\"description\":\"R\u00e9habilitation p\u00e9diatrique\",\"publisher\":{\"@id\":\"https:\/\/centreqap.irenepenrose.com\/de\/#organization\"},\"potentialAction\":[{\"@type\":\"SearchAction\",\"target\":{\"@type\":\"EntryPoint\",\"urlTemplate\":\"https:\/\/centreqap.irenepenrose.com\/de\/?s={search_term_string}\"},\"query-input\":{\"@type\":\"PropertyValueSpecification\",\"valueRequired\":true,\"valueName\":\"search_term_string\"}}],\"inLanguage\":\"de\"},{\"@type\":\"Organization\",\"@id\":\"https:\/\/centreqap.irenepenrose.com\/de\/#organization\",\"name\":\"Centre qap\",\"url\":\"https:\/\/centreqap.irenepenrose.com\/de\/\",\"logo\":{\"@type\":\"ImageObject\",\"inLanguage\":\"de\",\"@id\":\"https:\/\/centreqap.irenepenrose.com\/de\/#\/schema\/logo\/image\/\",\"url\":\"https:\/\/centreqap.irenepenrose.com\/wp-content\/uploads\/2020\/05\/centre_qap_rehabilitation_pediatrique.png\",\"contentUrl\":\"https:\/\/centreqap.irenepenrose.com\/wp-content\/uploads\/2020\/05\/centre_qap_rehabilitation_pediatrique.png\",\"width\":1000,\"height\":1000,\"caption\":\"Centre qap\"},\"image\":{\"@id\":\"https:\/\/centreqap.irenepenrose.com\/de\/#\/schema\/logo\/image\/\"}}]}<\/script>\n<!-- \/ Yoast SEO plugin. -->","yoast_head_json":{"title":"Home | centre qap : R\u00e9habilitation p\u00e9diatrique","description":"Le centre qap propose une prise en charge th\u00e9rapeutique personnalis\u00e9e et cibl\u00e9e pour des b\u00e9b\u00e9s, enfants et adolescents jusqu\u2019\u00e0 20 ans n\u00e9cessitant un soutien dans leur d\u00e9veloppement ou une r\u00e9habilitation sp\u00e9cialis\u00e9e.","robots":{"index":"index","follow":"follow","max-snippet":"max-snippet:-1","max-image-preview":"max-image-preview:large","max-video-preview":"max-video-preview:-1"},"canonical":"https:\/\/centreqap.irenepenrose.com\/de\/","og_locale":"de_DE","og_type":"article","og_title":"Home | centre qap : R\u00e9habilitation p\u00e9diatrique","og_description":"Le centre qap propose une prise en charge th\u00e9rapeutique personnalis\u00e9e et cibl\u00e9e pour des b\u00e9b\u00e9s, enfants et adolescents jusqu\u2019\u00e0 20 ans n\u00e9cessitant un soutien dans leur d\u00e9veloppement ou une r\u00e9habilitation sp\u00e9cialis\u00e9e.","og_url":"https:\/\/centreqap.irenepenrose.com\/de\/","og_site_name":"centre qap","article_modified_time":"2021-10-12T08:35:49+00:00","og_image":[{"width":2560,"height":1709,"url":"https:\/\/centreqap.irenepenrose.com\/wp-content\/uploads\/2020\/11\/centre-qap_homepage-objectif-scaled.jpg","type":"image\/jpeg"}],"twitter_card":"summary_large_image","twitter_misc":{"Gesch\u00e4tzte Lesezeit":"5\u00a0Minuten"},"schema":{"@context":"https:\/\/schema.org","@graph":[{"@type":"WebPage","@id":"https:\/\/centreqap.irenepenrose.com\/de\/","url":"https:\/\/centreqap.irenepenrose.com\/de\/","name":"Home | centre qap : R\u00e9habilitation p\u00e9diatrique","isPartOf":{"@id":"https:\/\/centreqap.irenepenrose.com\/de\/#website"},"datePublished":"2020-12-15T12:59:44+00:00","dateModified":"2021-10-12T08:35:49+00:00","description":"Le centre qap propose une prise en charge th\u00e9rapeutique personnalis\u00e9e et cibl\u00e9e pour des b\u00e9b\u00e9s, enfants et adolescents jusqu\u2019\u00e0 20 ans n\u00e9cessitant un soutien dans leur d\u00e9veloppement ou une r\u00e9habilitation sp\u00e9cialis\u00e9e.","breadcrumb":{"@id":"https:\/\/centreqap.irenepenrose.com\/de\/#breadcrumb"},"inLanguage":"de","potentialAction":[{"@type":"ReadAction","target":["https:\/\/centreqap.irenepenrose.com\/de\/"]}]},{"@type":"BreadcrumbList","@id":"https:\/\/centreqap.irenepenrose.com\/de\/#breadcrumb","itemListElement":[{"@type":"ListItem","position":1,"name":"Accueil","item":"https:\/\/centreqap.irenepenrose.com\/de\/"},{"@type":"ListItem","position":2,"name":"Home"}]},{"@type":"WebSite","@id":"https:\/\/centreqap.irenepenrose.com\/de\/#website","url":"https:\/\/centreqap.irenepenrose.com\/de\/","name":"centre qap","description":"R\u00e9habilitation p\u00e9diatrique","publisher":{"@id":"https:\/\/centreqap.irenepenrose.com\/de\/#organization"},"potentialAction":[{"@type":"SearchAction","target":{"@type":"EntryPoint","urlTemplate":"https:\/\/centreqap.irenepenrose.com\/de\/?s={search_term_string}"},"query-input":{"@type":"PropertyValueSpecification","valueRequired":true,"valueName":"search_term_string"}}],"inLanguage":"de"},{"@type":"Organization","@id":"https:\/\/centreqap.irenepenrose.com\/de\/#organization","name":"Centre qap","url":"https:\/\/centreqap.irenepenrose.com\/de\/","logo":{"@type":"ImageObject","inLanguage":"de","@id":"https:\/\/centreqap.irenepenrose.com\/de\/#\/schema\/logo\/image\/","url":"https:\/\/centreqap.irenepenrose.com\/wp-content\/uploads\/2020\/05\/centre_qap_rehabilitation_pediatrique.png","contentUrl":"https:\/\/centreqap.irenepenrose.com\/wp-content\/uploads\/2020\/05\/centre_qap_rehabilitation_pediatrique.png","width":1000,"height":1000,"caption":"Centre qap"},"image":{"@id":"https:\/\/centreqap.irenepenrose.com\/de\/#\/schema\/logo\/image\/"}}]}},"_links":{"self":[{"href":"https:\/\/centreqap.irenepenrose.com\/de\/wp-json\/wp\/v2\/pages\/29688","targetHints":{"allow":["GET"]}}],"collection":[{"href":"https:\/\/centreqap.irenepenrose.com\/de\/wp-json\/wp\/v2\/pages"}],"about":[{"href":"https:\/\/centreqap.irenepenrose.com\/de\/wp-json\/wp\/v2\/types\/page"}],"author":[{"embeddable":true,"href":"https:\/\/centreqap.irenepenrose.com\/de\/wp-json\/wp\/v2\/users\/1"}],"replies":[{"embeddable":true,"href":"https:\/\/centreqap.irenepenrose.com\/de\/wp-json\/wp\/v2\/comments?post=29688"}],"version-history":[{"count":5,"href":"https:\/\/centreqap.irenepenrose.com\/de\/wp-json\/wp\/v2\/pages\/29688\/revisions"}],"predecessor-version":[{"id":30381,"href":"https:\/\/centreqap.irenepenrose.com\/de\/wp-json\/wp\/v2\/pages\/29688\/revisions\/30381"}],"wp:attachment":[{"href":"https:\/\/centreqap.irenepenrose.com\/de\/wp-json\/wp\/v2\/media?parent=29688"}],"curies":[{"name":"wp","href":"https:\/\/api.w.org\/{rel}","templated":true}]}}