{"id":29913,"date":"2020-12-08T14:32:22","date_gmt":"2020-12-08T13:32:22","guid":{"rendered":"https:\/\/centreqap.ch\/intervenants-exterieurs\/"},"modified":"2025-04-14T10:19:51","modified_gmt":"2025-04-14T08:19:51","slug":"intervenants-exterieurs","status":"publish","type":"page","link":"https:\/\/centreqap.irenepenrose.com\/de\/intervenants-exterieurs\/","title":{"rendered":"Intervenants"},"content":{"rendered":"<p>[vc_row row_content_width=&#8220;grid&#8220; css=&#8220;.vc_custom_1527243481147{padding-top: 100px !important;padding-bottom: 100px !important;}&#8220; simple_background_color=&#8220;#f6f6f6&#8243;][vc_column]<div class=\"qodef-team-list-holder qodef-grid-list qodef-disable-bottom-space qodef-four-columns qodef-normal-space\">\n\t<div class=\"qodef-tl-inner qodef-outer-space \" data-number-of-columns=\"four\" data-enable-navigation=\"no\" data-enable-pagination=\"no\">\n\t\t<div class=\"qodef-team qodef-item-space info-bellow\">\n\t<div class=\"qodef-team-inner\" >\n\t\t\t\t\t<div class=\"qodef-team-image\">\n                <a itemprop=\"url\" href=\"https:\/\/centreqap.irenepenrose.com\/de\/team-member\/sophie-singh\/\">\n                    <img loading=\"lazy\" decoding=\"async\" width=\"2560\" height=\"1709\" src=\"https:\/\/centreqap.irenepenrose.com\/wp-content\/uploads\/2020\/11\/centre-qap-SOPHIE-SINGH.jpg\" class=\"attachment-full size-full wp-post-image\" alt=\"\" srcset=\"https:\/\/centreqap.irenepenrose.com\/wp-content\/uploads\/2020\/11\/centre-qap-SOPHIE-SINGH.jpg 2560w, https:\/\/centreqap.irenepenrose.com\/wp-content\/uploads\/2020\/11\/centre-qap-SOPHIE-SINGH-300x200.jpg 300w, https:\/\/centreqap.irenepenrose.com\/wp-content\/uploads\/2020\/11\/centre-qap-SOPHIE-SINGH-1024x684.jpg 1024w, https:\/\/centreqap.irenepenrose.com\/wp-content\/uploads\/2020\/11\/centre-qap-SOPHIE-SINGH-768x513.jpg 768w, https:\/\/centreqap.irenepenrose.com\/wp-content\/uploads\/2020\/11\/centre-qap-SOPHIE-SINGH-1536x1025.jpg 1536w\" sizes=\"auto, (max-width: 2560px) 100vw, 2560px\" \/>                <\/a>\n\t\t\t<\/div>\n\t\t\t\t<div class=\"qodef-team-info\">\n            <div class=\"qodef-team-title-holder\">\n                <h5 itemprop=\"name\" class=\"qodef-team-name entry-title\">\n                    <a itemprop=\"url\" href=\"https:\/\/centreqap.irenepenrose.com\/de\/team-member\/sophie-singh\/\">Sophie Singh<\/a>\n                <\/h5>\n\n                            <\/div>\n\t\t\t\t\t\t\t<div class=\"qodef-team-text\">\n\t\t\t\t\t<div class=\"qodef-team-text-inner\">\n\t\t\t\t\t\t<div class=\"qodef-team-description\">\n\t\t\t\t\t\t\t<p itemprop=\"description\" class=\"qodef-team-excerpt\">[vc_row css=&#8220;.vc_custom_1526376743873{padding-bottom: 13px !important;}&#8220;][vc_column css=&#8220;.vc_custom_1526376905998{margin-top: -30px !important;}&#8220;][vc_column_text] Therapeutin Tomatis-Methode [\/vc_column_text][vc_empty_space height=&#8220;10px&#8220;][vc_column_text] Sprache ist meine Leidenschaft. Deshalb arbeite ich seit vielen Jahren als Lehrkraft und als Sonderp\u00e4dagogin mit Kindern, Jugendlichen und Erwachsenen mit Beeintr\u00e4chtigungen. Nach einem Abschluss in Kommunikation an der [&hellip;]<\/p>\n\t\t\t\t\t\t<\/div>\n\t\t\t\t\t<\/div>\n\t\t\t\t<\/div>\n\t\t\t\t\t\t<div class=\"qodef-team-social-holder-between\">\n\t\t\t\t<div class=\"qodef-team-social\">\n\t\t\t\t\t<div class=\"qodef-team-social-inner\">\n\t\t\t\t\t\t<div class=\"qodef-team-social-wrapp\">\n\t\t\t\t\t\t\t\t\t\t\t\t\t<\/div>\n\t\t\t\t\t<\/div>\n\t\t\t\t<\/div>\n\t\t\t<\/div>\n\t\t<\/div>\n\t<\/div>\n<\/div><div class=\"qodef-team qodef-item-space info-bellow\">\n\t<div class=\"qodef-team-inner\" >\n\t\t\t\t\t<div class=\"qodef-team-image\">\n                <a itemprop=\"url\" href=\"https:\/\/centreqap.irenepenrose.com\/de\/team-member\/corinna-gerber\/\">\n                    <img loading=\"lazy\" decoding=\"async\" width=\"2560\" height=\"1709\" src=\"https:\/\/centreqap.irenepenrose.com\/wp-content\/uploads\/2020\/11\/centre-qap-noprofilpic.jpg\" class=\"attachment-full size-full wp-post-image\" alt=\"\" srcset=\"https:\/\/centreqap.irenepenrose.com\/wp-content\/uploads\/2020\/11\/centre-qap-noprofilpic.jpg 2560w, https:\/\/centreqap.irenepenrose.com\/wp-content\/uploads\/2020\/11\/centre-qap-noprofilpic-300x200.jpg 300w, https:\/\/centreqap.irenepenrose.com\/wp-content\/uploads\/2020\/11\/centre-qap-noprofilpic-1024x684.jpg 1024w, https:\/\/centreqap.irenepenrose.com\/wp-content\/uploads\/2020\/11\/centre-qap-noprofilpic-768x513.jpg 768w, https:\/\/centreqap.irenepenrose.com\/wp-content\/uploads\/2020\/11\/centre-qap-noprofilpic-1536x1025.jpg 1536w\" sizes=\"auto, (max-width: 2560px) 100vw, 2560px\" \/>                <\/a>\n\t\t\t<\/div>\n\t\t\t\t<div class=\"qodef-team-info\">\n            <div class=\"qodef-team-title-holder\">\n                <h5 itemprop=\"name\" class=\"qodef-team-name entry-title\">\n                    <a itemprop=\"url\" href=\"https:\/\/centreqap.irenepenrose.com\/de\/team-member\/corinna-gerber\/\">Corinna Gerber<\/a>\n                <\/h5>\n\n                            <\/div>\n\t\t\t\t\t\t\t<div class=\"qodef-team-text\">\n\t\t\t\t\t<div class=\"qodef-team-text-inner\">\n\t\t\t\t\t\t<div class=\"qodef-team-description\">\n\t\t\t\t\t\t\t<p itemprop=\"description\" class=\"qodef-team-excerpt\">[vc_row css=&#8220;.vc_custom_1526376743873{padding-bottom: 13px !important;}&#8220;][vc_column css=&#8220;.vc_custom_1526376905998{margin-top: -30px !important;}&#8220;][vc_column_text] Beraterin f\u00fcr neue Technologien PhD in Gesundheitswissenschaften und Technologie (ETHZ) [\/vc_column_text][vc_empty_space height=&#8220;10px&#8220;][vc_column_text] Geboren und aufgewachsen bin ich in Z\u00fcrich. 2012 erwarb ich dort an der Eidgen\u00f6ssischen Technischen Hochschule Z\u00fcrich (ETHZ) den Master in [&hellip;]<\/p>\n\t\t\t\t\t\t<\/div>\n\t\t\t\t\t<\/div>\n\t\t\t\t<\/div>\n\t\t\t\t\t\t<div class=\"qodef-team-social-holder-between\">\n\t\t\t\t<div class=\"qodef-team-social\">\n\t\t\t\t\t<div class=\"qodef-team-social-inner\">\n\t\t\t\t\t\t<div class=\"qodef-team-social-wrapp\">\n\t\t\t\t\t\t\t\t\t\t\t\t\t<\/div>\n\t\t\t\t\t<\/div>\n\t\t\t\t<\/div>\n\t\t\t<\/div>\n\t\t<\/div>\n\t<\/div>\n<\/div><div class=\"qodef-team qodef-item-space info-bellow\">\n\t<div class=\"qodef-team-inner\" >\n\t\t\t\t\t<div class=\"qodef-team-image\">\n                <a itemprop=\"url\" href=\"https:\/\/centreqap.irenepenrose.com\/de\/team-member\/pascal-aeby-2\/\">\n                    <img loading=\"lazy\" decoding=\"async\" width=\"2560\" height=\"1709\" src=\"https:\/\/centreqap.irenepenrose.com\/wp-content\/uploads\/2020\/12\/centre-qap-pascal-aeby.jpg\" class=\"attachment-full size-full wp-post-image\" alt=\"\" srcset=\"https:\/\/centreqap.irenepenrose.com\/wp-content\/uploads\/2020\/12\/centre-qap-pascal-aeby.jpg 2560w, https:\/\/centreqap.irenepenrose.com\/wp-content\/uploads\/2020\/12\/centre-qap-pascal-aeby-300x200.jpg 300w, https:\/\/centreqap.irenepenrose.com\/wp-content\/uploads\/2020\/12\/centre-qap-pascal-aeby-1024x684.jpg 1024w, https:\/\/centreqap.irenepenrose.com\/wp-content\/uploads\/2020\/12\/centre-qap-pascal-aeby-768x513.jpg 768w, https:\/\/centreqap.irenepenrose.com\/wp-content\/uploads\/2020\/12\/centre-qap-pascal-aeby-1536x1025.jpg 1536w\" sizes=\"auto, (max-width: 2560px) 100vw, 2560px\" \/>                <\/a>\n\t\t\t<\/div>\n\t\t\t\t<div class=\"qodef-team-info\">\n            <div class=\"qodef-team-title-holder\">\n                <h5 itemprop=\"name\" class=\"qodef-team-name entry-title\">\n                    <a itemprop=\"url\" href=\"https:\/\/centreqap.irenepenrose.com\/de\/team-member\/pascal-aeby-2\/\">Pascal Aeby<\/a>\n                <\/h5>\n\n                            <\/div>\n\t\t\t\t\t\t\t<div class=\"qodef-team-text\">\n\t\t\t\t\t<div class=\"qodef-team-text-inner\">\n\t\t\t\t\t\t<div class=\"qodef-team-description\">\n\t\t\t\t\t\t\t<p itemprop=\"description\" class=\"qodef-team-excerpt\">[vc_row css=&#8220;.vc_custom_1526376743873{padding-bottom: 13px !important;}&#8220;][vc_column css=&#8220;.vc_custom_1526376905998{margin-top: -30px !important;}&#8220;][vc_column_text] Rechtsbeistand Dem Verein Lokhos bin ich als Rechtsbeistand beigetreten und weil mir das Thema sehr am Herzen liegt. Ich biete meine Dienste gerne denjenigen Eltern an, die Schwierigkeiten haben, den Anspruch ihrer Kinder [&hellip;]<\/p>\n\t\t\t\t\t\t<\/div>\n\t\t\t\t\t<\/div>\n\t\t\t\t<\/div>\n\t\t\t\t\t\t<div class=\"qodef-team-social-holder-between\">\n\t\t\t\t<div class=\"qodef-team-social\">\n\t\t\t\t\t<div class=\"qodef-team-social-inner\">\n\t\t\t\t\t\t<div class=\"qodef-team-social-wrapp\">\n\t\t\t\t\t\t\t\t\t\t\t\t\t<\/div>\n\t\t\t\t\t<\/div>\n\t\t\t\t<\/div>\n\t\t\t<\/div>\n\t\t<\/div>\n\t<\/div>\n<\/div>\t<\/div>\n<\/div>[\/vc_column][\/vc_row]<\/p>\n","protected":false},"excerpt":{"rendered":"<p>[vc_row row_content_width=&#8220;grid&#8220; css=&#8220;.vc_custom_1527243481147{padding-top: 100px !important;padding-bottom: 100px !important;}&#8220; simple_background_color=&#8220;#f6f6f6&#8243;][vc_column][\/vc_column][\/vc_row]<\/p>\n","protected":false},"author":1,"featured_media":0,"parent":0,"menu_order":0,"comment_status":"closed","ping_status":"closed","template":"full-width.php","meta":{"footnotes":""},"class_list":["post-29913","page","type-page","status-publish","hentry"],"yoast_head":"<!-- This site is optimized with the Yoast SEO plugin v25.0 - https:\/\/yoast.com\/wordpress\/plugins\/seo\/ -->\n<title>Intervenants | centre qap<\/title>\n<meta name=\"robots\" content=\"index, follow, max-snippet:-1, max-image-preview:large, max-video-preview:-1\" \/>\n<link rel=\"canonical\" href=\"https:\/\/centreqap.irenepenrose.com\/de\/intervenants-exterieurs\/\" \/>\n<meta property=\"og:locale\" content=\"de_DE\" \/>\n<meta property=\"og:type\" content=\"article\" \/>\n<meta property=\"og:title\" content=\"Intervenants | centre qap\" \/>\n<meta property=\"og:description\" content=\"[vc_row row_content_width=&#8220;grid&#8220; css=&#8220;.vc_custom_1527243481147{padding-top: 100px !important;padding-bottom: 100px !important;}&#8220; simple_background_color=&#8220;#f6f6f6&#8243;][vc_column][\/vc_column][\/vc_row]\" \/>\n<meta property=\"og:url\" content=\"https:\/\/centreqap.irenepenrose.com\/de\/intervenants-exterieurs\/\" \/>\n<meta property=\"og:site_name\" content=\"centre qap\" \/>\n<meta property=\"article:modified_time\" content=\"2025-04-14T08:19:51+00:00\" \/>\n<meta property=\"og:image\" content=\"https:\/\/centreqap.irenepenrose.com\/wp-content\/uploads\/2020\/11\/centre-qap_homepage-objectif-scaled.jpg\" \/>\n\t<meta property=\"og:image:width\" content=\"2560\" \/>\n\t<meta property=\"og:image:height\" content=\"1709\" \/>\n\t<meta property=\"og:image:type\" content=\"image\/jpeg\" \/>\n<meta name=\"twitter:card\" content=\"summary_large_image\" \/>\n<script type=\"application\/ld+json\" class=\"yoast-schema-graph\">{\"@context\":\"https:\/\/schema.org\",\"@graph\":[{\"@type\":\"WebPage\",\"@id\":\"https:\/\/centreqap.irenepenrose.com\/de\/intervenants-exterieurs\/\",\"url\":\"https:\/\/centreqap.irenepenrose.com\/de\/intervenants-exterieurs\/\",\"name\":\"Intervenants | centre qap\",\"isPartOf\":{\"@id\":\"https:\/\/centreqap.irenepenrose.com\/de\/#website\"},\"datePublished\":\"2020-12-08T13:32:22+00:00\",\"dateModified\":\"2025-04-14T08:19:51+00:00\",\"breadcrumb\":{\"@id\":\"https:\/\/centreqap.irenepenrose.com\/de\/intervenants-exterieurs\/#breadcrumb\"},\"inLanguage\":\"de\",\"potentialAction\":[{\"@type\":\"ReadAction\",\"target\":[\"https:\/\/centreqap.irenepenrose.com\/de\/intervenants-exterieurs\/\"]}]},{\"@type\":\"BreadcrumbList\",\"@id\":\"https:\/\/centreqap.irenepenrose.com\/de\/intervenants-exterieurs\/#breadcrumb\",\"itemListElement\":[{\"@type\":\"ListItem\",\"position\":1,\"name\":\"Accueil\",\"item\":\"https:\/\/centreqap.irenepenrose.com\/de\/\"},{\"@type\":\"ListItem\",\"position\":2,\"name\":\"Intervenants\"}]},{\"@type\":\"WebSite\",\"@id\":\"https:\/\/centreqap.irenepenrose.com\/de\/#website\",\"url\":\"https:\/\/centreqap.irenepenrose.com\/de\/\",\"name\":\"centre qap\",\"description\":\"R\u00e9habilitation p\u00e9diatrique\",\"publisher\":{\"@id\":\"https:\/\/centreqap.irenepenrose.com\/de\/#organization\"},\"potentialAction\":[{\"@type\":\"SearchAction\",\"target\":{\"@type\":\"EntryPoint\",\"urlTemplate\":\"https:\/\/centreqap.irenepenrose.com\/de\/?s={search_term_string}\"},\"query-input\":{\"@type\":\"PropertyValueSpecification\",\"valueRequired\":true,\"valueName\":\"search_term_string\"}}],\"inLanguage\":\"de\"},{\"@type\":\"Organization\",\"@id\":\"https:\/\/centreqap.irenepenrose.com\/de\/#organization\",\"name\":\"Centre qap\",\"url\":\"https:\/\/centreqap.irenepenrose.com\/de\/\",\"logo\":{\"@type\":\"ImageObject\",\"inLanguage\":\"de\",\"@id\":\"https:\/\/centreqap.irenepenrose.com\/de\/#\/schema\/logo\/image\/\",\"url\":\"https:\/\/centreqap.irenepenrose.com\/wp-content\/uploads\/2020\/05\/centre_qap_rehabilitation_pediatrique.png\",\"contentUrl\":\"https:\/\/centreqap.irenepenrose.com\/wp-content\/uploads\/2020\/05\/centre_qap_rehabilitation_pediatrique.png\",\"width\":1000,\"height\":1000,\"caption\":\"Centre qap\"},\"image\":{\"@id\":\"https:\/\/centreqap.irenepenrose.com\/de\/#\/schema\/logo\/image\/\"}}]}<\/script>\n<!-- \/ Yoast SEO plugin. -->","yoast_head_json":{"title":"Intervenants | centre qap","robots":{"index":"index","follow":"follow","max-snippet":"max-snippet:-1","max-image-preview":"max-image-preview:large","max-video-preview":"max-video-preview:-1"},"canonical":"https:\/\/centreqap.irenepenrose.com\/de\/intervenants-exterieurs\/","og_locale":"de_DE","og_type":"article","og_title":"Intervenants | centre qap","og_description":"[vc_row row_content_width=&#8220;grid&#8220; css=&#8220;.vc_custom_1527243481147{padding-top: 100px !important;padding-bottom: 100px !important;}&#8220; simple_background_color=&#8220;#f6f6f6&#8243;][vc_column][\/vc_column][\/vc_row]","og_url":"https:\/\/centreqap.irenepenrose.com\/de\/intervenants-exterieurs\/","og_site_name":"centre qap","article_modified_time":"2025-04-14T08:19:51+00:00","og_image":[{"width":2560,"height":1709,"url":"https:\/\/centreqap.irenepenrose.com\/wp-content\/uploads\/2020\/11\/centre-qap_homepage-objectif-scaled.jpg","type":"image\/jpeg"}],"twitter_card":"summary_large_image","schema":{"@context":"https:\/\/schema.org","@graph":[{"@type":"WebPage","@id":"https:\/\/centreqap.irenepenrose.com\/de\/intervenants-exterieurs\/","url":"https:\/\/centreqap.irenepenrose.com\/de\/intervenants-exterieurs\/","name":"Intervenants | centre qap","isPartOf":{"@id":"https:\/\/centreqap.irenepenrose.com\/de\/#website"},"datePublished":"2020-12-08T13:32:22+00:00","dateModified":"2025-04-14T08:19:51+00:00","breadcrumb":{"@id":"https:\/\/centreqap.irenepenrose.com\/de\/intervenants-exterieurs\/#breadcrumb"},"inLanguage":"de","potentialAction":[{"@type":"ReadAction","target":["https:\/\/centreqap.irenepenrose.com\/de\/intervenants-exterieurs\/"]}]},{"@type":"BreadcrumbList","@id":"https:\/\/centreqap.irenepenrose.com\/de\/intervenants-exterieurs\/#breadcrumb","itemListElement":[{"@type":"ListItem","position":1,"name":"Accueil","item":"https:\/\/centreqap.irenepenrose.com\/de\/"},{"@type":"ListItem","position":2,"name":"Intervenants"}]},{"@type":"WebSite","@id":"https:\/\/centreqap.irenepenrose.com\/de\/#website","url":"https:\/\/centreqap.irenepenrose.com\/de\/","name":"centre qap","description":"R\u00e9habilitation p\u00e9diatrique","publisher":{"@id":"https:\/\/centreqap.irenepenrose.com\/de\/#organization"},"potentialAction":[{"@type":"SearchAction","target":{"@type":"EntryPoint","urlTemplate":"https:\/\/centreqap.irenepenrose.com\/de\/?s={search_term_string}"},"query-input":{"@type":"PropertyValueSpecification","valueRequired":true,"valueName":"search_term_string"}}],"inLanguage":"de"},{"@type":"Organization","@id":"https:\/\/centreqap.irenepenrose.com\/de\/#organization","name":"Centre qap","url":"https:\/\/centreqap.irenepenrose.com\/de\/","logo":{"@type":"ImageObject","inLanguage":"de","@id":"https:\/\/centreqap.irenepenrose.com\/de\/#\/schema\/logo\/image\/","url":"https:\/\/centreqap.irenepenrose.com\/wp-content\/uploads\/2020\/05\/centre_qap_rehabilitation_pediatrique.png","contentUrl":"https:\/\/centreqap.irenepenrose.com\/wp-content\/uploads\/2020\/05\/centre_qap_rehabilitation_pediatrique.png","width":1000,"height":1000,"caption":"Centre qap"},"image":{"@id":"https:\/\/centreqap.irenepenrose.com\/de\/#\/schema\/logo\/image\/"}}]}},"_links":{"self":[{"href":"https:\/\/centreqap.irenepenrose.com\/de\/wp-json\/wp\/v2\/pages\/29913","targetHints":{"allow":["GET"]}}],"collection":[{"href":"https:\/\/centreqap.irenepenrose.com\/de\/wp-json\/wp\/v2\/pages"}],"about":[{"href":"https:\/\/centreqap.irenepenrose.com\/de\/wp-json\/wp\/v2\/types\/page"}],"author":[{"embeddable":true,"href":"https:\/\/centreqap.irenepenrose.com\/de\/wp-json\/wp\/v2\/users\/1"}],"replies":[{"embeddable":true,"href":"https:\/\/centreqap.irenepenrose.com\/de\/wp-json\/wp\/v2\/comments?post=29913"}],"version-history":[{"count":5,"href":"https:\/\/centreqap.irenepenrose.com\/de\/wp-json\/wp\/v2\/pages\/29913\/revisions"}],"predecessor-version":[{"id":30591,"href":"https:\/\/centreqap.irenepenrose.com\/de\/wp-json\/wp\/v2\/pages\/29913\/revisions\/30591"}],"wp:attachment":[{"href":"https:\/\/centreqap.irenepenrose.com\/de\/wp-json\/wp\/v2\/media?parent=29913"}],"curies":[{"name":"wp","href":"https:\/\/api.w.org\/{rel}","templated":true}]}}