{"id":30103,"date":"2018-05-25T10:16:02","date_gmt":"2018-05-25T08:16:02","guid":{"rendered":"https:\/\/centreqap.ch\/nos-therapies\/"},"modified":"2021-10-12T10:31:07","modified_gmt":"2021-10-12T08:31:07","slug":"unsere-therapien","status":"publish","type":"page","link":"https:\/\/centreqap.irenepenrose.com\/de\/unsere-therapien\/","title":{"rendered":"Unsere Therapien"},"content":{"rendered":"<p>[vc_row row_content_width=&#8220;grid&#8220; css=&#8220;.vc_custom_1607364112685{padding-top: 100px !important;}&#8220; simple_background_color=&#8220;#f6f6f6&#8243;][vc_column]<div class=\"qodef-section-title-holder   qodef-st-animation \" >\n\t<div class=\"qodef-st-inner\">\n\t\t\t\t\t<h3 class=\"qodef-st-title\" >\n\t\t\t\tWas wir anbieten\t\t\t<\/h3>\n\t\t\t\t<span class=\"qodef-st-separator\"><\/span>\n\t\t\t\t\t<\/div>\n<\/div>[\/vc_column][\/vc_row][vc_row row_content_width=&#8220;grid&#8220; css=&#8220;.vc_custom_1607364146058{padding-top: 40px !important;padding-bottom: 50px !important;}&#8220; simple_background_color=&#8220;#f6f6f6&#8243;][vc_column width=&#8220;1\/2&#8243;][vc_column_text]Das Centre qap bietet multidisziplin\u00e4re, konventionelle und innovative Behandlungen.<br \/>\nAlle Therapien, ob regul\u00e4r oder intensiv, sind auf die spezifischen Bed\u00fcrfnisse jedes Kindes abgestimmt.<\/p>\n<ul>\n<li><span style=\"color: #4999db;\"><a style=\"color: #4999db;\" href=\"https:\/\/centreqap.irenepenrose.com\/de\/physiotherapie\/\">Physiotherapie<\/a><\/span><\/li>\n<li><span style=\"color: #4999db;\"><a style=\"color: #4999db;\" href=\"https:\/\/centreqap.irenepenrose.com\/de\/ergotherapie\/\">Ergotherapie<\/a><\/span><\/li>\n<li><span style=\"color: #4999db;\"><a style=\"color: #4999db;\" href=\"https:\/\/centreqap.irenepenrose.com\/de\/lokomat\/\">Lokomat\u00ae &#8211; robotergest\u00fctztes Gangtraining<\/a><\/span><\/li>\n<li><span style=\"color: #4999db;\"><a style=\"color: #4999db;\" href=\"https:\/\/centreqap.irenepenrose.com\/de\/osteopathie\/\">Osteopathie<\/a><\/span><\/li>\n<li><span style=\"color: #4999db;\"><a style=\"color: #4999db;\" href=\"https:\/\/centreqap.irenepenrose.com\/de\/mtt\/\">Medizinische Trainingstherapie (MTT)<\/a><\/span><\/li>\n<li><span style=\"color: #4999db;\"><a style=\"color: #4999db;\" href=\"https:\/\/centreqap.irenepenrose.com\/de\/massagetherapie\/\">Massagetherapie<\/a><\/span><\/li>\n<li><span style=\"color: #4999db;\"><a style=\"color: #4999db;\" href=\"https:\/\/centreqap.irenepenrose.com\/de\/logopaedie\/\">Logop\u00e4die (im Aufbau)<\/a><\/span><\/li>\n<\/ul>\n<p>Dieses vielf\u00e4ltige Therapieangebot erm\u00f6glicht es jedem Kind, eine individuelle und bed\u00fcrfnisgerechte Unterst\u00fctzung zu erhalten.[\/vc_column_text][\/vc_column][vc_column width=&#8220;1\/2&#8243;][vc_column_text]Das Angebot an regul\u00e4ren j\u00e4hrlichen Therapien wird erg\u00e4nzt durch Intensivtherapien.<\/p>\n<p>Dieses Konzept wird bereits in anderen L\u00e4ndern, aber auch bei uns in der Schweiz umgesetzt, und zwar im Rehabilitationszentrum des Universit\u00e4ts-Kinderspitals Z\u00fcrich (Kinder-Reha Schweiz), mit dem wir schon l\u00e4nger zusammenarbeiten.<\/p>\n<p>Das Centre legt Wert darauf, alle aktuell bekannten und wirksamen Therapien anzubieten und zu f\u00f6rdern, gleichzeitig aber auch innovative Therapieans\u00e4tze zu unterst\u00fctzen. Die Liste der angebotenen Therapien ist daher nicht abschliessend, und das Zentrum wird sich st\u00e4ndig weiterentwickeln.<\/p>\n<p>In den Bereichen Ern\u00e4hrung, virtuelle Realit\u00e4t und Bildung arbeitet das Centre auch mit externen Fachpersonen zusammen.[\/vc_column_text][\/vc_column][\/vc_row][vc_row row_content_width=&#8220;grid&#8220; css=&#8220;.vc_custom_1607364088366{padding-top: 50px !important;}&#8220; simple_background_color=&#8220;#f6f6f6&#8243;][vc_column]<div class=\"qodef-section-title-holder   qodef-st-animation \" >\n\t<div class=\"qodef-st-inner\">\n\t\t\t\t\t<h3 class=\"qodef-st-title\" >\n\t\t\t\tWieso Intensivtherapien?\t\t\t<\/h3>\n\t\t\t\t<span class=\"qodef-st-separator\"><\/span>\n\t\t\t\t\t<\/div>\n<\/div>[\/vc_column][\/vc_row][vc_row row_content_width=&#8220;grid&#8220; css=&#8220;.vc_custom_1608253491960{padding-top: 40px !important;padding-bottom: 40px !important;}&#8220; simple_background_color=&#8220;#f6f6f6&#8243;][vc_column width=&#8220;1\/2&#8243;][vc_column_text]Intensivtherapien, die mehrmals pro Jahr durchgef\u00fchrt werden und sich \u00fcber mehrere Wochen erstrecken, erzielen vielversprechende Ergebnisse beim Fortschritt der Kinder.<\/p>\n<p>Zwischen einem Kind mit Beeintr\u00e4chtigungen und einem Spitzensportler gibt es Gemeinsamkeiten:<\/p>\n<p>Beide setzen sich Ziele, die sie innerhalb einer bestimmten Zeit erreichen wollen, und erhoffen sich durch intensives und individuelles Training eine wesentliche Verbesserung ihrer Form und Leistung.[\/vc_column_text][\/vc_column][vc_column width=&#8220;1\/2&#8243;][vc_column_text]Die Kinder bei uns im Centre qap sind kleine Spitzensportler, die Ermutigung, Liebe, Geduld und die richtigen Werkzeuge brauchen, um ihnen bestm\u00f6gliche Aussichten auf Erfolg zu bieten.<\/p>\n<p>Diese kleinen Champions strengen sich genau so hart an wie Spitzensportler, um ihr pers\u00f6nliches Ziel zu erreichen.<\/p>\n<p>Wie bei Sportlern ist es deshalb wichtig, dass auf eine intensive Belastung eine Erholungsphase folgt.[\/vc_column_text][\/vc_column][\/vc_row][vc_row row_content_width=&#8220;grid&#8220; css=&#8220;.vc_custom_1608253475589{padding-bottom: 100px !important;}&#8220; simple_background_color=&#8220;#f6f6f6&#8243;][vc_column width=&#8220;1\/3&#8243;][\/vc_column][vc_column width=&#8220;1\/3&#8243;]<a itemprop=\"url\" href=\"https:\/\/centreqap.irenepenrose.com\/de\/unser-team\/\" target=\"_self\"  class=\"qodef-btn qodef-btn-medium qodef-btn-solid qodef-btn- qodef-btn-custom-hover-bg qodef-hover-animation\" data-hover-item-bg-color=\"#f39e59\" >\n    <span class=\"qodef-btn-text\">Mehr \u00fcber das Team erfahren<\/span>\n    \t\t\t<span class=\"qodef-blob-btn-inner\">\n\t\t\t<span class=\"qodef-blob-btn-blobs\">\n\t\t\t<span class=\"qodef-blob-btn-blob\"><\/span>\n\t\t\t<span class=\"qodef-blob-btn-blob\"><\/span>\n\t\t\t<span class=\"qodef-blob-btn-blob\"><\/span>\n\t\t\t<span class=\"qodef-blob-btn-blob\"><\/span>\n\t\t<\/span>\n    <\/span>\n\t<\/a>[\/vc_column][vc_column width=&#8220;1\/3&#8243;][\/vc_column][\/vc_row][vc_row row_content_width=&#8220;grid&#8220; css=&#8220;.vc_custom_1607363849915{background-color: #f6f6f6 !important;}&#8220; simple_background_color=&#8220;#f6f6f6&#8243;][vc_column width=&#8220;1\/2&#8243;][vc_single_image image=&#8220;30070&#8243; img_size=&#8220;full&#8220;][vc_empty_space]<a itemprop=\"url\" href=\"https:\/\/centreqap.irenepenrose.com\/de\/team-member\/marie-bouchardy\/\" target=\"_self\"  class=\"qodef-btn qodef-btn-medium qodef-btn-solid qodef-btn- qodef-hover-animation\"  >\n    <span class=\"qodef-btn-text\">MARIE BOUCHARDY, PHYSIOTHERAPEUTIN<\/span>\n    \t\t\t<span class=\"qodef-blob-btn-inner\">\n\t\t\t<span class=\"qodef-blob-btn-blobs\">\n\t\t\t<span class=\"qodef-blob-btn-blob\"><\/span>\n\t\t\t<span class=\"qodef-blob-btn-blob\"><\/span>\n\t\t\t<span class=\"qodef-blob-btn-blob\"><\/span>\n\t\t\t<span class=\"qodef-blob-btn-blob\"><\/span>\n\t\t<\/span>\n    <\/span>\n\t<\/a>[\/vc_column][vc_column width=&#8220;1\/2&#8243;][vc_single_image image=&#8220;30071&#8243; img_size=&#8220;full&#8220;][vc_empty_space]<a itemprop=\"url\" href=\"https:\/\/centreqap.irenepenrose.com\/de\/team-member\/adele-mesnil\/\" target=\"_self\"  class=\"qodef-btn qodef-btn-medium qodef-btn-solid qodef-btn- qodef-hover-animation\"  >\n    <span class=\"qodef-btn-text\">AD\u00c8LE MESNIL, PHYSIOTHERAPEUTIN<\/span>\n    \t\t\t<span class=\"qodef-blob-btn-inner\">\n\t\t\t<span class=\"qodef-blob-btn-blobs\">\n\t\t\t<span class=\"qodef-blob-btn-blob\"><\/span>\n\t\t\t<span class=\"qodef-blob-btn-blob\"><\/span>\n\t\t\t<span class=\"qodef-blob-btn-blob\"><\/span>\n\t\t\t<span class=\"qodef-blob-btn-blob\"><\/span>\n\t\t<\/span>\n    <\/span>\n\t<\/a>[\/vc_column][\/vc_row][vc_row row_content_width=&#8220;grid&#8220; css=&#8220;.vc_custom_1607363849915{background-color: #f6f6f6 !important;}&#8220; simple_background_color=&#8220;#f6f6f6&#8243;][vc_column width=&#8220;1\/2&#8243;][vc_single_image image=&#8220;30075&#8243; img_size=&#8220;full&#8220;][vc_empty_space]<a itemprop=\"url\" href=\"https:\/\/centreqap.irenepenrose.com\/de\/team-member\/dominique-scherrer\/\" target=\"_self\"  class=\"qodef-btn qodef-btn-medium qodef-btn-solid qodef-btn- qodef-hover-animation\"  >\n    <span class=\"qodef-btn-text\">DOMINIQUE SCHERRER, PHYSIOTHERAPEUTIN<\/span>\n    \t\t\t<span class=\"qodef-blob-btn-inner\">\n\t\t\t<span class=\"qodef-blob-btn-blobs\">\n\t\t\t<span class=\"qodef-blob-btn-blob\"><\/span>\n\t\t\t<span class=\"qodef-blob-btn-blob\"><\/span>\n\t\t\t<span class=\"qodef-blob-btn-blob\"><\/span>\n\t\t\t<span class=\"qodef-blob-btn-blob\"><\/span>\n\t\t<\/span>\n    <\/span>\n\t<\/a>[\/vc_column][vc_column width=&#8220;1\/2&#8243;][vc_single_image image=&#8220;30076&#8243; img_size=&#8220;full&#8220;][vc_empty_space]<a itemprop=\"url\" href=\"https:\/\/centreqap.irenepenrose.com\/de\/team-member\/annelise-heriteau\/\" target=\"_self\"  class=\"qodef-btn qodef-btn-medium qodef-btn-solid qodef-btn- qodef-hover-animation\"  >\n    <span class=\"qodef-btn-text\">ANNELISE HERITEAU, ERGOTHERAPEUTIN<\/span>\n    \t\t\t<span class=\"qodef-blob-btn-inner\">\n\t\t\t<span class=\"qodef-blob-btn-blobs\">\n\t\t\t<span class=\"qodef-blob-btn-blob\"><\/span>\n\t\t\t<span class=\"qodef-blob-btn-blob\"><\/span>\n\t\t\t<span class=\"qodef-blob-btn-blob\"><\/span>\n\t\t\t<span class=\"qodef-blob-btn-blob\"><\/span>\n\t\t<\/span>\n    <\/span>\n\t<\/a>[\/vc_column][\/vc_row][vc_row row_content_width=&#8220;grid&#8220; css=&#8220;.vc_custom_1608254516119{background-color: #f6f6f6 !important;}&#8220; simple_background_color=&#8220;#f6f6f6&#8243;][vc_column width=&#8220;1\/2&#8243;][vc_single_image image=&#8220;30082&#8243; img_size=&#8220;full&#8220;][vc_empty_space]<a itemprop=\"url\" href=\"https:\/\/centreqap.irenepenrose.com\/de\/team-member\/irene-rosselli\/\" target=\"_self\"  class=\"qodef-btn qodef-btn-medium qodef-btn-solid qodef-btn- qodef-hover-animation\"  >\n    <span class=\"qodef-btn-text\">IRENE ROSSELLI, Bewegungswissenschaftlerin und Lokomat\u00ae-Therapeutin<\/span>\n    \t\t\t<span class=\"qodef-blob-btn-inner\">\n\t\t\t<span class=\"qodef-blob-btn-blobs\">\n\t\t\t<span class=\"qodef-blob-btn-blob\"><\/span>\n\t\t\t<span class=\"qodef-blob-btn-blob\"><\/span>\n\t\t\t<span class=\"qodef-blob-btn-blob\"><\/span>\n\t\t\t<span class=\"qodef-blob-btn-blob\"><\/span>\n\t\t<\/span>\n    <\/span>\n\t<\/a>[\/vc_column][vc_column width=&#8220;1\/2&#8243;][vc_single_image image=&#8220;30079&#8243; img_size=&#8220;full&#8220;][vc_empty_space]<a itemprop=\"url\" href=\"https:\/\/centreqap.irenepenrose.com\/de\/team-member\/laurene-gonindard\/\" target=\"_self\"  class=\"qodef-btn qodef-btn-medium qodef-btn-solid qodef-btn- qodef-hover-animation\"  >\n    <span class=\"qodef-btn-text\">LAUR\u00c8NE GONINDARD, OSTHEOPATIN<\/span>\n    \t\t\t<span class=\"qodef-blob-btn-inner\">\n\t\t\t<span class=\"qodef-blob-btn-blobs\">\n\t\t\t<span class=\"qodef-blob-btn-blob\"><\/span>\n\t\t\t<span class=\"qodef-blob-btn-blob\"><\/span>\n\t\t\t<span class=\"qodef-blob-btn-blob\"><\/span>\n\t\t\t<span class=\"qodef-blob-btn-blob\"><\/span>\n\t\t<\/span>\n    <\/span>\n\t<\/a>[\/vc_column][\/vc_row][vc_row row_content_width=&#8220;grid&#8220; css=&#8220;.vc_custom_1608254471741{background-color: #f6f6f6 !important;}&#8220; simple_background_color=&#8220;#f6f6f6&#8243;][vc_column width=&#8220;1\/2&#8243;][vc_single_image image=&#8220;30080&#8243; img_size=&#8220;full&#8220;][vc_empty_space]<a itemprop=\"url\" href=\"https:\/\/centreqap.irenepenrose.com\/de\/team-member\/vincent-martin\/\" target=\"_self\"  class=\"qodef-btn qodef-btn-medium qodef-btn-solid qodef-btn- qodef-hover-animation\"  >\n    <span class=\"qodef-btn-text\">VINCENT MARTIN, Massagetherapeut<\/span>\n    \t\t\t<span class=\"qodef-blob-btn-inner\">\n\t\t\t<span class=\"qodef-blob-btn-blobs\">\n\t\t\t<span class=\"qodef-blob-btn-blob\"><\/span>\n\t\t\t<span class=\"qodef-blob-btn-blob\"><\/span>\n\t\t\t<span class=\"qodef-blob-btn-blob\"><\/span>\n\t\t\t<span class=\"qodef-blob-btn-blob\"><\/span>\n\t\t<\/span>\n    <\/span>\n\t<\/a>[\/vc_column][vc_column width=&#8220;1\/2&#8243;][\/vc_column][\/vc_row][vc_row row_content_width=&#8220;grid&#8220; css=&#8220;.vc_custom_1608254471741{background-color: #f6f6f6 !important;}&#8220; simple_background_color=&#8220;#f6f6f6&#8243;][vc_column][vc_empty_space][\/vc_column][\/vc_row]<\/p>\n","protected":false},"excerpt":{"rendered":"<p>[vc_row row_content_width=&#8220;grid&#8220; css=&#8220;.vc_custom_1607364112685{padding-top: 100px !important;}&#8220; simple_background_color=&#8220;#f6f6f6&#8243;][vc_column][\/vc_column][\/vc_row][vc_row row_content_width=&#8220;grid&#8220; css=&#8220;.vc_custom_1607364146058{padding-top: 40px !important;padding-bottom: 50px !important;}&#8220; simple_background_color=&#8220;#f6f6f6&#8243;][vc_column width=&#8220;1\/2&#8243;][vc_column_text]Das Centre qap bietet multidisziplin\u00e4re, konventionelle und innovative Behandlungen. Alle Therapien, ob regul\u00e4r oder intensiv, sind auf die spezifischen Bed\u00fcrfnisse jedes Kindes abgestimmt. Physiotherapie Ergotherapie Lokomat\u00ae &#8211; [&hellip;]<\/p>\n","protected":false},"author":1,"featured_media":0,"parent":0,"menu_order":0,"comment_status":"closed","ping_status":"closed","template":"full-width.php","meta":{"footnotes":""},"class_list":["post-30103","page","type-page","status-publish","hentry"],"yoast_head":"<!-- This site is optimized with the Yoast SEO plugin v25.0 - https:\/\/yoast.com\/wordpress\/plugins\/seo\/ -->\n<title>Unsere Therapien | centre qap<\/title>\n<meta name=\"description\" content=\"Le Centre qap propose une prise en charge pluridisciplinaire, conventionnelle et innovante. Chaque th\u00e9rapie, r\u00e9guli\u00e8re ou intensive est adapt\u00e9e aux besoins sp\u00e9cifiques de chaque enfant.\" \/>\n<meta name=\"robots\" content=\"index, follow, max-snippet:-1, max-image-preview:large, max-video-preview:-1\" \/>\n<link rel=\"canonical\" href=\"https:\/\/centreqap.irenepenrose.com\/de\/unsere-therapien\/\" \/>\n<meta property=\"og:locale\" content=\"de_DE\" \/>\n<meta property=\"og:type\" content=\"article\" \/>\n<meta property=\"og:title\" content=\"Unsere Therapien | centre qap\" \/>\n<meta property=\"og:description\" content=\"Le Centre qap propose une prise en charge pluridisciplinaire, conventionnelle et innovante. Chaque th\u00e9rapie, r\u00e9guli\u00e8re ou intensive est adapt\u00e9e aux besoins sp\u00e9cifiques de chaque enfant.\" \/>\n<meta property=\"og:url\" content=\"https:\/\/centreqap.irenepenrose.com\/de\/unsere-therapien\/\" \/>\n<meta property=\"og:site_name\" content=\"centre qap\" \/>\n<meta property=\"article:modified_time\" content=\"2021-10-12T08:31:07+00:00\" \/>\n<meta property=\"og:image\" content=\"https:\/\/centreqap.irenepenrose.com\/wp-content\/uploads\/2020\/11\/centre-qap_homepage-objectif-scaled.jpg\" \/>\n\t<meta property=\"og:image:width\" content=\"2560\" \/>\n\t<meta property=\"og:image:height\" content=\"1709\" \/>\n\t<meta property=\"og:image:type\" content=\"image\/jpeg\" \/>\n<meta name=\"twitter:card\" content=\"summary_large_image\" \/>\n<meta name=\"twitter:label1\" content=\"Gesch\u00e4tzte Lesezeit\" \/>\n\t<meta name=\"twitter:data1\" content=\"5\u00a0Minuten\" \/>\n<script type=\"application\/ld+json\" class=\"yoast-schema-graph\">{\"@context\":\"https:\/\/schema.org\",\"@graph\":[{\"@type\":\"WebPage\",\"@id\":\"https:\/\/centreqap.irenepenrose.com\/de\/unsere-therapien\/\",\"url\":\"https:\/\/centreqap.irenepenrose.com\/de\/unsere-therapien\/\",\"name\":\"Unsere Therapien | centre qap\",\"isPartOf\":{\"@id\":\"https:\/\/centreqap.irenepenrose.com\/de\/#website\"},\"datePublished\":\"2018-05-25T08:16:02+00:00\",\"dateModified\":\"2021-10-12T08:31:07+00:00\",\"description\":\"Le Centre qap propose une prise en charge pluridisciplinaire, conventionnelle et innovante. Chaque th\u00e9rapie, r\u00e9guli\u00e8re ou intensive est adapt\u00e9e aux besoins sp\u00e9cifiques de chaque enfant.\",\"breadcrumb\":{\"@id\":\"https:\/\/centreqap.irenepenrose.com\/de\/unsere-therapien\/#breadcrumb\"},\"inLanguage\":\"de\",\"potentialAction\":[{\"@type\":\"ReadAction\",\"target\":[\"https:\/\/centreqap.irenepenrose.com\/de\/unsere-therapien\/\"]}]},{\"@type\":\"BreadcrumbList\",\"@id\":\"https:\/\/centreqap.irenepenrose.com\/de\/unsere-therapien\/#breadcrumb\",\"itemListElement\":[{\"@type\":\"ListItem\",\"position\":1,\"name\":\"Accueil\",\"item\":\"https:\/\/centreqap.irenepenrose.com\/de\/\"},{\"@type\":\"ListItem\",\"position\":2,\"name\":\"Unsere Therapien\"}]},{\"@type\":\"WebSite\",\"@id\":\"https:\/\/centreqap.irenepenrose.com\/de\/#website\",\"url\":\"https:\/\/centreqap.irenepenrose.com\/de\/\",\"name\":\"centre qap\",\"description\":\"R\u00e9habilitation p\u00e9diatrique\",\"publisher\":{\"@id\":\"https:\/\/centreqap.irenepenrose.com\/de\/#organization\"},\"potentialAction\":[{\"@type\":\"SearchAction\",\"target\":{\"@type\":\"EntryPoint\",\"urlTemplate\":\"https:\/\/centreqap.irenepenrose.com\/de\/?s={search_term_string}\"},\"query-input\":{\"@type\":\"PropertyValueSpecification\",\"valueRequired\":true,\"valueName\":\"search_term_string\"}}],\"inLanguage\":\"de\"},{\"@type\":\"Organization\",\"@id\":\"https:\/\/centreqap.irenepenrose.com\/de\/#organization\",\"name\":\"Centre qap\",\"url\":\"https:\/\/centreqap.irenepenrose.com\/de\/\",\"logo\":{\"@type\":\"ImageObject\",\"inLanguage\":\"de\",\"@id\":\"https:\/\/centreqap.irenepenrose.com\/de\/#\/schema\/logo\/image\/\",\"url\":\"https:\/\/centreqap.irenepenrose.com\/wp-content\/uploads\/2020\/05\/centre_qap_rehabilitation_pediatrique.png\",\"contentUrl\":\"https:\/\/centreqap.irenepenrose.com\/wp-content\/uploads\/2020\/05\/centre_qap_rehabilitation_pediatrique.png\",\"width\":1000,\"height\":1000,\"caption\":\"Centre qap\"},\"image\":{\"@id\":\"https:\/\/centreqap.irenepenrose.com\/de\/#\/schema\/logo\/image\/\"}}]}<\/script>\n<!-- \/ Yoast SEO plugin. -->","yoast_head_json":{"title":"Unsere Therapien | centre qap","description":"Le Centre qap propose une prise en charge pluridisciplinaire, conventionnelle et innovante. Chaque th\u00e9rapie, r\u00e9guli\u00e8re ou intensive est adapt\u00e9e aux besoins sp\u00e9cifiques de chaque enfant.","robots":{"index":"index","follow":"follow","max-snippet":"max-snippet:-1","max-image-preview":"max-image-preview:large","max-video-preview":"max-video-preview:-1"},"canonical":"https:\/\/centreqap.irenepenrose.com\/de\/unsere-therapien\/","og_locale":"de_DE","og_type":"article","og_title":"Unsere Therapien | centre qap","og_description":"Le Centre qap propose une prise en charge pluridisciplinaire, conventionnelle et innovante. Chaque th\u00e9rapie, r\u00e9guli\u00e8re ou intensive est adapt\u00e9e aux besoins sp\u00e9cifiques de chaque enfant.","og_url":"https:\/\/centreqap.irenepenrose.com\/de\/unsere-therapien\/","og_site_name":"centre qap","article_modified_time":"2021-10-12T08:31:07+00:00","og_image":[{"width":2560,"height":1709,"url":"https:\/\/centreqap.irenepenrose.com\/wp-content\/uploads\/2020\/11\/centre-qap_homepage-objectif-scaled.jpg","type":"image\/jpeg"}],"twitter_card":"summary_large_image","twitter_misc":{"Gesch\u00e4tzte Lesezeit":"5\u00a0Minuten"},"schema":{"@context":"https:\/\/schema.org","@graph":[{"@type":"WebPage","@id":"https:\/\/centreqap.irenepenrose.com\/de\/unsere-therapien\/","url":"https:\/\/centreqap.irenepenrose.com\/de\/unsere-therapien\/","name":"Unsere Therapien | centre qap","isPartOf":{"@id":"https:\/\/centreqap.irenepenrose.com\/de\/#website"},"datePublished":"2018-05-25T08:16:02+00:00","dateModified":"2021-10-12T08:31:07+00:00","description":"Le Centre qap propose une prise en charge pluridisciplinaire, conventionnelle et innovante. Chaque th\u00e9rapie, r\u00e9guli\u00e8re ou intensive est adapt\u00e9e aux besoins sp\u00e9cifiques de chaque enfant.","breadcrumb":{"@id":"https:\/\/centreqap.irenepenrose.com\/de\/unsere-therapien\/#breadcrumb"},"inLanguage":"de","potentialAction":[{"@type":"ReadAction","target":["https:\/\/centreqap.irenepenrose.com\/de\/unsere-therapien\/"]}]},{"@type":"BreadcrumbList","@id":"https:\/\/centreqap.irenepenrose.com\/de\/unsere-therapien\/#breadcrumb","itemListElement":[{"@type":"ListItem","position":1,"name":"Accueil","item":"https:\/\/centreqap.irenepenrose.com\/de\/"},{"@type":"ListItem","position":2,"name":"Unsere Therapien"}]},{"@type":"WebSite","@id":"https:\/\/centreqap.irenepenrose.com\/de\/#website","url":"https:\/\/centreqap.irenepenrose.com\/de\/","name":"centre qap","description":"R\u00e9habilitation p\u00e9diatrique","publisher":{"@id":"https:\/\/centreqap.irenepenrose.com\/de\/#organization"},"potentialAction":[{"@type":"SearchAction","target":{"@type":"EntryPoint","urlTemplate":"https:\/\/centreqap.irenepenrose.com\/de\/?s={search_term_string}"},"query-input":{"@type":"PropertyValueSpecification","valueRequired":true,"valueName":"search_term_string"}}],"inLanguage":"de"},{"@type":"Organization","@id":"https:\/\/centreqap.irenepenrose.com\/de\/#organization","name":"Centre qap","url":"https:\/\/centreqap.irenepenrose.com\/de\/","logo":{"@type":"ImageObject","inLanguage":"de","@id":"https:\/\/centreqap.irenepenrose.com\/de\/#\/schema\/logo\/image\/","url":"https:\/\/centreqap.irenepenrose.com\/wp-content\/uploads\/2020\/05\/centre_qap_rehabilitation_pediatrique.png","contentUrl":"https:\/\/centreqap.irenepenrose.com\/wp-content\/uploads\/2020\/05\/centre_qap_rehabilitation_pediatrique.png","width":1000,"height":1000,"caption":"Centre qap"},"image":{"@id":"https:\/\/centreqap.irenepenrose.com\/de\/#\/schema\/logo\/image\/"}}]}},"_links":{"self":[{"href":"https:\/\/centreqap.irenepenrose.com\/de\/wp-json\/wp\/v2\/pages\/30103","targetHints":{"allow":["GET"]}}],"collection":[{"href":"https:\/\/centreqap.irenepenrose.com\/de\/wp-json\/wp\/v2\/pages"}],"about":[{"href":"https:\/\/centreqap.irenepenrose.com\/de\/wp-json\/wp\/v2\/types\/page"}],"author":[{"embeddable":true,"href":"https:\/\/centreqap.irenepenrose.com\/de\/wp-json\/wp\/v2\/users\/1"}],"replies":[{"embeddable":true,"href":"https:\/\/centreqap.irenepenrose.com\/de\/wp-json\/wp\/v2\/comments?post=30103"}],"version-history":[{"count":5,"href":"https:\/\/centreqap.irenepenrose.com\/de\/wp-json\/wp\/v2\/pages\/30103\/revisions"}],"predecessor-version":[{"id":30380,"href":"https:\/\/centreqap.irenepenrose.com\/de\/wp-json\/wp\/v2\/pages\/30103\/revisions\/30380"}],"wp:attachment":[{"href":"https:\/\/centreqap.irenepenrose.com\/de\/wp-json\/wp\/v2\/media?parent=30103"}],"curies":[{"name":"wp","href":"https:\/\/api.w.org\/{rel}","templated":true}]}}