{"id":30108,"date":"2020-12-07T20:46:37","date_gmt":"2020-12-07T19:46:37","guid":{"rendered":"https:\/\/centreqap.ch\/association\/"},"modified":"2021-06-14T23:52:25","modified_gmt":"2021-06-14T21:52:25","slug":"der-verein-lokhos","status":"publish","type":"page","link":"https:\/\/centreqap.irenepenrose.com\/de\/der-verein-lokhos\/","title":{"rendered":"Der Verein Lokhos"},"content":{"rendered":"<p>[vc_row row_content_width=&#8220;grid&#8220; css=&#8220;.vc_custom_1607364112685{padding-top: 100px !important;}&#8220; simple_background_color=&#8220;#f6f6f6&#8243;][vc_column]<div class=\"qodef-section-title-holder   qodef-st-animation \" >\n\t<div class=\"qodef-st-inner\">\n\t\t\t\t\t<h3 class=\"qodef-st-title\" >\n\t\t\t\tUnsere Geschichte\t\t\t<\/h3>\n\t\t\t\t<span class=\"qodef-st-separator\"><\/span>\n\t\t\t\t\t<\/div>\n<\/div>[\/vc_column][\/vc_row][vc_row row_content_width=&#8220;grid&#8220; css=&#8220;.vc_custom_1607370382165{padding-top: 40px !important;}&#8220; simple_background_color=&#8220;#f6f6f6&#8243;][vc_column width=&#8220;1\/2&#8243; css=&#8220;.vc_custom_1607370366616{padding-bottom: 10px !important;}&#8220;][vc_column_text]Der gemeinn\u00fctzige Verein Lokhos wurde im M\u00e4rz 2019 gegr\u00fcndet.<\/p>\n<p>Er wird von privaten Stiftungen und Spendern unterst\u00fctzt, ist aber immer auf der Suche nach finanziellen Mitteln, um seinen Fortbestand zu sichern.<\/p>\n<p>Dank dieser finanziellen Unterst\u00fctzung konnte das Centre qap im Juni 2020 er\u00f6ffnen. Die R\u00e4umlichkeiten umfassen eine Fl\u00e4che von 550 m2 und befinden sich auf einer Etage.<\/p>\n<p>Die Idee des Centre qap entstand bereits 2018, als Eltern von Kindern mit besonderen Bed\u00fcrfnissen, \u00c4rzte und Therapeuten beschlossen, ihre Kr\u00e4fte zu b\u00fcndeln, um ein Zentrum f\u00fcr klassische und innovative multidisziplin\u00e4re Therapien in der Westschweiz zu gr\u00fcnden, in Kooperation mit verschiedenen Schweizer Krankenh\u00e4usern und mit einem zukunftsorientierten Ansatz in Bezug auf Robotik und virtuelle Realit\u00e4t.[\/vc_column_text][vc_column_text]<strong>Forschung<\/strong><\/p>\n<p>In Zusammenarbeit mit dem Universit\u00e4tsspital Genf (HUG) und dem Universit\u00e4tsspital Lausanne (CHUV) ist geplant, Protokolle f\u00fcr die Datenerfassung zu entwickeln und schliesslich Forschungsprojekte zu finanzieren.[\/vc_column_text][\/vc_column][vc_column width=&#8220;1\/2&#8243;][vc_column_text]<strong>Die Gr\u00fcndungsmitglieder des Vereins:<\/strong><\/p>\n<p><strong>&#8211; Gabrielle Boetsch<\/strong>, Pr\u00e4sidentin<br \/>\n<strong>&#8211; Dr. Finn Mahler,<\/strong> Sekret\u00e4r<br \/>\n<strong>&#8211; Arnaud Boetsch,<\/strong> Finanzchef<br \/>\n<strong>&#8211; Marie Bouchardy<\/strong><br \/>\n<strong>&#8211; Dr. Jean-Yves Carajod<\/strong><br \/>\n<strong>&#8211; Dr. Geraldo de Coulon<\/strong><br \/>\n<strong>&#8211; Ma\u00eetre Pascal Aeby<\/strong>[\/vc_column_text][vc_column_text]<strong>Warum &#8222;qap&#8220;?<\/strong><\/p>\n<p>Woher stammt der Name? &#8222;qap&#8220; ist eine andere Schreibweise des franz\u00f6sischen Wortes &#8222;cap&#8220;, das einen Ort beschreibt, der als Orientierung gilt, eine Perspektive bietet. Gleichzeitig klingt es wie die letzte Silbe des Wortes &#8222;handicap&#8220;\u2013 dem wir eine lange Nase drehen. Das q und das p sind im Spiegel betrachtet wie zwei Gehhilfen oder zwei St\u00fctzen. Sie bieten Halt und Unterst\u00fctzung und helfen dabei, \u00fcber die Beeintr\u00e4chtigung hinwegzusehen. Ausserdem ist es eine Anspielung auf &#8222;t&#8217;es cap?&#8220;, was so viel heisst wie: Traust du dich?[\/vc_column_text][\/vc_column][\/vc_row][vc_row row_content_width=&#8220;grid&#8220; css=&#8220;.vc_custom_1607371488629{padding-bottom: 50px !important;background-color: #f6f6f6 !important;}&#8220; simple_background_color=&#8220;#f6f6f6&#8243;][vc_column width=&#8220;1\/2&#8243;][vc_single_image image=&#8220;29720&#8243; img_size=&#8220;full&#8220;][\/vc_column][vc_column width=&#8220;1\/2&#8243;][vc_single_image image=&#8220;29488&#8243; img_size=&#8220;full&#8220;][\/vc_column][\/vc_row]<\/p>\n","protected":false},"excerpt":{"rendered":"<p>[vc_row row_content_width=&#8220;grid&#8220; css=&#8220;.vc_custom_1607364112685{padding-top: 100px !important;}&#8220; simple_background_color=&#8220;#f6f6f6&#8243;][vc_column][\/vc_column][\/vc_row][vc_row row_content_width=&#8220;grid&#8220; css=&#8220;.vc_custom_1607370382165{padding-top: 40px !important;}&#8220; simple_background_color=&#8220;#f6f6f6&#8243;][vc_column width=&#8220;1\/2&#8243; css=&#8220;.vc_custom_1607370366616{padding-bottom: 10px !important;}&#8220;][vc_column_text]Der gemeinn\u00fctzige Verein Lokhos wurde im M\u00e4rz 2019 gegr\u00fcndet. Er wird von privaten Stiftungen und Spendern unterst\u00fctzt, ist aber immer auf der Suche nach finanziellen Mitteln, [&hellip;]<\/p>\n","protected":false},"author":1,"featured_media":0,"parent":0,"menu_order":0,"comment_status":"closed","ping_status":"closed","template":"full-width.php","meta":{"footnotes":""},"class_list":["post-30108","page","type-page","status-publish","hentry"],"yoast_head":"<!-- This site is optimized with the Yoast SEO plugin v25.0 - https:\/\/yoast.com\/wordpress\/plugins\/seo\/ -->\n<title>Der Verein Lokhos | centre qap<\/title>\n<meta name=\"description\" content=\"Parents d\u2019enfants, m\u00e9decins et th\u00e9rapeutes ont d\u00e9cid\u00e9 d\u2019unir leurs forces afin de d\u00e9velopper un centre de th\u00e9rapies multidisciplinaires novatrices en Romandie.\" \/>\n<meta name=\"robots\" content=\"index, follow, max-snippet:-1, max-image-preview:large, max-video-preview:-1\" \/>\n<link rel=\"canonical\" href=\"https:\/\/centreqap.irenepenrose.com\/de\/der-verein-lokhos\/\" \/>\n<meta property=\"og:locale\" content=\"de_DE\" \/>\n<meta property=\"og:type\" content=\"article\" \/>\n<meta property=\"og:title\" content=\"Der Verein Lokhos | centre qap\" \/>\n<meta property=\"og:description\" content=\"Parents d\u2019enfants, m\u00e9decins et th\u00e9rapeutes ont d\u00e9cid\u00e9 d\u2019unir leurs forces afin de d\u00e9velopper un centre de th\u00e9rapies multidisciplinaires novatrices en Romandie.\" \/>\n<meta property=\"og:url\" content=\"https:\/\/centreqap.irenepenrose.com\/de\/der-verein-lokhos\/\" \/>\n<meta property=\"og:site_name\" content=\"centre qap\" \/>\n<meta property=\"article:modified_time\" content=\"2021-06-14T21:52:25+00:00\" \/>\n<meta property=\"og:image\" content=\"https:\/\/centreqap.irenepenrose.com\/wp-content\/uploads\/2020\/11\/centre-qap_homepage-objectif-scaled.jpg\" \/>\n\t<meta property=\"og:image:width\" content=\"2560\" \/>\n\t<meta property=\"og:image:height\" content=\"1709\" \/>\n\t<meta property=\"og:image:type\" content=\"image\/jpeg\" \/>\n<meta name=\"twitter:card\" content=\"summary_large_image\" \/>\n<meta name=\"twitter:label1\" content=\"Gesch\u00e4tzte Lesezeit\" \/>\n\t<meta name=\"twitter:data1\" content=\"2\u00a0Minuten\" \/>\n<script type=\"application\/ld+json\" class=\"yoast-schema-graph\">{\"@context\":\"https:\/\/schema.org\",\"@graph\":[{\"@type\":\"WebPage\",\"@id\":\"https:\/\/centreqap.irenepenrose.com\/de\/der-verein-lokhos\/\",\"url\":\"https:\/\/centreqap.irenepenrose.com\/de\/der-verein-lokhos\/\",\"name\":\"Der Verein Lokhos | centre qap\",\"isPartOf\":{\"@id\":\"https:\/\/centreqap.irenepenrose.com\/de\/#website\"},\"datePublished\":\"2020-12-07T19:46:37+00:00\",\"dateModified\":\"2021-06-14T21:52:25+00:00\",\"description\":\"Parents d\u2019enfants, m\u00e9decins et th\u00e9rapeutes ont d\u00e9cid\u00e9 d\u2019unir leurs forces afin de d\u00e9velopper un centre de th\u00e9rapies multidisciplinaires novatrices en Romandie.\",\"breadcrumb\":{\"@id\":\"https:\/\/centreqap.irenepenrose.com\/de\/der-verein-lokhos\/#breadcrumb\"},\"inLanguage\":\"de\",\"potentialAction\":[{\"@type\":\"ReadAction\",\"target\":[\"https:\/\/centreqap.irenepenrose.com\/de\/der-verein-lokhos\/\"]}]},{\"@type\":\"BreadcrumbList\",\"@id\":\"https:\/\/centreqap.irenepenrose.com\/de\/der-verein-lokhos\/#breadcrumb\",\"itemListElement\":[{\"@type\":\"ListItem\",\"position\":1,\"name\":\"Accueil\",\"item\":\"https:\/\/centreqap.irenepenrose.com\/de\/\"},{\"@type\":\"ListItem\",\"position\":2,\"name\":\"Der Verein Lokhos\"}]},{\"@type\":\"WebSite\",\"@id\":\"https:\/\/centreqap.irenepenrose.com\/de\/#website\",\"url\":\"https:\/\/centreqap.irenepenrose.com\/de\/\",\"name\":\"centre qap\",\"description\":\"R\u00e9habilitation p\u00e9diatrique\",\"publisher\":{\"@id\":\"https:\/\/centreqap.irenepenrose.com\/de\/#organization\"},\"potentialAction\":[{\"@type\":\"SearchAction\",\"target\":{\"@type\":\"EntryPoint\",\"urlTemplate\":\"https:\/\/centreqap.irenepenrose.com\/de\/?s={search_term_string}\"},\"query-input\":{\"@type\":\"PropertyValueSpecification\",\"valueRequired\":true,\"valueName\":\"search_term_string\"}}],\"inLanguage\":\"de\"},{\"@type\":\"Organization\",\"@id\":\"https:\/\/centreqap.irenepenrose.com\/de\/#organization\",\"name\":\"Centre qap\",\"url\":\"https:\/\/centreqap.irenepenrose.com\/de\/\",\"logo\":{\"@type\":\"ImageObject\",\"inLanguage\":\"de\",\"@id\":\"https:\/\/centreqap.irenepenrose.com\/de\/#\/schema\/logo\/image\/\",\"url\":\"https:\/\/centreqap.irenepenrose.com\/wp-content\/uploads\/2020\/05\/centre_qap_rehabilitation_pediatrique.png\",\"contentUrl\":\"https:\/\/centreqap.irenepenrose.com\/wp-content\/uploads\/2020\/05\/centre_qap_rehabilitation_pediatrique.png\",\"width\":1000,\"height\":1000,\"caption\":\"Centre qap\"},\"image\":{\"@id\":\"https:\/\/centreqap.irenepenrose.com\/de\/#\/schema\/logo\/image\/\"}}]}<\/script>\n<!-- \/ Yoast SEO plugin. -->","yoast_head_json":{"title":"Der Verein Lokhos | centre qap","description":"Parents d\u2019enfants, m\u00e9decins et th\u00e9rapeutes ont d\u00e9cid\u00e9 d\u2019unir leurs forces afin de d\u00e9velopper un centre de th\u00e9rapies multidisciplinaires novatrices en Romandie.","robots":{"index":"index","follow":"follow","max-snippet":"max-snippet:-1","max-image-preview":"max-image-preview:large","max-video-preview":"max-video-preview:-1"},"canonical":"https:\/\/centreqap.irenepenrose.com\/de\/der-verein-lokhos\/","og_locale":"de_DE","og_type":"article","og_title":"Der Verein Lokhos | centre qap","og_description":"Parents d\u2019enfants, m\u00e9decins et th\u00e9rapeutes ont d\u00e9cid\u00e9 d\u2019unir leurs forces afin de d\u00e9velopper un centre de th\u00e9rapies multidisciplinaires novatrices en Romandie.","og_url":"https:\/\/centreqap.irenepenrose.com\/de\/der-verein-lokhos\/","og_site_name":"centre qap","article_modified_time":"2021-06-14T21:52:25+00:00","og_image":[{"width":2560,"height":1709,"url":"https:\/\/centreqap.irenepenrose.com\/wp-content\/uploads\/2020\/11\/centre-qap_homepage-objectif-scaled.jpg","type":"image\/jpeg"}],"twitter_card":"summary_large_image","twitter_misc":{"Gesch\u00e4tzte Lesezeit":"2\u00a0Minuten"},"schema":{"@context":"https:\/\/schema.org","@graph":[{"@type":"WebPage","@id":"https:\/\/centreqap.irenepenrose.com\/de\/der-verein-lokhos\/","url":"https:\/\/centreqap.irenepenrose.com\/de\/der-verein-lokhos\/","name":"Der Verein Lokhos | centre qap","isPartOf":{"@id":"https:\/\/centreqap.irenepenrose.com\/de\/#website"},"datePublished":"2020-12-07T19:46:37+00:00","dateModified":"2021-06-14T21:52:25+00:00","description":"Parents d\u2019enfants, m\u00e9decins et th\u00e9rapeutes ont d\u00e9cid\u00e9 d\u2019unir leurs forces afin de d\u00e9velopper un centre de th\u00e9rapies multidisciplinaires novatrices en Romandie.","breadcrumb":{"@id":"https:\/\/centreqap.irenepenrose.com\/de\/der-verein-lokhos\/#breadcrumb"},"inLanguage":"de","potentialAction":[{"@type":"ReadAction","target":["https:\/\/centreqap.irenepenrose.com\/de\/der-verein-lokhos\/"]}]},{"@type":"BreadcrumbList","@id":"https:\/\/centreqap.irenepenrose.com\/de\/der-verein-lokhos\/#breadcrumb","itemListElement":[{"@type":"ListItem","position":1,"name":"Accueil","item":"https:\/\/centreqap.irenepenrose.com\/de\/"},{"@type":"ListItem","position":2,"name":"Der Verein Lokhos"}]},{"@type":"WebSite","@id":"https:\/\/centreqap.irenepenrose.com\/de\/#website","url":"https:\/\/centreqap.irenepenrose.com\/de\/","name":"centre qap","description":"R\u00e9habilitation p\u00e9diatrique","publisher":{"@id":"https:\/\/centreqap.irenepenrose.com\/de\/#organization"},"potentialAction":[{"@type":"SearchAction","target":{"@type":"EntryPoint","urlTemplate":"https:\/\/centreqap.irenepenrose.com\/de\/?s={search_term_string}"},"query-input":{"@type":"PropertyValueSpecification","valueRequired":true,"valueName":"search_term_string"}}],"inLanguage":"de"},{"@type":"Organization","@id":"https:\/\/centreqap.irenepenrose.com\/de\/#organization","name":"Centre qap","url":"https:\/\/centreqap.irenepenrose.com\/de\/","logo":{"@type":"ImageObject","inLanguage":"de","@id":"https:\/\/centreqap.irenepenrose.com\/de\/#\/schema\/logo\/image\/","url":"https:\/\/centreqap.irenepenrose.com\/wp-content\/uploads\/2020\/05\/centre_qap_rehabilitation_pediatrique.png","contentUrl":"https:\/\/centreqap.irenepenrose.com\/wp-content\/uploads\/2020\/05\/centre_qap_rehabilitation_pediatrique.png","width":1000,"height":1000,"caption":"Centre qap"},"image":{"@id":"https:\/\/centreqap.irenepenrose.com\/de\/#\/schema\/logo\/image\/"}}]}},"_links":{"self":[{"href":"https:\/\/centreqap.irenepenrose.com\/de\/wp-json\/wp\/v2\/pages\/30108","targetHints":{"allow":["GET"]}}],"collection":[{"href":"https:\/\/centreqap.irenepenrose.com\/de\/wp-json\/wp\/v2\/pages"}],"about":[{"href":"https:\/\/centreqap.irenepenrose.com\/de\/wp-json\/wp\/v2\/types\/page"}],"author":[{"embeddable":true,"href":"https:\/\/centreqap.irenepenrose.com\/de\/wp-json\/wp\/v2\/users\/1"}],"replies":[{"embeddable":true,"href":"https:\/\/centreqap.irenepenrose.com\/de\/wp-json\/wp\/v2\/comments?post=30108"}],"version-history":[{"count":4,"href":"https:\/\/centreqap.irenepenrose.com\/de\/wp-json\/wp\/v2\/pages\/30108\/revisions"}],"predecessor-version":[{"id":30260,"href":"https:\/\/centreqap.irenepenrose.com\/de\/wp-json\/wp\/v2\/pages\/30108\/revisions\/30260"}],"wp:attachment":[{"href":"https:\/\/centreqap.irenepenrose.com\/de\/wp-json\/wp\/v2\/media?parent=30108"}],"curies":[{"name":"wp","href":"https:\/\/api.w.org\/{rel}","templated":true}]}}