{"id":30115,"date":"2020-12-17T03:17:15","date_gmt":"2020-12-17T02:17:15","guid":{"rendered":"https:\/\/centreqap.ch\/nous-recrutons\/"},"modified":"2021-06-14T23:53:40","modified_gmt":"2021-06-14T21:53:40","slug":"offene-stellen","status":"publish","type":"page","link":"https:\/\/centreqap.irenepenrose.com\/de\/offene-stellen\/","title":{"rendered":"Offene Stellen"},"content":{"rendered":"<p>[vc_row row_content_width=&#8220;grid&#8220; css=&#8220;.vc_custom_1608505983457{border-bottom-width: 200px !important;padding-top: 40px !important;}&#8220; simple_background_color=&#8220;#f6f6f6&#8243;][vc_column css=&#8220;.vc_custom_1607370366616{padding-bottom: 10px !important;}&#8220;][vc_column_text]<strong>Wir suchen eine selbstst\u00e4ndige Logop\u00e4din \/ einen selbst\u00e4ndigen Logop\u00e4den mit NIF<\/strong><br \/>\n<strong>Stellenantritt<\/strong>: per sofort oder nach Vereinbarung<br \/>\n<strong>Besch\u00e4ftigungsgrad<\/strong>: nach Vereinbarung<br \/>\n<strong>Miete<\/strong>: abh\u00e4ngig von der Gr\u00f6sse der Praxis und der Auslastung[\/vc_column_text][vc_empty_space]<a itemprop=\"url\" href=\"https:\/\/centreqap.irenepenrose.com\/de\/kontaktieren-sie-uns\/\" target=\"_self\"  class=\"qodef-btn qodef-btn-medium qodef-btn-solid qodef-btn- qodef-btn-custom-hover-bg \" data-hover-bg-color=\"#f09f37\" >\n    <span class=\"qodef-btn-text\">KONTAKTIEREN SIE UNS<\/span>\n    \t<\/a>[vc_empty_space height=&#8220;200px&#8220;][\/vc_column][\/vc_row]<\/p>\n","protected":false},"excerpt":{"rendered":"<p>[vc_row row_content_width=&#8220;grid&#8220; css=&#8220;.vc_custom_1608505983457{border-bottom-width: 200px !important;padding-top: 40px !important;}&#8220; simple_background_color=&#8220;#f6f6f6&#8243;][vc_column css=&#8220;.vc_custom_1607370366616{padding-bottom: 10px !important;}&#8220;][vc_column_text]Wir suchen eine selbstst\u00e4ndige Logop\u00e4din \/ einen selbst\u00e4ndigen Logop\u00e4den mit NIF Stellenantritt: per sofort oder nach Vereinbarung Besch\u00e4ftigungsgrad: nach Vereinbarung Miete: abh\u00e4ngig von der Gr\u00f6sse der Praxis und der Auslastung[\/vc_column_text][vc_empty_space][vc_empty_space [&hellip;]<\/p>\n","protected":false},"author":1,"featured_media":0,"parent":0,"menu_order":0,"comment_status":"closed","ping_status":"closed","template":"full-width.php","meta":{"footnotes":""},"class_list":["post-30115","page","type-page","status-publish","hentry"],"yoast_head":"<!-- This site is optimized with the Yoast SEO plugin v25.0 - https:\/\/yoast.com\/wordpress\/plugins\/seo\/ -->\n<title>Offene Stellen | centre qap<\/title>\n<meta name=\"robots\" content=\"index, follow, max-snippet:-1, max-image-preview:large, max-video-preview:-1\" \/>\n<link rel=\"canonical\" href=\"https:\/\/centreqap.irenepenrose.com\/de\/offene-stellen\/\" \/>\n<meta property=\"og:locale\" content=\"de_DE\" \/>\n<meta property=\"og:type\" content=\"article\" \/>\n<meta property=\"og:title\" content=\"Offene Stellen | centre qap\" \/>\n<meta property=\"og:description\" content=\"[vc_row row_content_width=&#8220;grid&#8220; css=&#8220;.vc_custom_1608505983457{border-bottom-width: 200px !important;padding-top: 40px !important;}&#8220; simple_background_color=&#8220;#f6f6f6&#8243;][vc_column css=&#8220;.vc_custom_1607370366616{padding-bottom: 10px !important;}&#8220;][vc_column_text]Wir suchen eine selbstst\u00e4ndige Logop\u00e4din \/ einen selbst\u00e4ndigen Logop\u00e4den mit NIF Stellenantritt: per sofort oder nach Vereinbarung Besch\u00e4ftigungsgrad: nach Vereinbarung Miete: abh\u00e4ngig von der Gr\u00f6sse der Praxis und der Auslastung[\/vc_column_text][vc_empty_space][vc_empty_space [&hellip;]\" \/>\n<meta property=\"og:url\" content=\"https:\/\/centreqap.irenepenrose.com\/de\/offene-stellen\/\" \/>\n<meta property=\"og:site_name\" content=\"centre qap\" \/>\n<meta property=\"article:modified_time\" content=\"2021-06-14T21:53:40+00:00\" \/>\n<meta property=\"og:image\" content=\"https:\/\/centreqap.irenepenrose.com\/wp-content\/uploads\/2020\/11\/centre-qap_homepage-objectif-scaled.jpg\" \/>\n\t<meta property=\"og:image:width\" content=\"2560\" \/>\n\t<meta property=\"og:image:height\" content=\"1709\" \/>\n\t<meta property=\"og:image:type\" content=\"image\/jpeg\" \/>\n<meta name=\"twitter:card\" content=\"summary_large_image\" \/>\n<meta name=\"twitter:label1\" content=\"Gesch\u00e4tzte Lesezeit\" \/>\n\t<meta name=\"twitter:data1\" content=\"1\u00a0Minute\" \/>\n<script type=\"application\/ld+json\" class=\"yoast-schema-graph\">{\"@context\":\"https:\/\/schema.org\",\"@graph\":[{\"@type\":\"WebPage\",\"@id\":\"https:\/\/centreqap.irenepenrose.com\/de\/offene-stellen\/\",\"url\":\"https:\/\/centreqap.irenepenrose.com\/de\/offene-stellen\/\",\"name\":\"Offene Stellen | centre qap\",\"isPartOf\":{\"@id\":\"https:\/\/centreqap.irenepenrose.com\/de\/#website\"},\"datePublished\":\"2020-12-17T02:17:15+00:00\",\"dateModified\":\"2021-06-14T21:53:40+00:00\",\"breadcrumb\":{\"@id\":\"https:\/\/centreqap.irenepenrose.com\/de\/offene-stellen\/#breadcrumb\"},\"inLanguage\":\"de\",\"potentialAction\":[{\"@type\":\"ReadAction\",\"target\":[\"https:\/\/centreqap.irenepenrose.com\/de\/offene-stellen\/\"]}]},{\"@type\":\"BreadcrumbList\",\"@id\":\"https:\/\/centreqap.irenepenrose.com\/de\/offene-stellen\/#breadcrumb\",\"itemListElement\":[{\"@type\":\"ListItem\",\"position\":1,\"name\":\"Accueil\",\"item\":\"https:\/\/centreqap.irenepenrose.com\/de\/\"},{\"@type\":\"ListItem\",\"position\":2,\"name\":\"Offene Stellen\"}]},{\"@type\":\"WebSite\",\"@id\":\"https:\/\/centreqap.irenepenrose.com\/de\/#website\",\"url\":\"https:\/\/centreqap.irenepenrose.com\/de\/\",\"name\":\"centre qap\",\"description\":\"R\u00e9habilitation p\u00e9diatrique\",\"publisher\":{\"@id\":\"https:\/\/centreqap.irenepenrose.com\/de\/#organization\"},\"potentialAction\":[{\"@type\":\"SearchAction\",\"target\":{\"@type\":\"EntryPoint\",\"urlTemplate\":\"https:\/\/centreqap.irenepenrose.com\/de\/?s={search_term_string}\"},\"query-input\":{\"@type\":\"PropertyValueSpecification\",\"valueRequired\":true,\"valueName\":\"search_term_string\"}}],\"inLanguage\":\"de\"},{\"@type\":\"Organization\",\"@id\":\"https:\/\/centreqap.irenepenrose.com\/de\/#organization\",\"name\":\"Centre qap\",\"url\":\"https:\/\/centreqap.irenepenrose.com\/de\/\",\"logo\":{\"@type\":\"ImageObject\",\"inLanguage\":\"de\",\"@id\":\"https:\/\/centreqap.irenepenrose.com\/de\/#\/schema\/logo\/image\/\",\"url\":\"https:\/\/centreqap.irenepenrose.com\/wp-content\/uploads\/2020\/05\/centre_qap_rehabilitation_pediatrique.png\",\"contentUrl\":\"https:\/\/centreqap.irenepenrose.com\/wp-content\/uploads\/2020\/05\/centre_qap_rehabilitation_pediatrique.png\",\"width\":1000,\"height\":1000,\"caption\":\"Centre qap\"},\"image\":{\"@id\":\"https:\/\/centreqap.irenepenrose.com\/de\/#\/schema\/logo\/image\/\"}}]}<\/script>\n<!-- \/ Yoast SEO plugin. -->","yoast_head_json":{"title":"Offene Stellen | centre qap","robots":{"index":"index","follow":"follow","max-snippet":"max-snippet:-1","max-image-preview":"max-image-preview:large","max-video-preview":"max-video-preview:-1"},"canonical":"https:\/\/centreqap.irenepenrose.com\/de\/offene-stellen\/","og_locale":"de_DE","og_type":"article","og_title":"Offene Stellen | centre qap","og_description":"[vc_row row_content_width=&#8220;grid&#8220; css=&#8220;.vc_custom_1608505983457{border-bottom-width: 200px !important;padding-top: 40px !important;}&#8220; simple_background_color=&#8220;#f6f6f6&#8243;][vc_column css=&#8220;.vc_custom_1607370366616{padding-bottom: 10px !important;}&#8220;][vc_column_text]Wir suchen eine selbstst\u00e4ndige Logop\u00e4din \/ einen selbst\u00e4ndigen Logop\u00e4den mit NIF Stellenantritt: per sofort oder nach Vereinbarung Besch\u00e4ftigungsgrad: nach Vereinbarung Miete: abh\u00e4ngig von der Gr\u00f6sse der Praxis und der Auslastung[\/vc_column_text][vc_empty_space][vc_empty_space [&hellip;]","og_url":"https:\/\/centreqap.irenepenrose.com\/de\/offene-stellen\/","og_site_name":"centre qap","article_modified_time":"2021-06-14T21:53:40+00:00","og_image":[{"width":2560,"height":1709,"url":"https:\/\/centreqap.irenepenrose.com\/wp-content\/uploads\/2020\/11\/centre-qap_homepage-objectif-scaled.jpg","type":"image\/jpeg"}],"twitter_card":"summary_large_image","twitter_misc":{"Gesch\u00e4tzte Lesezeit":"1\u00a0Minute"},"schema":{"@context":"https:\/\/schema.org","@graph":[{"@type":"WebPage","@id":"https:\/\/centreqap.irenepenrose.com\/de\/offene-stellen\/","url":"https:\/\/centreqap.irenepenrose.com\/de\/offene-stellen\/","name":"Offene Stellen | centre qap","isPartOf":{"@id":"https:\/\/centreqap.irenepenrose.com\/de\/#website"},"datePublished":"2020-12-17T02:17:15+00:00","dateModified":"2021-06-14T21:53:40+00:00","breadcrumb":{"@id":"https:\/\/centreqap.irenepenrose.com\/de\/offene-stellen\/#breadcrumb"},"inLanguage":"de","potentialAction":[{"@type":"ReadAction","target":["https:\/\/centreqap.irenepenrose.com\/de\/offene-stellen\/"]}]},{"@type":"BreadcrumbList","@id":"https:\/\/centreqap.irenepenrose.com\/de\/offene-stellen\/#breadcrumb","itemListElement":[{"@type":"ListItem","position":1,"name":"Accueil","item":"https:\/\/centreqap.irenepenrose.com\/de\/"},{"@type":"ListItem","position":2,"name":"Offene Stellen"}]},{"@type":"WebSite","@id":"https:\/\/centreqap.irenepenrose.com\/de\/#website","url":"https:\/\/centreqap.irenepenrose.com\/de\/","name":"centre qap","description":"R\u00e9habilitation p\u00e9diatrique","publisher":{"@id":"https:\/\/centreqap.irenepenrose.com\/de\/#organization"},"potentialAction":[{"@type":"SearchAction","target":{"@type":"EntryPoint","urlTemplate":"https:\/\/centreqap.irenepenrose.com\/de\/?s={search_term_string}"},"query-input":{"@type":"PropertyValueSpecification","valueRequired":true,"valueName":"search_term_string"}}],"inLanguage":"de"},{"@type":"Organization","@id":"https:\/\/centreqap.irenepenrose.com\/de\/#organization","name":"Centre qap","url":"https:\/\/centreqap.irenepenrose.com\/de\/","logo":{"@type":"ImageObject","inLanguage":"de","@id":"https:\/\/centreqap.irenepenrose.com\/de\/#\/schema\/logo\/image\/","url":"https:\/\/centreqap.irenepenrose.com\/wp-content\/uploads\/2020\/05\/centre_qap_rehabilitation_pediatrique.png","contentUrl":"https:\/\/centreqap.irenepenrose.com\/wp-content\/uploads\/2020\/05\/centre_qap_rehabilitation_pediatrique.png","width":1000,"height":1000,"caption":"Centre qap"},"image":{"@id":"https:\/\/centreqap.irenepenrose.com\/de\/#\/schema\/logo\/image\/"}}]}},"_links":{"self":[{"href":"https:\/\/centreqap.irenepenrose.com\/de\/wp-json\/wp\/v2\/pages\/30115","targetHints":{"allow":["GET"]}}],"collection":[{"href":"https:\/\/centreqap.irenepenrose.com\/de\/wp-json\/wp\/v2\/pages"}],"about":[{"href":"https:\/\/centreqap.irenepenrose.com\/de\/wp-json\/wp\/v2\/types\/page"}],"author":[{"embeddable":true,"href":"https:\/\/centreqap.irenepenrose.com\/de\/wp-json\/wp\/v2\/users\/1"}],"replies":[{"embeddable":true,"href":"https:\/\/centreqap.irenepenrose.com\/de\/wp-json\/wp\/v2\/comments?post=30115"}],"version-history":[{"count":4,"href":"https:\/\/centreqap.irenepenrose.com\/de\/wp-json\/wp\/v2\/pages\/30115\/revisions"}],"predecessor-version":[{"id":30262,"href":"https:\/\/centreqap.irenepenrose.com\/de\/wp-json\/wp\/v2\/pages\/30115\/revisions\/30262"}],"wp:attachment":[{"href":"https:\/\/centreqap.irenepenrose.com\/de\/wp-json\/wp\/v2\/media?parent=30115"}],"curies":[{"name":"wp","href":"https:\/\/api.w.org\/{rel}","templated":true}]}}