{"id":30203,"date":"2021-02-05T02:16:39","date_gmt":"2021-02-05T01:16:39","guid":{"rendered":"https:\/\/centreqap.ch\/ergotherapie\/"},"modified":"2021-06-14T23:26:27","modified_gmt":"2021-06-14T21:26:27","slug":"ergotherapie","status":"publish","type":"page","link":"https:\/\/centreqap.irenepenrose.com\/de\/ergotherapie\/","title":{"rendered":"Ergotherapie"},"content":{"rendered":"<p>[vc_row row_content_width=&#8220;grid&#8220; css=&#8220;.vc_custom_1608505983457{border-bottom-width: 200px !important;padding-top: 40px !important;}&#8220; simple_background_color=&#8220;#f6f6f6&#8243;][vc_column css=&#8220;.vc_custom_1607370366616{padding-bottom: 10px !important;}&#8220;][vc_column_text]Sollte Ihr Kind aufgrund von Erkrankungen oder wegen einer Entwicklungsverz\u00f6gerung Schwierigkeiten im Alltag haben, wie beispielsweise beim Ankleiden, beim Essen, beim Ausmalen, Schreiben oder Sitzen, dann wenden Sie sich an einen Ergotherapeuten.<br \/>\nDer Ergotherapeut sucht die Ursache f\u00fcr die Einschr\u00e4nkungen und versucht gemeinsam mit der betroffenen Person, wichtige T\u00e4tigkeiten, die es zu beherrschen gilt, einzugrenzen. Diese h\u00e4ngen von der jeweiligen Person, ihrer Kultur und ihren Lebensumst\u00e4nden ab und unterliegen ganz individuellen Kriterien. Jede Person entscheidet selbst, wie stark sie sich bem\u00fcht, ihren Gesundheitszustand zu erhalten oder wiederherzustellen.<\/p>\n<p>Je nach Problemstellung kann der Ergotherapeut eine passende Behandlungsmethode vorschlagen:<br \/>\nStimulierung der Wahrnehmung und Verarbeitung sensorischer Informationen (Ber\u00fchren\/Wahrnehmung des K\u00f6rpers\/der Umwelt, Gleichgewichtstraining);<br \/>\nF\u00f6rderung der Fein- und Grobmotorik, um die Ausf\u00fchrung funktioneller Aktivit\u00e4ten zu verbessern (Objekte bewegen, eine stabile Haltung einnehmen usw.)<br \/>\nVermittlung von handlungsorientieren Strategien, wie gezielte Aufmerksamkeit, Planung und Kontrolle;<br \/>\nF\u00f6rderung sozialer und emotionaler Kompetenzen;<br \/>\nTraining visueller, auditiver, r\u00e4umlicher ged\u00e4chtnisbezogener F\u00e4higkeiten als Voraussetzung f\u00fcr die Aus\u00fcbung von T\u00e4tigkeiten.<\/p>\n<p>Im Therapieraum ist f\u00fcr den Ergotherapeuten, der mit Kindern arbeitet, das Spiel sein wichtigstes Arbeitsinstrument. Der Ergotherapeut schafft eine stimulierende, fr\u00f6hliche Umgebung, die das Kind zum Mitmachen motiviert, damit es neue Aufgaben bew\u00e4ltigen und sein ganzes Potenzial entfalten kann. Mithilfe von \u00dcbungen wird daran gearbeitet, die Bew\u00e4ltigung von T\u00e4tigkeiten oder die daf\u00fcr notwendigen F\u00e4higkeiten zu verbessern.<\/p>\n<p>Der Ergotherapeut kann auch anbieten, auf das pers\u00f6nliche Umfeld der Person Einfluss zu nehmen. Er kann auch bei der Auswahl von Hilfsmitteln oder bei der Anpassung oder Herstellung von Schienen Unterst\u00fctzung bieten. Damit soll der Person \u00fcbergangsweise oder dauerhaft geholfen werden, ihre Selbstst\u00e4ndigkeit zu bewahren. Der Therapeut ber\u00e4t die Eltern und das Umfeld des Kindes und erkl\u00e4rt ihnen die seiner Meinung nach besten Strategien, um das Kind in seiner Entwicklung zu unterst\u00fctzen.[\/vc_column_text][vc_empty_space]<a itemprop=\"url\" href=\"https:\/\/centreqap.irenepenrose.com\/de\/\" target=\"_self\"  class=\"qodef-btn qodef-btn-medium qodef-btn-solid qodef-btn- qodef-btn-custom-hover-bg \" data-hover-bg-color=\"#f09f37\" >\n    <span class=\"qodef-btn-text\">R\u00fcckkehr<\/span>\n    \t<\/a>[vc_empty_space height=&#8220;200px&#8220;][\/vc_column][\/vc_row]<\/p>\n","protected":false},"excerpt":{"rendered":"<p>[vc_row row_content_width=&#8220;grid&#8220; css=&#8220;.vc_custom_1608505983457{border-bottom-width: 200px !important;padding-top: 40px !important;}&#8220; simple_background_color=&#8220;#f6f6f6&#8243;][vc_column css=&#8220;.vc_custom_1607370366616{padding-bottom: 10px !important;}&#8220;][vc_column_text]Sollte Ihr Kind aufgrund von Erkrankungen oder wegen einer Entwicklungsverz\u00f6gerung Schwierigkeiten im Alltag haben, wie beispielsweise beim Ankleiden, beim Essen, beim Ausmalen, Schreiben oder Sitzen, dann wenden Sie sich an [&hellip;]<\/p>\n","protected":false},"author":1,"featured_media":0,"parent":0,"menu_order":0,"comment_status":"closed","ping_status":"closed","template":"full-width.php","meta":{"footnotes":""},"class_list":["post-30203","page","type-page","status-publish","hentry"],"yoast_head":"<!-- This site is optimized with the Yoast SEO plugin v25.0 - https:\/\/yoast.com\/wordpress\/plugins\/seo\/ -->\n<title>Ergotherapie | centre qap<\/title>\n<meta name=\"description\" content=\"Vous pouvez faire appel \u00e0 un ergoth\u00e9rapeute quand votre enfant \u00e9prouve des difficult\u00e9s dans sa vie quotidienne en cons\u00e9quence de sa pathologie ou d&#039;un retard de d\u00e9veloppement.\" \/>\n<meta name=\"robots\" content=\"index, follow, max-snippet:-1, max-image-preview:large, max-video-preview:-1\" \/>\n<link rel=\"canonical\" href=\"https:\/\/centreqap.irenepenrose.com\/de\/ergotherapie\/\" \/>\n<meta property=\"og:locale\" content=\"de_DE\" \/>\n<meta property=\"og:type\" content=\"article\" \/>\n<meta property=\"og:title\" content=\"Ergotherapie | centre qap\" \/>\n<meta property=\"og:description\" content=\"Vous pouvez faire appel \u00e0 un ergoth\u00e9rapeute quand votre enfant \u00e9prouve des difficult\u00e9s dans sa vie quotidienne en cons\u00e9quence de sa pathologie ou d&#039;un retard de d\u00e9veloppement.\" \/>\n<meta property=\"og:url\" content=\"https:\/\/centreqap.irenepenrose.com\/de\/ergotherapie\/\" \/>\n<meta property=\"og:site_name\" content=\"centre qap\" \/>\n<meta property=\"article:modified_time\" content=\"2021-06-14T21:26:27+00:00\" \/>\n<meta property=\"og:image\" content=\"https:\/\/centreqap.irenepenrose.com\/wp-content\/uploads\/2020\/11\/centre-qap_homepage-objectif-scaled.jpg\" \/>\n\t<meta property=\"og:image:width\" content=\"2560\" \/>\n\t<meta property=\"og:image:height\" content=\"1709\" \/>\n\t<meta property=\"og:image:type\" content=\"image\/jpeg\" \/>\n<meta name=\"twitter:card\" content=\"summary_large_image\" \/>\n<meta name=\"twitter:label1\" content=\"Gesch\u00e4tzte Lesezeit\" \/>\n\t<meta name=\"twitter:data1\" content=\"2\u00a0Minuten\" \/>\n<script type=\"application\/ld+json\" class=\"yoast-schema-graph\">{\"@context\":\"https:\/\/schema.org\",\"@graph\":[{\"@type\":\"WebPage\",\"@id\":\"https:\/\/centreqap.irenepenrose.com\/de\/ergotherapie\/\",\"url\":\"https:\/\/centreqap.irenepenrose.com\/de\/ergotherapie\/\",\"name\":\"Ergotherapie | centre qap\",\"isPartOf\":{\"@id\":\"https:\/\/centreqap.irenepenrose.com\/de\/#website\"},\"datePublished\":\"2021-02-05T01:16:39+00:00\",\"dateModified\":\"2021-06-14T21:26:27+00:00\",\"description\":\"Vous pouvez faire appel \u00e0 un ergoth\u00e9rapeute quand votre enfant \u00e9prouve des difficult\u00e9s dans sa vie quotidienne en cons\u00e9quence de sa pathologie ou d'un retard de d\u00e9veloppement.\",\"breadcrumb\":{\"@id\":\"https:\/\/centreqap.irenepenrose.com\/de\/ergotherapie\/#breadcrumb\"},\"inLanguage\":\"de\",\"potentialAction\":[{\"@type\":\"ReadAction\",\"target\":[\"https:\/\/centreqap.irenepenrose.com\/de\/ergotherapie\/\"]}]},{\"@type\":\"BreadcrumbList\",\"@id\":\"https:\/\/centreqap.irenepenrose.com\/de\/ergotherapie\/#breadcrumb\",\"itemListElement\":[{\"@type\":\"ListItem\",\"position\":1,\"name\":\"Accueil\",\"item\":\"https:\/\/centreqap.irenepenrose.com\/de\/\"},{\"@type\":\"ListItem\",\"position\":2,\"name\":\"Ergotherapie\"}]},{\"@type\":\"WebSite\",\"@id\":\"https:\/\/centreqap.irenepenrose.com\/de\/#website\",\"url\":\"https:\/\/centreqap.irenepenrose.com\/de\/\",\"name\":\"centre qap\",\"description\":\"R\u00e9habilitation p\u00e9diatrique\",\"publisher\":{\"@id\":\"https:\/\/centreqap.irenepenrose.com\/de\/#organization\"},\"potentialAction\":[{\"@type\":\"SearchAction\",\"target\":{\"@type\":\"EntryPoint\",\"urlTemplate\":\"https:\/\/centreqap.irenepenrose.com\/de\/?s={search_term_string}\"},\"query-input\":{\"@type\":\"PropertyValueSpecification\",\"valueRequired\":true,\"valueName\":\"search_term_string\"}}],\"inLanguage\":\"de\"},{\"@type\":\"Organization\",\"@id\":\"https:\/\/centreqap.irenepenrose.com\/de\/#organization\",\"name\":\"Centre qap\",\"url\":\"https:\/\/centreqap.irenepenrose.com\/de\/\",\"logo\":{\"@type\":\"ImageObject\",\"inLanguage\":\"de\",\"@id\":\"https:\/\/centreqap.irenepenrose.com\/de\/#\/schema\/logo\/image\/\",\"url\":\"https:\/\/centreqap.irenepenrose.com\/wp-content\/uploads\/2020\/05\/centre_qap_rehabilitation_pediatrique.png\",\"contentUrl\":\"https:\/\/centreqap.irenepenrose.com\/wp-content\/uploads\/2020\/05\/centre_qap_rehabilitation_pediatrique.png\",\"width\":1000,\"height\":1000,\"caption\":\"Centre qap\"},\"image\":{\"@id\":\"https:\/\/centreqap.irenepenrose.com\/de\/#\/schema\/logo\/image\/\"}}]}<\/script>\n<!-- \/ Yoast SEO plugin. -->","yoast_head_json":{"title":"Ergotherapie | centre qap","description":"Vous pouvez faire appel \u00e0 un ergoth\u00e9rapeute quand votre enfant \u00e9prouve des difficult\u00e9s dans sa vie quotidienne en cons\u00e9quence de sa pathologie ou d'un retard de d\u00e9veloppement.","robots":{"index":"index","follow":"follow","max-snippet":"max-snippet:-1","max-image-preview":"max-image-preview:large","max-video-preview":"max-video-preview:-1"},"canonical":"https:\/\/centreqap.irenepenrose.com\/de\/ergotherapie\/","og_locale":"de_DE","og_type":"article","og_title":"Ergotherapie | centre qap","og_description":"Vous pouvez faire appel \u00e0 un ergoth\u00e9rapeute quand votre enfant \u00e9prouve des difficult\u00e9s dans sa vie quotidienne en cons\u00e9quence de sa pathologie ou d'un retard de d\u00e9veloppement.","og_url":"https:\/\/centreqap.irenepenrose.com\/de\/ergotherapie\/","og_site_name":"centre qap","article_modified_time":"2021-06-14T21:26:27+00:00","og_image":[{"width":2560,"height":1709,"url":"https:\/\/centreqap.irenepenrose.com\/wp-content\/uploads\/2020\/11\/centre-qap_homepage-objectif-scaled.jpg","type":"image\/jpeg"}],"twitter_card":"summary_large_image","twitter_misc":{"Gesch\u00e4tzte Lesezeit":"2\u00a0Minuten"},"schema":{"@context":"https:\/\/schema.org","@graph":[{"@type":"WebPage","@id":"https:\/\/centreqap.irenepenrose.com\/de\/ergotherapie\/","url":"https:\/\/centreqap.irenepenrose.com\/de\/ergotherapie\/","name":"Ergotherapie | centre qap","isPartOf":{"@id":"https:\/\/centreqap.irenepenrose.com\/de\/#website"},"datePublished":"2021-02-05T01:16:39+00:00","dateModified":"2021-06-14T21:26:27+00:00","description":"Vous pouvez faire appel \u00e0 un ergoth\u00e9rapeute quand votre enfant \u00e9prouve des difficult\u00e9s dans sa vie quotidienne en cons\u00e9quence de sa pathologie ou d'un retard de d\u00e9veloppement.","breadcrumb":{"@id":"https:\/\/centreqap.irenepenrose.com\/de\/ergotherapie\/#breadcrumb"},"inLanguage":"de","potentialAction":[{"@type":"ReadAction","target":["https:\/\/centreqap.irenepenrose.com\/de\/ergotherapie\/"]}]},{"@type":"BreadcrumbList","@id":"https:\/\/centreqap.irenepenrose.com\/de\/ergotherapie\/#breadcrumb","itemListElement":[{"@type":"ListItem","position":1,"name":"Accueil","item":"https:\/\/centreqap.irenepenrose.com\/de\/"},{"@type":"ListItem","position":2,"name":"Ergotherapie"}]},{"@type":"WebSite","@id":"https:\/\/centreqap.irenepenrose.com\/de\/#website","url":"https:\/\/centreqap.irenepenrose.com\/de\/","name":"centre qap","description":"R\u00e9habilitation p\u00e9diatrique","publisher":{"@id":"https:\/\/centreqap.irenepenrose.com\/de\/#organization"},"potentialAction":[{"@type":"SearchAction","target":{"@type":"EntryPoint","urlTemplate":"https:\/\/centreqap.irenepenrose.com\/de\/?s={search_term_string}"},"query-input":{"@type":"PropertyValueSpecification","valueRequired":true,"valueName":"search_term_string"}}],"inLanguage":"de"},{"@type":"Organization","@id":"https:\/\/centreqap.irenepenrose.com\/de\/#organization","name":"Centre qap","url":"https:\/\/centreqap.irenepenrose.com\/de\/","logo":{"@type":"ImageObject","inLanguage":"de","@id":"https:\/\/centreqap.irenepenrose.com\/de\/#\/schema\/logo\/image\/","url":"https:\/\/centreqap.irenepenrose.com\/wp-content\/uploads\/2020\/05\/centre_qap_rehabilitation_pediatrique.png","contentUrl":"https:\/\/centreqap.irenepenrose.com\/wp-content\/uploads\/2020\/05\/centre_qap_rehabilitation_pediatrique.png","width":1000,"height":1000,"caption":"Centre qap"},"image":{"@id":"https:\/\/centreqap.irenepenrose.com\/de\/#\/schema\/logo\/image\/"}}]}},"_links":{"self":[{"href":"https:\/\/centreqap.irenepenrose.com\/de\/wp-json\/wp\/v2\/pages\/30203","targetHints":{"allow":["GET"]}}],"collection":[{"href":"https:\/\/centreqap.irenepenrose.com\/de\/wp-json\/wp\/v2\/pages"}],"about":[{"href":"https:\/\/centreqap.irenepenrose.com\/de\/wp-json\/wp\/v2\/types\/page"}],"author":[{"embeddable":true,"href":"https:\/\/centreqap.irenepenrose.com\/de\/wp-json\/wp\/v2\/users\/1"}],"replies":[{"embeddable":true,"href":"https:\/\/centreqap.irenepenrose.com\/de\/wp-json\/wp\/v2\/comments?post=30203"}],"version-history":[{"count":3,"href":"https:\/\/centreqap.irenepenrose.com\/de\/wp-json\/wp\/v2\/pages\/30203\/revisions"}],"predecessor-version":[{"id":30210,"href":"https:\/\/centreqap.irenepenrose.com\/de\/wp-json\/wp\/v2\/pages\/30203\/revisions\/30210"}],"wp:attachment":[{"href":"https:\/\/centreqap.irenepenrose.com\/de\/wp-json\/wp\/v2\/media?parent=30203"}],"curies":[{"name":"wp","href":"https:\/\/api.w.org\/{rel}","templated":true}]}}