{"id":30223,"date":"2021-02-05T02:20:05","date_gmt":"2021-02-05T01:20:05","guid":{"rendered":"https:\/\/centreqap.ch\/etm\/"},"modified":"2021-06-14T23:30:53","modified_gmt":"2021-06-14T21:30:53","slug":"mtt","status":"publish","type":"page","link":"https:\/\/centreqap.irenepenrose.com\/de\/mtt\/","title":{"rendered":"MTT"},"content":{"rendered":"<p>[vc_row row_content_width=&#8220;grid&#8220; css=&#8220;.vc_custom_1608505983457{border-bottom-width: 200px !important;padding-top: 40px !important;}&#8220; simple_background_color=&#8220;#f6f6f6&#8243;][vc_column css=&#8220;.vc_custom_1607370366616{padding-bottom: 10px !important;}&#8220;][vc_column_text]<span lang=\"DE-CH\">Die Medizinische Trainingstherapie (MTT) ist ein Programm zur Muskelst\u00e4rkung, das Ausdauer, Beweglichkeit, St\u00e4rke und Koordination des Bewegungsapparates vereint. Ein weiterer positiver Aspekt ist die St\u00e4rkung des Herz-Kreislaufsystems bei Anstrengung.<\/span><\/p>\n<p><span lang=\"DE-CH\">Kenntnisse aus der Trainings- und Bewegungslehre werden mit Kenntnissen \u00fcber die Erkrankung des Patienten verbunden.<\/span><\/p>\n<p><span lang=\"DE-CH\">Deshalb wird dieses spezifische Training meistens parallel zu einer Physiotherapie empfohlen. Erzielte Fortschritte werden gefestigt, und es ist m\u00f6glich, ein spezifisches Trainingsprogramm selbstst\u00e4ndig, aber dennoch unter Aufsicht und Anleitung eines anerkannten Therapeuten durchzuf\u00fchren.<\/span>[\/vc_column_text][vc_empty_space]<a itemprop=\"url\" href=\"https:\/\/centreqap.irenepenrose.com\/de\/\" target=\"_self\"  class=\"qodef-btn qodef-btn-medium qodef-btn-solid qodef-btn- qodef-btn-custom-hover-bg \" data-hover-bg-color=\"#f09f37\" >\n    <span class=\"qodef-btn-text\">R\u00fcckkehr<\/span>\n    \t<\/a>[vc_empty_space height=&#8220;200px&#8220;][\/vc_column][\/vc_row]<\/p>\n","protected":false},"excerpt":{"rendered":"<p>[vc_row row_content_width=&#8220;grid&#8220; css=&#8220;.vc_custom_1608505983457{border-bottom-width: 200px !important;padding-top: 40px !important;}&#8220; simple_background_color=&#8220;#f6f6f6&#8243;][vc_column css=&#8220;.vc_custom_1607370366616{padding-bottom: 10px !important;}&#8220;][vc_column_text]Die Medizinische Trainingstherapie (MTT) ist ein Programm zur Muskelst\u00e4rkung, das Ausdauer, Beweglichkeit, St\u00e4rke und Koordination des Bewegungsapparates vereint. Ein weiterer positiver Aspekt ist die St\u00e4rkung des Herz-Kreislaufsystems bei Anstrengung. Kenntnisse [&hellip;]<\/p>\n","protected":false},"author":1,"featured_media":0,"parent":0,"menu_order":0,"comment_status":"closed","ping_status":"closed","template":"full-width.php","meta":{"footnotes":""},"class_list":["post-30223","page","type-page","status-publish","hentry"],"yoast_head":"<!-- This site is optimized with the Yoast SEO plugin v25.0 - https:\/\/yoast.com\/wordpress\/plugins\/seo\/ -->\n<title>MTT | centre qap<\/title>\n<meta name=\"description\" content=\"L\u2019entra\u00eenement th\u00e9rapeutique m\u00e9dical est un programme de renforcement musculaire qui allie endurance, mouvement, force et coordination de l\u2019appareil locomoteur. De plus, il permet une am\u00e9lioration du syst\u00e8me cardio-vasculaire \u00e0 l\u2019effort.\" \/>\n<meta name=\"robots\" content=\"index, follow, max-snippet:-1, max-image-preview:large, max-video-preview:-1\" \/>\n<link rel=\"canonical\" href=\"https:\/\/centreqap.irenepenrose.com\/de\/mtt\/\" \/>\n<meta property=\"og:locale\" content=\"de_DE\" \/>\n<meta property=\"og:type\" content=\"article\" \/>\n<meta property=\"og:title\" content=\"MTT | centre qap\" \/>\n<meta property=\"og:description\" content=\"L\u2019entra\u00eenement th\u00e9rapeutique m\u00e9dical est un programme de renforcement musculaire qui allie endurance, mouvement, force et coordination de l\u2019appareil locomoteur. De plus, il permet une am\u00e9lioration du syst\u00e8me cardio-vasculaire \u00e0 l\u2019effort.\" \/>\n<meta property=\"og:url\" content=\"https:\/\/centreqap.irenepenrose.com\/de\/mtt\/\" \/>\n<meta property=\"og:site_name\" content=\"centre qap\" \/>\n<meta property=\"article:modified_time\" content=\"2021-06-14T21:30:53+00:00\" \/>\n<meta property=\"og:image\" content=\"https:\/\/centreqap.irenepenrose.com\/wp-content\/uploads\/2020\/11\/centre-qap_homepage-objectif-scaled.jpg\" \/>\n\t<meta property=\"og:image:width\" content=\"2560\" \/>\n\t<meta property=\"og:image:height\" content=\"1709\" \/>\n\t<meta property=\"og:image:type\" content=\"image\/jpeg\" \/>\n<meta name=\"twitter:card\" content=\"summary_large_image\" \/>\n<meta name=\"twitter:label1\" content=\"Gesch\u00e4tzte Lesezeit\" \/>\n\t<meta name=\"twitter:data1\" content=\"1\u00a0Minute\" \/>\n<script type=\"application\/ld+json\" class=\"yoast-schema-graph\">{\"@context\":\"https:\/\/schema.org\",\"@graph\":[{\"@type\":\"WebPage\",\"@id\":\"https:\/\/centreqap.irenepenrose.com\/de\/mtt\/\",\"url\":\"https:\/\/centreqap.irenepenrose.com\/de\/mtt\/\",\"name\":\"MTT | centre qap\",\"isPartOf\":{\"@id\":\"https:\/\/centreqap.irenepenrose.com\/de\/#website\"},\"datePublished\":\"2021-02-05T01:20:05+00:00\",\"dateModified\":\"2021-06-14T21:30:53+00:00\",\"description\":\"L\u2019entra\u00eenement th\u00e9rapeutique m\u00e9dical est un programme de renforcement musculaire qui allie endurance, mouvement, force et coordination de l\u2019appareil locomoteur. De plus, il permet une am\u00e9lioration du syst\u00e8me cardio-vasculaire \u00e0 l\u2019effort.\",\"breadcrumb\":{\"@id\":\"https:\/\/centreqap.irenepenrose.com\/de\/mtt\/#breadcrumb\"},\"inLanguage\":\"de\",\"potentialAction\":[{\"@type\":\"ReadAction\",\"target\":[\"https:\/\/centreqap.irenepenrose.com\/de\/mtt\/\"]}]},{\"@type\":\"BreadcrumbList\",\"@id\":\"https:\/\/centreqap.irenepenrose.com\/de\/mtt\/#breadcrumb\",\"itemListElement\":[{\"@type\":\"ListItem\",\"position\":1,\"name\":\"Accueil\",\"item\":\"https:\/\/centreqap.irenepenrose.com\/de\/\"},{\"@type\":\"ListItem\",\"position\":2,\"name\":\"MTT\"}]},{\"@type\":\"WebSite\",\"@id\":\"https:\/\/centreqap.irenepenrose.com\/de\/#website\",\"url\":\"https:\/\/centreqap.irenepenrose.com\/de\/\",\"name\":\"centre qap\",\"description\":\"R\u00e9habilitation p\u00e9diatrique\",\"publisher\":{\"@id\":\"https:\/\/centreqap.irenepenrose.com\/de\/#organization\"},\"potentialAction\":[{\"@type\":\"SearchAction\",\"target\":{\"@type\":\"EntryPoint\",\"urlTemplate\":\"https:\/\/centreqap.irenepenrose.com\/de\/?s={search_term_string}\"},\"query-input\":{\"@type\":\"PropertyValueSpecification\",\"valueRequired\":true,\"valueName\":\"search_term_string\"}}],\"inLanguage\":\"de\"},{\"@type\":\"Organization\",\"@id\":\"https:\/\/centreqap.irenepenrose.com\/de\/#organization\",\"name\":\"Centre qap\",\"url\":\"https:\/\/centreqap.irenepenrose.com\/de\/\",\"logo\":{\"@type\":\"ImageObject\",\"inLanguage\":\"de\",\"@id\":\"https:\/\/centreqap.irenepenrose.com\/de\/#\/schema\/logo\/image\/\",\"url\":\"https:\/\/centreqap.irenepenrose.com\/wp-content\/uploads\/2020\/05\/centre_qap_rehabilitation_pediatrique.png\",\"contentUrl\":\"https:\/\/centreqap.irenepenrose.com\/wp-content\/uploads\/2020\/05\/centre_qap_rehabilitation_pediatrique.png\",\"width\":1000,\"height\":1000,\"caption\":\"Centre qap\"},\"image\":{\"@id\":\"https:\/\/centreqap.irenepenrose.com\/de\/#\/schema\/logo\/image\/\"}}]}<\/script>\n<!-- \/ Yoast SEO plugin. -->","yoast_head_json":{"title":"MTT | centre qap","description":"L\u2019entra\u00eenement th\u00e9rapeutique m\u00e9dical est un programme de renforcement musculaire qui allie endurance, mouvement, force et coordination de l\u2019appareil locomoteur. De plus, il permet une am\u00e9lioration du syst\u00e8me cardio-vasculaire \u00e0 l\u2019effort.","robots":{"index":"index","follow":"follow","max-snippet":"max-snippet:-1","max-image-preview":"max-image-preview:large","max-video-preview":"max-video-preview:-1"},"canonical":"https:\/\/centreqap.irenepenrose.com\/de\/mtt\/","og_locale":"de_DE","og_type":"article","og_title":"MTT | centre qap","og_description":"L\u2019entra\u00eenement th\u00e9rapeutique m\u00e9dical est un programme de renforcement musculaire qui allie endurance, mouvement, force et coordination de l\u2019appareil locomoteur. De plus, il permet une am\u00e9lioration du syst\u00e8me cardio-vasculaire \u00e0 l\u2019effort.","og_url":"https:\/\/centreqap.irenepenrose.com\/de\/mtt\/","og_site_name":"centre qap","article_modified_time":"2021-06-14T21:30:53+00:00","og_image":[{"width":2560,"height":1709,"url":"https:\/\/centreqap.irenepenrose.com\/wp-content\/uploads\/2020\/11\/centre-qap_homepage-objectif-scaled.jpg","type":"image\/jpeg"}],"twitter_card":"summary_large_image","twitter_misc":{"Gesch\u00e4tzte Lesezeit":"1\u00a0Minute"},"schema":{"@context":"https:\/\/schema.org","@graph":[{"@type":"WebPage","@id":"https:\/\/centreqap.irenepenrose.com\/de\/mtt\/","url":"https:\/\/centreqap.irenepenrose.com\/de\/mtt\/","name":"MTT | centre qap","isPartOf":{"@id":"https:\/\/centreqap.irenepenrose.com\/de\/#website"},"datePublished":"2021-02-05T01:20:05+00:00","dateModified":"2021-06-14T21:30:53+00:00","description":"L\u2019entra\u00eenement th\u00e9rapeutique m\u00e9dical est un programme de renforcement musculaire qui allie endurance, mouvement, force et coordination de l\u2019appareil locomoteur. De plus, il permet une am\u00e9lioration du syst\u00e8me cardio-vasculaire \u00e0 l\u2019effort.","breadcrumb":{"@id":"https:\/\/centreqap.irenepenrose.com\/de\/mtt\/#breadcrumb"},"inLanguage":"de","potentialAction":[{"@type":"ReadAction","target":["https:\/\/centreqap.irenepenrose.com\/de\/mtt\/"]}]},{"@type":"BreadcrumbList","@id":"https:\/\/centreqap.irenepenrose.com\/de\/mtt\/#breadcrumb","itemListElement":[{"@type":"ListItem","position":1,"name":"Accueil","item":"https:\/\/centreqap.irenepenrose.com\/de\/"},{"@type":"ListItem","position":2,"name":"MTT"}]},{"@type":"WebSite","@id":"https:\/\/centreqap.irenepenrose.com\/de\/#website","url":"https:\/\/centreqap.irenepenrose.com\/de\/","name":"centre qap","description":"R\u00e9habilitation p\u00e9diatrique","publisher":{"@id":"https:\/\/centreqap.irenepenrose.com\/de\/#organization"},"potentialAction":[{"@type":"SearchAction","target":{"@type":"EntryPoint","urlTemplate":"https:\/\/centreqap.irenepenrose.com\/de\/?s={search_term_string}"},"query-input":{"@type":"PropertyValueSpecification","valueRequired":true,"valueName":"search_term_string"}}],"inLanguage":"de"},{"@type":"Organization","@id":"https:\/\/centreqap.irenepenrose.com\/de\/#organization","name":"Centre qap","url":"https:\/\/centreqap.irenepenrose.com\/de\/","logo":{"@type":"ImageObject","inLanguage":"de","@id":"https:\/\/centreqap.irenepenrose.com\/de\/#\/schema\/logo\/image\/","url":"https:\/\/centreqap.irenepenrose.com\/wp-content\/uploads\/2020\/05\/centre_qap_rehabilitation_pediatrique.png","contentUrl":"https:\/\/centreqap.irenepenrose.com\/wp-content\/uploads\/2020\/05\/centre_qap_rehabilitation_pediatrique.png","width":1000,"height":1000,"caption":"Centre qap"},"image":{"@id":"https:\/\/centreqap.irenepenrose.com\/de\/#\/schema\/logo\/image\/"}}]}},"_links":{"self":[{"href":"https:\/\/centreqap.irenepenrose.com\/de\/wp-json\/wp\/v2\/pages\/30223","targetHints":{"allow":["GET"]}}],"collection":[{"href":"https:\/\/centreqap.irenepenrose.com\/de\/wp-json\/wp\/v2\/pages"}],"about":[{"href":"https:\/\/centreqap.irenepenrose.com\/de\/wp-json\/wp\/v2\/types\/page"}],"author":[{"embeddable":true,"href":"https:\/\/centreqap.irenepenrose.com\/de\/wp-json\/wp\/v2\/users\/1"}],"replies":[{"embeddable":true,"href":"https:\/\/centreqap.irenepenrose.com\/de\/wp-json\/wp\/v2\/comments?post=30223"}],"version-history":[{"count":2,"href":"https:\/\/centreqap.irenepenrose.com\/de\/wp-json\/wp\/v2\/pages\/30223\/revisions"}],"predecessor-version":[{"id":30227,"href":"https:\/\/centreqap.irenepenrose.com\/de\/wp-json\/wp\/v2\/pages\/30223\/revisions\/30227"}],"wp:attachment":[{"href":"https:\/\/centreqap.irenepenrose.com\/de\/wp-json\/wp\/v2\/media?parent=30223"}],"curies":[{"name":"wp","href":"https:\/\/api.w.org\/{rel}","templated":true}]}}