{"id":30234,"date":"2021-02-05T02:21:56","date_gmt":"2021-02-05T01:21:56","guid":{"rendered":"https:\/\/centreqap.ch\/logopedie\/"},"modified":"2021-06-14T23:34:04","modified_gmt":"2021-06-14T21:34:04","slug":"logopaedie","status":"publish","type":"page","link":"https:\/\/centreqap.irenepenrose.com\/de\/logopaedie\/","title":{"rendered":"Logop\u00e4die"},"content":{"rendered":"<p>[vc_row row_content_width=&#8220;grid&#8220; css=&#8220;.vc_custom_1608505983457{border-bottom-width: 200px !important;padding-top: 40px !important;}&#8220; simple_background_color=&#8220;#f6f6f6&#8243;][vc_column css=&#8220;.vc_custom_1607370366616{padding-bottom: 10px !important;}&#8220;][vc_column_text]Die Logop\u00e4die wird von Logop\u00e4den praktiziert und geh\u00f6rt zu einem Fachbereich, der sich mit St\u00f6rungen der Kommunikation, der Sprache, des Sprechens, des Redeflusses, der Stimme, des Schluckens, der Schriftsprache (Lesen und Schreiben) befasst.<\/p>\n<p>Logop\u00e4den diagnostizieren das Problem und k\u00fcmmern sich um die Planung, Durchf\u00fchrung und Erarbeitung von entsprechenden Therapiemassnahmen. Dies geschieht Hand in Hand mit den betroffenen Personen im Umfeld (\u00c4rzte, Psychologen, Eltern, Erzieher und Erzieherinnen usw.)[\/vc_column_text][vc_empty_space]<a itemprop=\"url\" href=\"https:\/\/centreqap.irenepenrose.com\/de\/\" target=\"_self\"  class=\"qodef-btn qodef-btn-medium qodef-btn-solid qodef-btn- qodef-btn-custom-hover-bg \" data-hover-bg-color=\"#f09f37\" >\n    <span class=\"qodef-btn-text\">R\u00fcckkehr<\/span>\n    \t<\/a>[vc_empty_space height=&#8220;200px&#8220;][\/vc_column][\/vc_row]<\/p>\n","protected":false},"excerpt":{"rendered":"<p>[vc_row row_content_width=&#8220;grid&#8220; css=&#8220;.vc_custom_1608505983457{border-bottom-width: 200px !important;padding-top: 40px !important;}&#8220; simple_background_color=&#8220;#f6f6f6&#8243;][vc_column css=&#8220;.vc_custom_1607370366616{padding-bottom: 10px !important;}&#8220;][vc_column_text]Die Logop\u00e4die wird von Logop\u00e4den praktiziert und geh\u00f6rt zu einem Fachbereich, der sich mit St\u00f6rungen der Kommunikation, der Sprache, des Sprechens, des Redeflusses, der Stimme, des Schluckens, der Schriftsprache (Lesen [&hellip;]<\/p>\n","protected":false},"author":1,"featured_media":0,"parent":0,"menu_order":0,"comment_status":"closed","ping_status":"closed","template":"full-width.php","meta":{"footnotes":""},"class_list":["post-30234","page","type-page","status-publish","hentry"],"yoast_head":"<!-- This site is optimized with the Yoast SEO plugin v25.0 - https:\/\/yoast.com\/wordpress\/plugins\/seo\/ -->\n<title>Logop\u00e4die | centre qap<\/title>\n<meta name=\"description\" content=\"La logop\u00e9die est pratiqu\u00e9e par des logop\u00e9distes et li\u00e9e \u00e0 un champ d&#039;expertises et de pratiques th\u00e9rapeutiques sp\u00e9cialis\u00e9es dans l&#039;\u00e9valuation et le traitement des troubles de la communication li\u00e9s \u00e0 la voix, \u00e0 la parole et au langage oral et \u00e9crit, ainsi que des troubles de la d\u00e9glutition et de motricit\u00e9 bucco-faciale.\" \/>\n<meta name=\"robots\" content=\"index, follow, max-snippet:-1, max-image-preview:large, max-video-preview:-1\" \/>\n<link rel=\"canonical\" href=\"https:\/\/centreqap.irenepenrose.com\/de\/logopaedie\/\" \/>\n<meta property=\"og:locale\" content=\"de_DE\" \/>\n<meta property=\"og:type\" content=\"article\" \/>\n<meta property=\"og:title\" content=\"Logop\u00e4die | centre qap\" \/>\n<meta property=\"og:description\" content=\"La logop\u00e9die est pratiqu\u00e9e par des logop\u00e9distes et li\u00e9e \u00e0 un champ d&#039;expertises et de pratiques th\u00e9rapeutiques sp\u00e9cialis\u00e9es dans l&#039;\u00e9valuation et le traitement des troubles de la communication li\u00e9s \u00e0 la voix, \u00e0 la parole et au langage oral et \u00e9crit, ainsi que des troubles de la d\u00e9glutition et de motricit\u00e9 bucco-faciale.\" \/>\n<meta property=\"og:url\" content=\"https:\/\/centreqap.irenepenrose.com\/de\/logopaedie\/\" \/>\n<meta property=\"og:site_name\" content=\"centre qap\" \/>\n<meta property=\"article:modified_time\" content=\"2021-06-14T21:34:04+00:00\" \/>\n<meta property=\"og:image\" content=\"https:\/\/centreqap.irenepenrose.com\/wp-content\/uploads\/2020\/11\/centre-qap_homepage-objectif-scaled.jpg\" \/>\n\t<meta property=\"og:image:width\" content=\"2560\" \/>\n\t<meta property=\"og:image:height\" content=\"1709\" \/>\n\t<meta property=\"og:image:type\" content=\"image\/jpeg\" \/>\n<meta name=\"twitter:card\" content=\"summary_large_image\" \/>\n<meta name=\"twitter:label1\" content=\"Gesch\u00e4tzte Lesezeit\" \/>\n\t<meta name=\"twitter:data1\" content=\"1\u00a0Minute\" \/>\n<script type=\"application\/ld+json\" class=\"yoast-schema-graph\">{\"@context\":\"https:\/\/schema.org\",\"@graph\":[{\"@type\":\"WebPage\",\"@id\":\"https:\/\/centreqap.irenepenrose.com\/de\/logopaedie\/\",\"url\":\"https:\/\/centreqap.irenepenrose.com\/de\/logopaedie\/\",\"name\":\"Logop\u00e4die | centre qap\",\"isPartOf\":{\"@id\":\"https:\/\/centreqap.irenepenrose.com\/de\/#website\"},\"datePublished\":\"2021-02-05T01:21:56+00:00\",\"dateModified\":\"2021-06-14T21:34:04+00:00\",\"description\":\"La logop\u00e9die est pratiqu\u00e9e par des logop\u00e9distes et li\u00e9e \u00e0 un champ d'expertises et de pratiques th\u00e9rapeutiques sp\u00e9cialis\u00e9es dans l'\u00e9valuation et le traitement des troubles de la communication li\u00e9s \u00e0 la voix, \u00e0 la parole et au langage oral et \u00e9crit, ainsi que des troubles de la d\u00e9glutition et de motricit\u00e9 bucco-faciale.\",\"breadcrumb\":{\"@id\":\"https:\/\/centreqap.irenepenrose.com\/de\/logopaedie\/#breadcrumb\"},\"inLanguage\":\"de\",\"potentialAction\":[{\"@type\":\"ReadAction\",\"target\":[\"https:\/\/centreqap.irenepenrose.com\/de\/logopaedie\/\"]}]},{\"@type\":\"BreadcrumbList\",\"@id\":\"https:\/\/centreqap.irenepenrose.com\/de\/logopaedie\/#breadcrumb\",\"itemListElement\":[{\"@type\":\"ListItem\",\"position\":1,\"name\":\"Accueil\",\"item\":\"https:\/\/centreqap.irenepenrose.com\/de\/\"},{\"@type\":\"ListItem\",\"position\":2,\"name\":\"Logop\u00e4die\"}]},{\"@type\":\"WebSite\",\"@id\":\"https:\/\/centreqap.irenepenrose.com\/de\/#website\",\"url\":\"https:\/\/centreqap.irenepenrose.com\/de\/\",\"name\":\"centre qap\",\"description\":\"R\u00e9habilitation p\u00e9diatrique\",\"publisher\":{\"@id\":\"https:\/\/centreqap.irenepenrose.com\/de\/#organization\"},\"potentialAction\":[{\"@type\":\"SearchAction\",\"target\":{\"@type\":\"EntryPoint\",\"urlTemplate\":\"https:\/\/centreqap.irenepenrose.com\/de\/?s={search_term_string}\"},\"query-input\":{\"@type\":\"PropertyValueSpecification\",\"valueRequired\":true,\"valueName\":\"search_term_string\"}}],\"inLanguage\":\"de\"},{\"@type\":\"Organization\",\"@id\":\"https:\/\/centreqap.irenepenrose.com\/de\/#organization\",\"name\":\"Centre qap\",\"url\":\"https:\/\/centreqap.irenepenrose.com\/de\/\",\"logo\":{\"@type\":\"ImageObject\",\"inLanguage\":\"de\",\"@id\":\"https:\/\/centreqap.irenepenrose.com\/de\/#\/schema\/logo\/image\/\",\"url\":\"https:\/\/centreqap.irenepenrose.com\/wp-content\/uploads\/2020\/05\/centre_qap_rehabilitation_pediatrique.png\",\"contentUrl\":\"https:\/\/centreqap.irenepenrose.com\/wp-content\/uploads\/2020\/05\/centre_qap_rehabilitation_pediatrique.png\",\"width\":1000,\"height\":1000,\"caption\":\"Centre qap\"},\"image\":{\"@id\":\"https:\/\/centreqap.irenepenrose.com\/de\/#\/schema\/logo\/image\/\"}}]}<\/script>\n<!-- \/ Yoast SEO plugin. -->","yoast_head_json":{"title":"Logop\u00e4die | centre qap","description":"La logop\u00e9die est pratiqu\u00e9e par des logop\u00e9distes et li\u00e9e \u00e0 un champ d'expertises et de pratiques th\u00e9rapeutiques sp\u00e9cialis\u00e9es dans l'\u00e9valuation et le traitement des troubles de la communication li\u00e9s \u00e0 la voix, \u00e0 la parole et au langage oral et \u00e9crit, ainsi que des troubles de la d\u00e9glutition et de motricit\u00e9 bucco-faciale.","robots":{"index":"index","follow":"follow","max-snippet":"max-snippet:-1","max-image-preview":"max-image-preview:large","max-video-preview":"max-video-preview:-1"},"canonical":"https:\/\/centreqap.irenepenrose.com\/de\/logopaedie\/","og_locale":"de_DE","og_type":"article","og_title":"Logop\u00e4die | centre qap","og_description":"La logop\u00e9die est pratiqu\u00e9e par des logop\u00e9distes et li\u00e9e \u00e0 un champ d'expertises et de pratiques th\u00e9rapeutiques sp\u00e9cialis\u00e9es dans l'\u00e9valuation et le traitement des troubles de la communication li\u00e9s \u00e0 la voix, \u00e0 la parole et au langage oral et \u00e9crit, ainsi que des troubles de la d\u00e9glutition et de motricit\u00e9 bucco-faciale.","og_url":"https:\/\/centreqap.irenepenrose.com\/de\/logopaedie\/","og_site_name":"centre qap","article_modified_time":"2021-06-14T21:34:04+00:00","og_image":[{"width":2560,"height":1709,"url":"https:\/\/centreqap.irenepenrose.com\/wp-content\/uploads\/2020\/11\/centre-qap_homepage-objectif-scaled.jpg","type":"image\/jpeg"}],"twitter_card":"summary_large_image","twitter_misc":{"Gesch\u00e4tzte Lesezeit":"1\u00a0Minute"},"schema":{"@context":"https:\/\/schema.org","@graph":[{"@type":"WebPage","@id":"https:\/\/centreqap.irenepenrose.com\/de\/logopaedie\/","url":"https:\/\/centreqap.irenepenrose.com\/de\/logopaedie\/","name":"Logop\u00e4die | centre qap","isPartOf":{"@id":"https:\/\/centreqap.irenepenrose.com\/de\/#website"},"datePublished":"2021-02-05T01:21:56+00:00","dateModified":"2021-06-14T21:34:04+00:00","description":"La logop\u00e9die est pratiqu\u00e9e par des logop\u00e9distes et li\u00e9e \u00e0 un champ d'expertises et de pratiques th\u00e9rapeutiques sp\u00e9cialis\u00e9es dans l'\u00e9valuation et le traitement des troubles de la communication li\u00e9s \u00e0 la voix, \u00e0 la parole et au langage oral et \u00e9crit, ainsi que des troubles de la d\u00e9glutition et de motricit\u00e9 bucco-faciale.","breadcrumb":{"@id":"https:\/\/centreqap.irenepenrose.com\/de\/logopaedie\/#breadcrumb"},"inLanguage":"de","potentialAction":[{"@type":"ReadAction","target":["https:\/\/centreqap.irenepenrose.com\/de\/logopaedie\/"]}]},{"@type":"BreadcrumbList","@id":"https:\/\/centreqap.irenepenrose.com\/de\/logopaedie\/#breadcrumb","itemListElement":[{"@type":"ListItem","position":1,"name":"Accueil","item":"https:\/\/centreqap.irenepenrose.com\/de\/"},{"@type":"ListItem","position":2,"name":"Logop\u00e4die"}]},{"@type":"WebSite","@id":"https:\/\/centreqap.irenepenrose.com\/de\/#website","url":"https:\/\/centreqap.irenepenrose.com\/de\/","name":"centre qap","description":"R\u00e9habilitation p\u00e9diatrique","publisher":{"@id":"https:\/\/centreqap.irenepenrose.com\/de\/#organization"},"potentialAction":[{"@type":"SearchAction","target":{"@type":"EntryPoint","urlTemplate":"https:\/\/centreqap.irenepenrose.com\/de\/?s={search_term_string}"},"query-input":{"@type":"PropertyValueSpecification","valueRequired":true,"valueName":"search_term_string"}}],"inLanguage":"de"},{"@type":"Organization","@id":"https:\/\/centreqap.irenepenrose.com\/de\/#organization","name":"Centre qap","url":"https:\/\/centreqap.irenepenrose.com\/de\/","logo":{"@type":"ImageObject","inLanguage":"de","@id":"https:\/\/centreqap.irenepenrose.com\/de\/#\/schema\/logo\/image\/","url":"https:\/\/centreqap.irenepenrose.com\/wp-content\/uploads\/2020\/05\/centre_qap_rehabilitation_pediatrique.png","contentUrl":"https:\/\/centreqap.irenepenrose.com\/wp-content\/uploads\/2020\/05\/centre_qap_rehabilitation_pediatrique.png","width":1000,"height":1000,"caption":"Centre qap"},"image":{"@id":"https:\/\/centreqap.irenepenrose.com\/de\/#\/schema\/logo\/image\/"}}]}},"_links":{"self":[{"href":"https:\/\/centreqap.irenepenrose.com\/de\/wp-json\/wp\/v2\/pages\/30234","targetHints":{"allow":["GET"]}}],"collection":[{"href":"https:\/\/centreqap.irenepenrose.com\/de\/wp-json\/wp\/v2\/pages"}],"about":[{"href":"https:\/\/centreqap.irenepenrose.com\/de\/wp-json\/wp\/v2\/types\/page"}],"author":[{"embeddable":true,"href":"https:\/\/centreqap.irenepenrose.com\/de\/wp-json\/wp\/v2\/users\/1"}],"replies":[{"embeddable":true,"href":"https:\/\/centreqap.irenepenrose.com\/de\/wp-json\/wp\/v2\/comments?post=30234"}],"version-history":[{"count":2,"href":"https:\/\/centreqap.irenepenrose.com\/de\/wp-json\/wp\/v2\/pages\/30234\/revisions"}],"predecessor-version":[{"id":30238,"href":"https:\/\/centreqap.irenepenrose.com\/de\/wp-json\/wp\/v2\/pages\/30234\/revisions\/30238"}],"wp:attachment":[{"href":"https:\/\/centreqap.irenepenrose.com\/de\/wp-json\/wp\/v2\/media?parent=30234"}],"curies":[{"name":"wp","href":"https:\/\/api.w.org\/{rel}","templated":true}]}}