{"id":29686,"date":"2020-12-15T13:59:44","date_gmt":"2020-12-15T12:59:44","guid":{"rendered":"https:\/\/centreqap.ch\/accueil\/"},"modified":"2021-10-12T14:30:29","modified_gmt":"2021-10-12T12:30:29","slug":"accueil","status":"publish","type":"page","link":"https:\/\/centreqap.irenepenrose.com\/en\/","title":{"rendered":"Home"},"content":{"rendered":"<p>[vc_row][vc_column][rev_slider_vc alias=&#8221;kindergarten-home-11&#8243; enable_paspartu=&#8221;no&#8221;][vc_empty_space height=&#8221;40px&#8221;][\/vc_column][\/vc_row][vc_row][vc_column]<div class=\"qodef-section-title-holder   qodef-st-animation qodef-st-center\" >\n\t<div class=\"qodef-st-inner\">\n\t\t\t\t\t<h3 class=\"qodef-st-title\" >\n\t\t\t\tA journey into the heart of qap\t\t\t<\/h3>\n\t\t\t\t<span class=\"qodef-st-separator\"><\/span>\n\t\t\t\t\t<\/div>\n<\/div>[vc_empty_space][vc_column_text]<\/p>\n<div style=\"width: 1100px;\" class=\"wp-video\"><!--[if lt IE 9]><script>document.createElement('video');<\/script><![endif]-->\n<video class=\"wp-video-shortcode\" id=\"video-29686-1\" width=\"1100\" height=\"619\" poster=\"https:\/\/centreqap.irenepenrose.com\/wp-content\/uploads\/2021\/10\/centre-qap_homepage-objectif.jpg\" preload=\"metadata\" controls=\"controls\"><source type=\"video\/mp4\" src=\"https:\/\/centreqap.irenepenrose.com\/wp-content\/uploads\/2021\/10\/QAP-EDIT-VF_1.mp4?_=1\" \/><a href=\"https:\/\/centreqap.irenepenrose.com\/wp-content\/uploads\/2021\/10\/QAP-EDIT-VF_1.mp4\">https:\/\/centreqap.irenepenrose.com\/wp-content\/uploads\/2021\/10\/QAP-EDIT-VF_1.mp4<\/a><\/video><\/div>\n<p>[\/vc_column_text][\/vc_column][\/vc_row][vc_row row_content_width=&#8221;grid&#8221; css=&#8221;.vc_custom_1606062970333{padding-top: 80px !important;}&#8221;][vc_column width=&#8221;1\/2&#8243; css=&#8221;.vc_custom_1608505359403{margin-bottom: 50px !important;}&#8221; offset=&#8221;vc_hidden-lg vc_hidden-md vc_hidden-sm&#8221;]<div class=\"qodef-section-title-holder   qodef-st-animation qodef-st-left\" >\n\t<div class=\"qodef-st-inner\">\n\t\t\t\t\t<h3 class=\"qodef-st-title\" >\n\t\t\t\tCentre qap\t\t\t<\/h3>\n\t\t\t\t<span class=\"qodef-st-separator\"><\/span>\n\t\t\t\t\t<\/div>\n<\/div>[vc_column_text]<div class=\"qodef-separator-holder clearfix  qodef-separator-center qodef-separator-normal\">\n\t<div class=\"qodef-separator\" ><\/div>\n<\/div>\n<p>Centre qap offers tailored, targeted treatment for babies, children, and adolescents up to age 20, who need developmental support or specialised rehabilitation.<\/p>\n<p>Working in conjunction with their families, therapists and doctors, we aim to provide effective support for children experiencing developmental difficulties or impairments from illness or trauma so that they progress in the best conditions.<\/p>\n<p>We work as an interdisciplinary team coordinating with the therapists and the health professionals involved in a child\u2019s well-being, including paediatricians, specialists in neurology, neuro-rehabilitation, orthopaedics, pulmonology, and nutrition, as well as experts in robot-assisted therapy.[\/vc_column_text][vc_empty_space height=&#8221;35px&#8221;]<a itemprop=\"url\" href=\"https:\/\/centreqap.irenepenrose.com\/en\/our-therapy-rooms\/\" target=\"_self\"  class=\"qodef-btn qodef-btn-medium qodef-btn-solid qodef-btn- qodef-btn-custom-hover-bg \" data-hover-bg-color=\"#f09f37\" >\n    <span class=\"qodef-btn-text\">Discover Centre qap<\/span>\n    \t<\/a>[\/vc_column][vc_column width=&#8221;1\/2&#8243; css=&#8221;.vc_custom_1608505072998{margin-top: 15px !important;}&#8221; offset=&#8221;vc_hidden-lg vc_hidden-md vc_hidden-sm&#8221;][vc_single_image image=&#8221;29692&#8243; img_size=&#8221;2900&#215;2000&#8243;][\/vc_column][\/vc_row][vc_row row_content_width=&#8221;grid&#8221; css=&#8221;.vc_custom_1608505546486{padding-top: 50px !important;}&#8221;][vc_column width=&#8221;1\/2&#8243; offset=&#8221;vc_hidden-xs&#8221;]<div class=\"qodef-section-title-holder   qodef-st-animation qodef-st-left\" >\n\t<div class=\"qodef-st-inner\">\n\t\t\t\t\t<h3 class=\"qodef-st-title\" >\n\t\t\t\tCentre qap\t\t\t<\/h3>\n\t\t\t\t<span class=\"qodef-st-separator\"><\/span>\n\t\t\t\t\t<\/div>\n<\/div>[vc_column_text]<div class=\"qodef-separator-holder clearfix  qodef-separator-center qodef-separator-normal\">\n\t<div class=\"qodef-separator\" ><\/div>\n<\/div>\n<p>Centre qap offers tailored, targeted treatment for babies, children, and adolescents up to age 20, who need developmental support or specialised rehabilitation.<\/p>\n<p>Working in conjunction with their families, therapists and doctors, we aim to provide effective support for children experiencing developmental difficulties or impairments from illness or trauma so that they progress in the best conditions.<\/p>\n<p>We work as an interdisciplinary team coordinating with the therapists and the health professionals involved in a child\u2019s well-being, including paediatricians, specialists in neurology, neuro-rehabilitation, orthopaedics, pulmonology, and nutrition, as well as experts in robot-assisted therapy.[\/vc_column_text][vc_empty_space height=&#8221;35px&#8221;]<a itemprop=\"url\" href=\"https:\/\/centreqap.irenepenrose.com\/en\/our-therapy-rooms\/\" target=\"_self\"  class=\"qodef-btn qodef-btn-medium qodef-btn-solid qodef-btn- qodef-btn-custom-hover-bg \" data-hover-bg-color=\"#f09f37\" >\n    <span class=\"qodef-btn-text\">Discover Centre qap<\/span>\n    \t<\/a>[vc_empty_space height=&#8221;35px&#8221;][\/vc_column][vc_column width=&#8221;1\/2&#8243; css=&#8221;.vc_custom_1608505101881{margin-top: 15px !important;}&#8221; offset=&#8221;vc_hidden-xs&#8221;][vc_single_image image=&#8221;29692&#8243; img_size=&#8221;2900&#215;2000&#8243;][\/vc_column][\/vc_row][vc_row row_content_width=&#8221;grid&#8221; css=&#8221;.vc_custom_1608505404392{padding-top: 80px !important;}&#8221;][vc_column width=&#8221;1\/2&#8243; offset=&#8221;vc_hidden-xs&#8221;][vc_single_image image=&#8221;29699&#8243; img_size=&#8221;2900&#215;2000&#8243;][\/vc_column][vc_column width=&#8221;1\/2&#8243; offset=&#8221;vc_hidden-xs&#8221;]<div class=\"qodef-section-title-holder   qodef-st-animation qodef-st-left\" >\n\t<div class=\"qodef-st-inner\">\n\t\t\t\t\t<h3 class=\"qodef-st-title\" >\n\t\t\t\tOur therapies\t\t\t<\/h3>\n\t\t\t\t<span class=\"qodef-st-separator\"><\/span>\n\t\t\t\t\t<\/div>\n<\/div>[vc_column_text]<div class=\"qodef-separator-holder clearfix  qodef-separator-center qodef-separator-normal\">\n\t<div class=\"qodef-separator\" ><\/div>\n<\/div>\n<ul>\n<li><span style=\"color: #4999db;\"><a style=\"color: #4999db;\" href=\"https:\/\/centreqap.irenepenrose.com\/en\/physiotherapy\/\">Physiotherapy<\/a><\/span><\/li>\n<li><span style=\"color: #4999db;\"><a style=\"color: #4999db;\" href=\"https:\/\/centreqap.irenepenrose.com\/en\/occupational-therapy\/\">Occupational therapy<\/a><\/span><\/li>\n<li><span style=\"color: #4999db;\"><a style=\"color: #4999db;\" href=\"https:\/\/centreqap.irenepenrose.com\/en\/lokomat\/\">Lokomat\u00ae \u2013 robotic walking aid, gait rehabilitation<\/a><\/span><\/li>\n<li><span style=\"color: #4999db;\"><a style=\"color: #4999db;\" href=\"https:\/\/centreqap.irenepenrose.com\/en\/osteopathy\/\">Osteopathy<\/a><\/span><\/li>\n<li><span style=\"color: #4999db;\"><a style=\"color: #4999db;\" href=\"https:\/\/centreqap.irenepenrose.com\/en\/mtt\/\">Medical training therapy (MTT)<\/a><\/span><\/li>\n<li><span style=\"color: #4999db;\"><a style=\"color: #4999db;\" href=\"https:\/\/centreqap.irenepenrose.com\/en\/massage-therapy\/\">Massage therapy<\/a><\/span><\/li>\n<li><span style=\"color: #4999db;\"><a style=\"color: #4999db;\" href=\"https:\/\/centreqap.irenepenrose.com\/en\/speech-and-language-therapy\/\">Speech and language therapy (to come)<\/a><\/span><\/li>\n<li>Regular assessments; goals set jointly with the family, therapists and doctors; intensive and co-therapy.<\/li>\n<\/ul>\n<p>[\/vc_column_text][vc_empty_space height=&#8221;35px&#8221;]<a itemprop=\"url\" href=\"https:\/\/centreqap.irenepenrose.com\/en\/our-therapies\/\" target=\"_self\"  class=\"qodef-btn qodef-btn-medium qodef-btn-solid qodef-btn- qodef-btn-custom-hover-bg \" data-hover-bg-color=\"#f09f37\" >\n    <span class=\"qodef-btn-text\">Discover our therapies<\/span>\n    \t<\/a>[vc_empty_space height=&#8221;35px&#8221;][\/vc_column][\/vc_row][vc_row row_content_width=&#8221;grid&#8221; css=&#8221;.vc_custom_1608505574576{margin-bottom: 34px !important;padding-bottom: 15px !important;}&#8221;][vc_column width=&#8221;1\/2&#8243; offset=&#8221;vc_hidden-lg vc_hidden-md vc_hidden-sm&#8221; css=&#8221;.vc_custom_1608504977595{margin-bottom: 50px !important;}&#8221;]<div class=\"qodef-section-title-holder   qodef-st-animation qodef-st-left\" >\n\t<div class=\"qodef-st-inner\">\n\t\t\t\t\t<h3 class=\"qodef-st-title\" >\n\t\t\t\tOur therapies\t\t\t<\/h3>\n\t\t\t\t<span class=\"qodef-st-separator\"><\/span>\n\t\t\t\t\t<\/div>\n<\/div>[vc_column_text]<div class=\"qodef-separator-holder clearfix  qodef-separator-center qodef-separator-normal\">\n\t<div class=\"qodef-separator\" ><\/div>\n<\/div>\n<ul>\n<li><span style=\"color: #4999db;\"><a style=\"color: #4999db;\" href=\"https:\/\/centreqap.irenepenrose.com\/en\/physiotherapy\/\">Physiotherapy<\/a><\/span><\/li>\n<li><span style=\"color: #4999db;\"><a style=\"color: #4999db;\" href=\"https:\/\/centreqap.irenepenrose.com\/en\/occupational-therapy\/\">Occupational therapy<\/a><\/span><\/li>\n<li><span style=\"color: #4999db;\"><a style=\"color: #4999db;\" href=\"https:\/\/centreqap.irenepenrose.com\/en\/lokomat\/\">Lokomat\u00ae \u2013 robotic walking aid, gait rehabilitation<\/a><\/span><\/li>\n<li><span style=\"color: #4999db;\"><a style=\"color: #4999db;\" href=\"https:\/\/centreqap.irenepenrose.com\/en\/osteopathy\/\">Osteopathy<\/a><\/span><\/li>\n<li><span style=\"color: #4999db;\"><a style=\"color: #4999db;\" href=\"https:\/\/centreqap.irenepenrose.com\/en\/mtt\/\">Medical training therapy (MTT)<\/a><\/span><\/li>\n<li><span style=\"color: #4999db;\"><a style=\"color: #4999db;\" href=\"https:\/\/centreqap.irenepenrose.com\/en\/massage-therapy\/\">Massage therapy<\/a><\/span><\/li>\n<li><span style=\"color: #4999db;\"><a style=\"color: #4999db;\" href=\"https:\/\/centreqap.irenepenrose.com\/en\/speech-and-language-therapy\/\">Speech and language therapy (to come)<\/a><\/span><\/li>\n<li>Regular assessments; goals set jointly with the family, therapists and doctors; intensive and co-therapy.<\/li>\n<\/ul>\n<p>[\/vc_column_text][vc_empty_space height=&#8221;35px&#8221;]<a itemprop=\"url\" href=\"https:\/\/centreqap.irenepenrose.com\/en\/our-therapies\/\" target=\"_self\"  class=\"qodef-btn qodef-btn-medium qodef-btn-solid qodef-btn- qodef-btn-custom-hover-bg \" data-hover-bg-color=\"#f09f37\" >\n    <span class=\"qodef-btn-text\">Discover our therapies<\/span>\n    \t<\/a>[\/vc_column][vc_column width=&#8221;1\/2&#8243; offset=&#8221;vc_hidden-lg vc_hidden-md vc_hidden-sm&#8221; css=&#8221;.vc_custom_1608505010211{margin-bottom: 50px !important;}&#8221;][vc_single_image image=&#8221;29699&#8243; img_size=&#8221;2900&#215;2000&#8243;][\/vc_column][\/vc_row][vc_row row_content_width=&#8221;grid&#8221; css=&#8221;.vc_custom_1608505597715{margin-bottom: 25px !important;}&#8221;][vc_column]<div class=\"qodef-section-title-holder   qodef-st-animation \" >\n\t<div class=\"qodef-st-inner\">\n\t\t\t\t\t<h3 class=\"qodef-st-title\" >\n\t\t\t\tOur therapists\t\t\t<\/h3>\n\t\t\t\t<span class=\"qodef-st-separator\"><\/span>\n\t\t\t\t\t<\/div>\n<\/div>[\/vc_column][\/vc_row][vc_row row_content_width=&#8221;grid&#8221; css=&#8221;.vc_custom_1608170163088{padding-bottom: 50px !important;}&#8221;][vc_column width=&#8221;1\/2&#8243;][vc_single_image image=&#8221;29708&#8243; img_size=&#8221;2900&#215;2000&#8243;][\/vc_column][vc_column width=&#8221;1\/2&#8243;][vc_single_image image=&#8221;29798&#8243; img_size=&#8221;2900&#215;2000&#8243;][\/vc_column][\/vc_row][vc_row row_content_width=&#8221;grid&#8221;][vc_column width=&#8221;1\/3&#8243;][\/vc_column][vc_column width=&#8221;1\/3&#8243;]<a itemprop=\"url\" href=\"https:\/\/centreqap.irenepenrose.com\/en\/our-therapists\/\" target=\"_self\"  class=\"qodef-btn qodef-btn-medium qodef-btn-solid qodef-btn- qodef-btn-custom-hover-bg button-align: center; \" data-hover-bg-color=\"#f39e59\" >\n    <span class=\"qodef-btn-text\">Meet our therapists<\/span>\n    \t<\/a>[\/vc_column][vc_column width=&#8221;1\/3&#8243;][\/vc_column][\/vc_row][vc_row css=&#8221;.vc_custom_1526911873444{padding-top: 122px !important;padding-bottom: 80px !important;}&#8221;][vc_column]<div class=\"qodef-image-gallery qodef-grid-list qodef-disable-bottom-space  qodef-ig-grid-type qodef-four-columns qodef-no-space qodef-has-shadow \">\n\t<div class=\"qodef-ig-inner qodef-outer-space\">\n\t\t\t\t\t<div class=\"qodef-ig-image qodef-item-space\">\n\t\t\t\t<div class=\"qodef-ig-image-inner\">\n\t\t\t\t\t\t\t\t\t\t\t<img loading=\"lazy\" decoding=\"async\" src=\"https:\/\/centreqap.irenepenrose.com\/wp-content\/uploads\/2020\/12\/centre-qap-gallerie2-500x500.jpg\" alt=\"\" width=\"500\" height=\"500\" \/>\t\t\t\t\t\t\t\t\t<\/div>\n\t\t\t<\/div>\n\t\t\t\t\t<div class=\"qodef-ig-image qodef-item-space\">\n\t\t\t\t<div class=\"qodef-ig-image-inner\">\n\t\t\t\t\t\t\t\t\t\t\t<img loading=\"lazy\" decoding=\"async\" src=\"https:\/\/centreqap.irenepenrose.com\/wp-content\/uploads\/2020\/12\/centre-qap-gallerie10-500x500.jpg\" alt=\"\" width=\"500\" height=\"500\" \/>\t\t\t\t\t\t\t\t\t<\/div>\n\t\t\t<\/div>\n\t\t\t\t\t<div class=\"qodef-ig-image qodef-item-space\">\n\t\t\t\t<div class=\"qodef-ig-image-inner\">\n\t\t\t\t\t\t\t\t\t\t\t<img loading=\"lazy\" decoding=\"async\" src=\"https:\/\/centreqap.irenepenrose.com\/wp-content\/uploads\/2020\/12\/centre-qap-gallerie3-500x500.jpg\" alt=\"\" width=\"500\" height=\"500\" \/>\t\t\t\t\t\t\t\t\t<\/div>\n\t\t\t<\/div>\n\t\t\t\t\t<div class=\"qodef-ig-image qodef-item-space\">\n\t\t\t\t<div class=\"qodef-ig-image-inner\">\n\t\t\t\t\t\t\t\t\t\t\t<img loading=\"lazy\" decoding=\"async\" src=\"https:\/\/centreqap.irenepenrose.com\/wp-content\/uploads\/2020\/12\/centre-qap-gallerie4-500x500.jpg\" alt=\"\" width=\"500\" height=\"500\" \/>\t\t\t\t\t\t\t\t\t<\/div>\n\t\t\t<\/div>\n\t\t\t\t\t<div class=\"qodef-ig-image qodef-item-space\">\n\t\t\t\t<div class=\"qodef-ig-image-inner\">\n\t\t\t\t\t\t\t\t\t\t\t<img loading=\"lazy\" decoding=\"async\" src=\"https:\/\/centreqap.irenepenrose.com\/wp-content\/uploads\/2020\/12\/centre-qap-gallerie5-500x500.jpg\" alt=\"\" width=\"500\" height=\"500\" \/>\t\t\t\t\t\t\t\t\t<\/div>\n\t\t\t<\/div>\n\t\t\t\t\t<div class=\"qodef-ig-image qodef-item-space\">\n\t\t\t\t<div class=\"qodef-ig-image-inner\">\n\t\t\t\t\t\t\t\t\t\t\t<img loading=\"lazy\" decoding=\"async\" src=\"https:\/\/centreqap.irenepenrose.com\/wp-content\/uploads\/2021\/02\/IMG_3475-scaled-500x500.jpg\" alt=\"IMG_3475\" width=\"500\" height=\"500\" \/>\t\t\t\t\t\t\t\t\t<\/div>\n\t\t\t<\/div>\n\t\t\t\t\t<div class=\"qodef-ig-image qodef-item-space\">\n\t\t\t\t<div class=\"qodef-ig-image-inner\">\n\t\t\t\t\t\t\t\t\t\t\t<img loading=\"lazy\" decoding=\"async\" src=\"https:\/\/centreqap.irenepenrose.com\/wp-content\/uploads\/2020\/12\/centre-qap-gallerie6-500x500.jpg\" alt=\"\" width=\"500\" height=\"500\" \/>\t\t\t\t\t\t\t\t\t<\/div>\n\t\t\t<\/div>\n\t\t\t\t\t<div class=\"qodef-ig-image qodef-item-space\">\n\t\t\t\t<div class=\"qodef-ig-image-inner\">\n\t\t\t\t\t\t\t\t\t\t\t<img loading=\"lazy\" decoding=\"async\" src=\"https:\/\/centreqap.irenepenrose.com\/wp-content\/uploads\/2020\/12\/centre-qap-gallerie9-500x500.jpg\" alt=\"centre-qap-gallerie9\" width=\"500\" height=\"500\" \/>\t\t\t\t\t\t\t\t\t<\/div>\n\t\t\t<\/div>\n\t\t\t<\/div>\n<\/div>[vc_empty_space][vc_column_text]Photos : Aline Kundig[\/vc_column_text][\/vc_column][\/vc_row]<\/p>\n","protected":false},"excerpt":{"rendered":"<p>[vc_row][vc_column][rev_slider_vc alias=&#8221;kindergarten-home-11&#8243; enable_paspartu=&#8221;no&#8221;][vc_empty_space height=&#8221;40px&#8221;][\/vc_column][\/vc_row][vc_row][vc_column][vc_empty_space][vc_column_text] [\/vc_column_text][\/vc_column][\/vc_row][vc_row row_content_width=&#8221;grid&#8221; css=&#8221;.vc_custom_1606062970333{padding-top: 80px !important;}&#8221;][vc_column width=&#8221;1\/2&#8243; css=&#8221;.vc_custom_1608505359403{margin-bottom: 50px !important;}&#8221; offset=&#8221;vc_hidden-lg vc_hidden-md vc_hidden-sm&#8221;][vc_column_text] Centre qap offers tailored, targeted treatment for babies, children, and adolescents up to age 20, who need developmental support or specialised rehabilitation. Working in [&hellip;]<\/p>\n","protected":false},"author":1,"featured_media":0,"parent":0,"menu_order":0,"comment_status":"closed","ping_status":"closed","template":"full-width.php","meta":{"footnotes":""},"class_list":["post-29686","page","type-page","status-publish","hentry"],"yoast_head":"<!-- This site is optimized with the Yoast SEO plugin v25.0 - https:\/\/yoast.com\/wordpress\/plugins\/seo\/ -->\n<title>Home | Centre qap : R\u00e9habilitation p\u00e9diatrique<\/title>\n<meta name=\"description\" content=\"Le centre qap propose une prise en charge th\u00e9rapeutique personnalis\u00e9e et cibl\u00e9e pour des b\u00e9b\u00e9s, enfants et adolescents jusqu\u2019\u00e0 20 ans n\u00e9cessitant un soutien dans leur d\u00e9veloppement ou une r\u00e9habilitation sp\u00e9cialis\u00e9e.\" \/>\n<meta name=\"robots\" content=\"index, follow, max-snippet:-1, max-image-preview:large, max-video-preview:-1\" \/>\n<link rel=\"canonical\" href=\"https:\/\/centreqap.irenepenrose.com\/en\/\" \/>\n<meta property=\"og:locale\" content=\"en_US\" \/>\n<meta property=\"og:type\" content=\"article\" \/>\n<meta property=\"og:title\" content=\"Home | Centre qap : R\u00e9habilitation p\u00e9diatrique\" \/>\n<meta property=\"og:description\" content=\"Le centre qap propose une prise en charge th\u00e9rapeutique personnalis\u00e9e et cibl\u00e9e pour des b\u00e9b\u00e9s, enfants et adolescents jusqu\u2019\u00e0 20 ans n\u00e9cessitant un soutien dans leur d\u00e9veloppement ou une r\u00e9habilitation sp\u00e9cialis\u00e9e.\" \/>\n<meta property=\"og:url\" content=\"https:\/\/centreqap.irenepenrose.com\/en\/\" \/>\n<meta property=\"og:site_name\" content=\"Centre qap\" \/>\n<meta property=\"article:modified_time\" content=\"2021-10-12T12:30:29+00:00\" \/>\n<meta property=\"og:image\" content=\"https:\/\/centreqap.irenepenrose.com\/wp-content\/uploads\/2020\/11\/centre-qap_homepage-objectif-scaled.jpg\" \/>\n\t<meta property=\"og:image:width\" content=\"2560\" \/>\n\t<meta property=\"og:image:height\" content=\"1709\" \/>\n\t<meta property=\"og:image:type\" content=\"image\/jpeg\" \/>\n<meta name=\"twitter:card\" content=\"summary_large_image\" \/>\n<meta name=\"twitter:label1\" content=\"Est. reading time\" \/>\n\t<meta name=\"twitter:data1\" content=\"5 minutes\" \/>\n<script type=\"application\/ld+json\" class=\"yoast-schema-graph\">{\"@context\":\"https:\/\/schema.org\",\"@graph\":[{\"@type\":\"WebPage\",\"@id\":\"https:\/\/centreqap.irenepenrose.com\/en\/\",\"url\":\"https:\/\/centreqap.irenepenrose.com\/en\/\",\"name\":\"Home | Centre qap : R\u00e9habilitation p\u00e9diatrique\",\"isPartOf\":{\"@id\":\"https:\/\/centreqap.irenepenrose.com\/en\/#website\"},\"datePublished\":\"2020-12-15T12:59:44+00:00\",\"dateModified\":\"2021-10-12T12:30:29+00:00\",\"description\":\"Le centre qap propose une prise en charge th\u00e9rapeutique personnalis\u00e9e et cibl\u00e9e pour des b\u00e9b\u00e9s, enfants et adolescents jusqu\u2019\u00e0 20 ans n\u00e9cessitant un soutien dans leur d\u00e9veloppement ou une r\u00e9habilitation sp\u00e9cialis\u00e9e.\",\"breadcrumb\":{\"@id\":\"https:\/\/centreqap.irenepenrose.com\/en\/#breadcrumb\"},\"inLanguage\":\"en-US\",\"potentialAction\":[{\"@type\":\"ReadAction\",\"target\":[\"https:\/\/centreqap.irenepenrose.com\/en\/\"]}]},{\"@type\":\"BreadcrumbList\",\"@id\":\"https:\/\/centreqap.irenepenrose.com\/en\/#breadcrumb\",\"itemListElement\":[{\"@type\":\"ListItem\",\"position\":1,\"name\":\"Accueil\",\"item\":\"https:\/\/centreqap.irenepenrose.com\/en\/\"},{\"@type\":\"ListItem\",\"position\":2,\"name\":\"Home\"}]},{\"@type\":\"WebSite\",\"@id\":\"https:\/\/centreqap.irenepenrose.com\/en\/#website\",\"url\":\"https:\/\/centreqap.irenepenrose.com\/en\/\",\"name\":\"Centre qap\",\"description\":\"R\u00e9habilitation p\u00e9diatrique\",\"publisher\":{\"@id\":\"https:\/\/centreqap.irenepenrose.com\/en\/#organization\"},\"potentialAction\":[{\"@type\":\"SearchAction\",\"target\":{\"@type\":\"EntryPoint\",\"urlTemplate\":\"https:\/\/centreqap.irenepenrose.com\/en\/?s={search_term_string}\"},\"query-input\":{\"@type\":\"PropertyValueSpecification\",\"valueRequired\":true,\"valueName\":\"search_term_string\"}}],\"inLanguage\":\"en-US\"},{\"@type\":\"Organization\",\"@id\":\"https:\/\/centreqap.irenepenrose.com\/en\/#organization\",\"name\":\"Centre qap\",\"url\":\"https:\/\/centreqap.irenepenrose.com\/en\/\",\"logo\":{\"@type\":\"ImageObject\",\"inLanguage\":\"en-US\",\"@id\":\"https:\/\/centreqap.irenepenrose.com\/en\/#\/schema\/logo\/image\/\",\"url\":\"https:\/\/centreqap.irenepenrose.com\/wp-content\/uploads\/2020\/05\/centre_qap_rehabilitation_pediatrique.png\",\"contentUrl\":\"https:\/\/centreqap.irenepenrose.com\/wp-content\/uploads\/2020\/05\/centre_qap_rehabilitation_pediatrique.png\",\"width\":1000,\"height\":1000,\"caption\":\"Centre qap\"},\"image\":{\"@id\":\"https:\/\/centreqap.irenepenrose.com\/en\/#\/schema\/logo\/image\/\"}}]}<\/script>\n<!-- \/ Yoast SEO plugin. -->","yoast_head_json":{"title":"Home | Centre qap : R\u00e9habilitation p\u00e9diatrique","description":"Le centre qap propose une prise en charge th\u00e9rapeutique personnalis\u00e9e et cibl\u00e9e pour des b\u00e9b\u00e9s, enfants et adolescents jusqu\u2019\u00e0 20 ans n\u00e9cessitant un soutien dans leur d\u00e9veloppement ou une r\u00e9habilitation sp\u00e9cialis\u00e9e.","robots":{"index":"index","follow":"follow","max-snippet":"max-snippet:-1","max-image-preview":"max-image-preview:large","max-video-preview":"max-video-preview:-1"},"canonical":"https:\/\/centreqap.irenepenrose.com\/en\/","og_locale":"en_US","og_type":"article","og_title":"Home | Centre qap : R\u00e9habilitation p\u00e9diatrique","og_description":"Le centre qap propose une prise en charge th\u00e9rapeutique personnalis\u00e9e et cibl\u00e9e pour des b\u00e9b\u00e9s, enfants et adolescents jusqu\u2019\u00e0 20 ans n\u00e9cessitant un soutien dans leur d\u00e9veloppement ou une r\u00e9habilitation sp\u00e9cialis\u00e9e.","og_url":"https:\/\/centreqap.irenepenrose.com\/en\/","og_site_name":"Centre qap","article_modified_time":"2021-10-12T12:30:29+00:00","og_image":[{"width":2560,"height":1709,"url":"https:\/\/centreqap.irenepenrose.com\/wp-content\/uploads\/2020\/11\/centre-qap_homepage-objectif-scaled.jpg","type":"image\/jpeg"}],"twitter_card":"summary_large_image","twitter_misc":{"Est. reading time":"5 minutes"},"schema":{"@context":"https:\/\/schema.org","@graph":[{"@type":"WebPage","@id":"https:\/\/centreqap.irenepenrose.com\/en\/","url":"https:\/\/centreqap.irenepenrose.com\/en\/","name":"Home | Centre qap : R\u00e9habilitation p\u00e9diatrique","isPartOf":{"@id":"https:\/\/centreqap.irenepenrose.com\/en\/#website"},"datePublished":"2020-12-15T12:59:44+00:00","dateModified":"2021-10-12T12:30:29+00:00","description":"Le centre qap propose une prise en charge th\u00e9rapeutique personnalis\u00e9e et cibl\u00e9e pour des b\u00e9b\u00e9s, enfants et adolescents jusqu\u2019\u00e0 20 ans n\u00e9cessitant un soutien dans leur d\u00e9veloppement ou une r\u00e9habilitation sp\u00e9cialis\u00e9e.","breadcrumb":{"@id":"https:\/\/centreqap.irenepenrose.com\/en\/#breadcrumb"},"inLanguage":"en-US","potentialAction":[{"@type":"ReadAction","target":["https:\/\/centreqap.irenepenrose.com\/en\/"]}]},{"@type":"BreadcrumbList","@id":"https:\/\/centreqap.irenepenrose.com\/en\/#breadcrumb","itemListElement":[{"@type":"ListItem","position":1,"name":"Accueil","item":"https:\/\/centreqap.irenepenrose.com\/en\/"},{"@type":"ListItem","position":2,"name":"Home"}]},{"@type":"WebSite","@id":"https:\/\/centreqap.irenepenrose.com\/en\/#website","url":"https:\/\/centreqap.irenepenrose.com\/en\/","name":"Centre qap","description":"R\u00e9habilitation p\u00e9diatrique","publisher":{"@id":"https:\/\/centreqap.irenepenrose.com\/en\/#organization"},"potentialAction":[{"@type":"SearchAction","target":{"@type":"EntryPoint","urlTemplate":"https:\/\/centreqap.irenepenrose.com\/en\/?s={search_term_string}"},"query-input":{"@type":"PropertyValueSpecification","valueRequired":true,"valueName":"search_term_string"}}],"inLanguage":"en-US"},{"@type":"Organization","@id":"https:\/\/centreqap.irenepenrose.com\/en\/#organization","name":"Centre qap","url":"https:\/\/centreqap.irenepenrose.com\/en\/","logo":{"@type":"ImageObject","inLanguage":"en-US","@id":"https:\/\/centreqap.irenepenrose.com\/en\/#\/schema\/logo\/image\/","url":"https:\/\/centreqap.irenepenrose.com\/wp-content\/uploads\/2020\/05\/centre_qap_rehabilitation_pediatrique.png","contentUrl":"https:\/\/centreqap.irenepenrose.com\/wp-content\/uploads\/2020\/05\/centre_qap_rehabilitation_pediatrique.png","width":1000,"height":1000,"caption":"Centre qap"},"image":{"@id":"https:\/\/centreqap.irenepenrose.com\/en\/#\/schema\/logo\/image\/"}}]}},"_links":{"self":[{"href":"https:\/\/centreqap.irenepenrose.com\/en\/wp-json\/wp\/v2\/pages\/29686","targetHints":{"allow":["GET"]}}],"collection":[{"href":"https:\/\/centreqap.irenepenrose.com\/en\/wp-json\/wp\/v2\/pages"}],"about":[{"href":"https:\/\/centreqap.irenepenrose.com\/en\/wp-json\/wp\/v2\/types\/page"}],"author":[{"embeddable":true,"href":"https:\/\/centreqap.irenepenrose.com\/en\/wp-json\/wp\/v2\/users\/1"}],"replies":[{"embeddable":true,"href":"https:\/\/centreqap.irenepenrose.com\/en\/wp-json\/wp\/v2\/comments?post=29686"}],"version-history":[{"count":5,"href":"https:\/\/centreqap.irenepenrose.com\/en\/wp-json\/wp\/v2\/pages\/29686\/revisions"}],"predecessor-version":[{"id":30382,"href":"https:\/\/centreqap.irenepenrose.com\/en\/wp-json\/wp\/v2\/pages\/29686\/revisions\/30382"}],"wp:attachment":[{"href":"https:\/\/centreqap.irenepenrose.com\/en\/wp-json\/wp\/v2\/media?parent=29686"}],"curies":[{"name":"wp","href":"https:\/\/api.w.org\/{rel}","templated":true}]}}