{"id":29763,"date":"2018-05-25T10:16:02","date_gmt":"2018-05-25T08:16:02","guid":{"rendered":"https:\/\/centreqap.ch\/nos-therapies\/"},"modified":"2021-10-12T10:30:37","modified_gmt":"2021-10-12T08:30:37","slug":"our-therapies","status":"publish","type":"page","link":"https:\/\/centreqap.irenepenrose.com\/en\/our-therapies\/","title":{"rendered":"Our therapies"},"content":{"rendered":"<p>[vc_row row_content_width=&#8221;grid&#8221; css=&#8221;.vc_custom_1607364112685{padding-top: 100px !important;}&#8221; simple_background_color=&#8221;#f6f6f6&#8243;][vc_column]<div class=\"qodef-section-title-holder   qodef-st-animation \" >\n\t<div class=\"qodef-st-inner\">\n\t\t\t\t\t<h3 class=\"qodef-st-title\" >\n\t\t\t\tWhat we offer\t\t\t<\/h3>\n\t\t\t\t<span class=\"qodef-st-separator\"><\/span>\n\t\t\t\t\t<\/div>\n<\/div>[\/vc_column][\/vc_row][vc_row row_content_width=&#8221;grid&#8221; css=&#8221;.vc_custom_1607364146058{padding-top: 40px !important;padding-bottom: 50px !important;}&#8221; simple_background_color=&#8221;#f6f6f6&#8243;][vc_column width=&#8221;1\/2&#8243;][vc_column_text]At Centre qap we offer both traditional and innovative care in a multidisciplinary context.<\/p>\n<p>All our therapies, whether on a regular or intensive basis, are adapted to each child\u2019s specific needs.<\/p>\n<ul>\n<li><span style=\"color: #4999db;\"><a style=\"color: #4999db;\" href=\"https:\/\/centreqap.irenepenrose.com\/en\/physiotherapy\/\">Physiotherapy<\/a><\/span><\/li>\n<li><span style=\"color: #4999db;\"><a style=\"color: #4999db;\" href=\"https:\/\/centreqap.irenepenrose.com\/en\/occupational-therapy\/\">Occupational therapy<\/a><\/span><\/li>\n<li><span style=\"color: #4999db;\"><a style=\"color: #4999db;\" href=\"https:\/\/centreqap.irenepenrose.com\/en\/lokomat\/\">Lokomat\u00ae \u2013 robotic walking aid, gait rehabilitation<\/a><\/span><\/li>\n<li><span style=\"color: #4999db;\"><a style=\"color: #4999db;\" href=\"https:\/\/centreqap.irenepenrose.com\/en\/osteopathy\/\">Osteopathy<\/a><\/span><\/li>\n<li><span style=\"color: #4999db;\"><a style=\"color: #4999db;\" href=\"https:\/\/centreqap.irenepenrose.com\/en\/mtt\/\">Medical training therapy (MTT)<\/a><\/span><\/li>\n<li><span style=\"color: #4999db;\"><a style=\"color: #4999db;\" href=\"https:\/\/centreqap.irenepenrose.com\/en\/massage-therapy\/\">Massage therapy<\/a><\/span><\/li>\n<li><span style=\"color: #4999db;\"><a style=\"color: #4999db;\" href=\"https:\/\/centreqap.irenepenrose.com\/en\/speech-and-language-therapy\/\">Speech and language therapy (to come)<\/a><\/span><\/li>\n<\/ul>\n<p>This wide range of therapy ensures each child receives personalised, targeted support in line with their needs.[\/vc_column_text][\/vc_column][vc_column width=&#8221;1\/2&#8243;][vc_column_text]Intensive therapy is designed to complement the regular treatment that takes place throughout the year.<\/p>\n<p>This concept is inspired by care programmes available in other countries \u2013 and also nearer to home in Zurich, at the Affoltern paediatric rehabilitation centre, with which we already work.<\/p>\n<p>The Centre is also firmly committed to applying to the best advantage all current known and effective therapies, while keeping abreast of and introducing innovative treatments. This is therefore not an exhaustive list of therapies, and the Centre expects to be expanding its range of treatments.<\/p>\n<p>The Centre also works with external health professionals in nutrition, virtual reality and education.[\/vc_column_text][\/vc_column][\/vc_row][vc_row row_content_width=&#8221;grid&#8221; css=&#8221;.vc_custom_1607364088366{padding-top: 50px !important;}&#8221; simple_background_color=&#8221;#f6f6f6&#8243;][vc_column]<div class=\"qodef-section-title-holder   qodef-st-animation \" >\n\t<div class=\"qodef-st-inner\">\n\t\t\t\t\t<h3 class=\"qodef-st-title\" >\n\t\t\t\tWhy intensive therapy?\t\t\t<\/h3>\n\t\t\t\t<span class=\"qodef-st-separator\"><\/span>\n\t\t\t\t\t<\/div>\n<\/div>[\/vc_column][\/vc_row][vc_row row_content_width=&#8221;grid&#8221; css=&#8221;.vc_custom_1608253491960{padding-top: 40px !important;padding-bottom: 40px !important;}&#8221; simple_background_color=&#8221;#f6f6f6&#8243;][vc_column width=&#8221;1\/2&#8243;][vc_column_text]Intensive therapy \u2013 completed over a few weeks and repeated at intervals during the year \u2013 brings very encouraging results in terms of the children\u2019s progress.<\/p>\n<p>A child who comes to us with a difficulty of some kind can be likened to an elite athlete.<\/p>\n<p>Both set themselves specific objectives to be reached in a particular length of time. Both hope to dramatically improve their condition and performance through a personalised, intensive training programme.[\/vc_column_text][\/vc_column][vc_column width=&#8221;1\/2&#8243;][vc_column_text]Our children at qap are little elite athletes who need encouragement, love, patience and the right tools to give them every chance.<\/p>\n<p>These little champions put in the same hard work as an elite athlete as they climb their own personal mountains.<\/p>\n<p>Like athletes, to overcome the hurdles and step up to the next rung of the ladder, they need to alternate periods of intensive training with phases of recovery.[\/vc_column_text][\/vc_column][\/vc_row][vc_row row_content_width=&#8221;grid&#8221; css=&#8221;.vc_custom_1608253475589{padding-bottom: 100px !important;}&#8221; simple_background_color=&#8221;#f6f6f6&#8243;][vc_column width=&#8221;1\/3&#8243;][\/vc_column][vc_column width=&#8221;1\/3&#8243;]<a itemprop=\"url\" href=\"https:\/\/centreqap.irenepenrose.com\/en\/our-team\/\" target=\"_self\"  class=\"qodef-btn qodef-btn-medium qodef-btn-solid qodef-btn- qodef-btn-custom-hover-bg qodef-hover-animation\" data-hover-item-bg-color=\"#f39e59\" >\n    <span class=\"qodef-btn-text\">Meet our team<\/span>\n    \t\t\t<span class=\"qodef-blob-btn-inner\">\n\t\t\t<span class=\"qodef-blob-btn-blobs\">\n\t\t\t<span class=\"qodef-blob-btn-blob\"><\/span>\n\t\t\t<span class=\"qodef-blob-btn-blob\"><\/span>\n\t\t\t<span class=\"qodef-blob-btn-blob\"><\/span>\n\t\t\t<span class=\"qodef-blob-btn-blob\"><\/span>\n\t\t<\/span>\n    <\/span>\n\t<\/a>[\/vc_column][vc_column width=&#8221;1\/3&#8243;][\/vc_column][\/vc_row][vc_row row_content_width=&#8221;grid&#8221; css=&#8221;.vc_custom_1607363849915{background-color: #f6f6f6 !important;}&#8221; simple_background_color=&#8221;#f6f6f6&#8243;][vc_column width=&#8221;1\/2&#8243;][vc_single_image image=&#8221;30086&#8243; img_size=&#8221;full&#8221;][vc_empty_space]<a itemprop=\"url\" href=\"https:\/\/centreqap.irenepenrose.com\/en\/team-member\/marie-bouchardy\/\" target=\"_self\"  class=\"qodef-btn qodef-btn-medium qodef-btn-solid qodef-btn- qodef-hover-animation\"  >\n    <span class=\"qodef-btn-text\">Marie Bouchardy, physiotherapist<\/span>\n    \t\t\t<span class=\"qodef-blob-btn-inner\">\n\t\t\t<span class=\"qodef-blob-btn-blobs\">\n\t\t\t<span class=\"qodef-blob-btn-blob\"><\/span>\n\t\t\t<span class=\"qodef-blob-btn-blob\"><\/span>\n\t\t\t<span class=\"qodef-blob-btn-blob\"><\/span>\n\t\t\t<span class=\"qodef-blob-btn-blob\"><\/span>\n\t\t<\/span>\n    <\/span>\n\t<\/a>[\/vc_column][vc_column width=&#8221;1\/2&#8243;][vc_single_image image=&#8221;30087&#8243; img_size=&#8221;full&#8221;][vc_empty_space]<a itemprop=\"url\" href=\"https:\/\/centreqap.irenepenrose.com\/en\/team-member\/adele-mesnil\/\" target=\"_self\"  class=\"qodef-btn qodef-btn-medium qodef-btn-solid qodef-btn- qodef-hover-animation\"  >\n    <span class=\"qodef-btn-text\">Ad\u00e8le Mesnil, physiotherapist<\/span>\n    \t\t\t<span class=\"qodef-blob-btn-inner\">\n\t\t\t<span class=\"qodef-blob-btn-blobs\">\n\t\t\t<span class=\"qodef-blob-btn-blob\"><\/span>\n\t\t\t<span class=\"qodef-blob-btn-blob\"><\/span>\n\t\t\t<span class=\"qodef-blob-btn-blob\"><\/span>\n\t\t\t<span class=\"qodef-blob-btn-blob\"><\/span>\n\t\t<\/span>\n    <\/span>\n\t<\/a>[\/vc_column][\/vc_row][vc_row row_content_width=&#8221;grid&#8221; css=&#8221;.vc_custom_1607363849915{background-color: #f6f6f6 !important;}&#8221; simple_background_color=&#8221;#f6f6f6&#8243;][vc_column width=&#8221;1\/2&#8243;][vc_single_image image=&#8221;30088&#8243; img_size=&#8221;full&#8221;][vc_empty_space]<a itemprop=\"url\" href=\"https:\/\/centreqap.irenepenrose.com\/en\/team-member\/dominique-scherrer\/\" target=\"_self\"  class=\"qodef-btn qodef-btn-medium qodef-btn-solid qodef-btn- qodef-hover-animation\"  >\n    <span class=\"qodef-btn-text\">Dominique Scherrer, physiotherapist<\/span>\n    \t\t\t<span class=\"qodef-blob-btn-inner\">\n\t\t\t<span class=\"qodef-blob-btn-blobs\">\n\t\t\t<span class=\"qodef-blob-btn-blob\"><\/span>\n\t\t\t<span class=\"qodef-blob-btn-blob\"><\/span>\n\t\t\t<span class=\"qodef-blob-btn-blob\"><\/span>\n\t\t\t<span class=\"qodef-blob-btn-blob\"><\/span>\n\t\t<\/span>\n    <\/span>\n\t<\/a>[\/vc_column][vc_column width=&#8221;1\/2&#8243;][vc_single_image image=&#8221;30089&#8243; img_size=&#8221;full&#8221;][vc_empty_space]<a itemprop=\"url\" href=\"https:\/\/centreqap.irenepenrose.com\/en\/team-member\/annelise-heriteau\/\" target=\"_self\"  class=\"qodef-btn qodef-btn-medium qodef-btn-solid qodef-btn- qodef-hover-animation\"  >\n    <span class=\"qodef-btn-text\">Annelise Heriteau , occupational therapist<\/span>\n    \t\t\t<span class=\"qodef-blob-btn-inner\">\n\t\t\t<span class=\"qodef-blob-btn-blobs\">\n\t\t\t<span class=\"qodef-blob-btn-blob\"><\/span>\n\t\t\t<span class=\"qodef-blob-btn-blob\"><\/span>\n\t\t\t<span class=\"qodef-blob-btn-blob\"><\/span>\n\t\t\t<span class=\"qodef-blob-btn-blob\"><\/span>\n\t\t<\/span>\n    <\/span>\n\t<\/a>[\/vc_column][\/vc_row][vc_row row_content_width=&#8221;grid&#8221; css=&#8221;.vc_custom_1608254516119{background-color: #f6f6f6 !important;}&#8221; simple_background_color=&#8221;#f6f6f6&#8243;][vc_column width=&#8221;1\/2&#8243;][vc_single_image image=&#8221;30093&#8243; img_size=&#8221;full&#8221;][vc_empty_space]<a itemprop=\"url\" href=\"https:\/\/centreqap.irenepenrose.com\/en\/team-member\/irene-rosselli\/\" target=\"_self\"  class=\"qodef-btn qodef-btn-medium qodef-btn-solid qodef-btn- qodef-hover-animation\"  >\n    <span class=\"qodef-btn-text\">Irene Rosselli, movement technology specialist<\/span>\n    \t\t\t<span class=\"qodef-blob-btn-inner\">\n\t\t\t<span class=\"qodef-blob-btn-blobs\">\n\t\t\t<span class=\"qodef-blob-btn-blob\"><\/span>\n\t\t\t<span class=\"qodef-blob-btn-blob\"><\/span>\n\t\t\t<span class=\"qodef-blob-btn-blob\"><\/span>\n\t\t\t<span class=\"qodef-blob-btn-blob\"><\/span>\n\t\t<\/span>\n    <\/span>\n\t<\/a>[\/vc_column][vc_column width=&#8221;1\/2&#8243;][vc_single_image image=&#8221;30091&#8243; img_size=&#8221;full&#8221;][vc_empty_space]<a itemprop=\"url\" href=\"https:\/\/centreqap.irenepenrose.com\/en\/team-member\/laurene-gonindard\/\" target=\"_self\"  class=\"qodef-btn qodef-btn-medium qodef-btn-solid qodef-btn- qodef-hover-animation\"  >\n    <span class=\"qodef-btn-text\">Laurene Gonindard, osteopath<\/span>\n    \t\t\t<span class=\"qodef-blob-btn-inner\">\n\t\t\t<span class=\"qodef-blob-btn-blobs\">\n\t\t\t<span class=\"qodef-blob-btn-blob\"><\/span>\n\t\t\t<span class=\"qodef-blob-btn-blob\"><\/span>\n\t\t\t<span class=\"qodef-blob-btn-blob\"><\/span>\n\t\t\t<span class=\"qodef-blob-btn-blob\"><\/span>\n\t\t<\/span>\n    <\/span>\n\t<\/a>[\/vc_column][\/vc_row][vc_row row_content_width=&#8221;grid&#8221; css=&#8221;.vc_custom_1608254471741{background-color: #f6f6f6 !important;}&#8221; simple_background_color=&#8221;#f6f6f6&#8243;][vc_column width=&#8221;1\/2&#8243;][vc_single_image image=&#8221;30092&#8243; img_size=&#8221;full&#8221;][vc_empty_space]<a itemprop=\"url\" href=\"https:\/\/centreqap.irenepenrose.com\/en\/team-member\/vincent-martin\/\" target=\"_self\"  class=\"qodef-btn qodef-btn-medium qodef-btn-solid qodef-btn- qodef-hover-animation\"  >\n    <span class=\"qodef-btn-text\">Vincent Martin, massage therapist<\/span>\n    \t\t\t<span class=\"qodef-blob-btn-inner\">\n\t\t\t<span class=\"qodef-blob-btn-blobs\">\n\t\t\t<span class=\"qodef-blob-btn-blob\"><\/span>\n\t\t\t<span class=\"qodef-blob-btn-blob\"><\/span>\n\t\t\t<span class=\"qodef-blob-btn-blob\"><\/span>\n\t\t\t<span class=\"qodef-blob-btn-blob\"><\/span>\n\t\t<\/span>\n    <\/span>\n\t<\/a>[\/vc_column][vc_column width=&#8221;1\/2&#8243;][\/vc_column][\/vc_row][vc_row row_content_width=&#8221;grid&#8221; css=&#8221;.vc_custom_1608254471741{background-color: #f6f6f6 !important;}&#8221; simple_background_color=&#8221;#f6f6f6&#8243;][vc_column][vc_empty_space][\/vc_column][\/vc_row]<\/p>\n","protected":false},"excerpt":{"rendered":"<p>[vc_row row_content_width=&#8221;grid&#8221; css=&#8221;.vc_custom_1607364112685{padding-top: 100px !important;}&#8221; simple_background_color=&#8221;#f6f6f6&#8243;][vc_column][\/vc_column][\/vc_row][vc_row row_content_width=&#8221;grid&#8221; css=&#8221;.vc_custom_1607364146058{padding-top: 40px !important;padding-bottom: 50px !important;}&#8221; simple_background_color=&#8221;#f6f6f6&#8243;][vc_column width=&#8221;1\/2&#8243;][vc_column_text]At Centre qap we offer both traditional and innovative care in a multidisciplinary context. All our therapies, whether on a regular or intensive basis, are adapted to [&hellip;]<\/p>\n","protected":false},"author":1,"featured_media":0,"parent":0,"menu_order":0,"comment_status":"closed","ping_status":"closed","template":"full-width.php","meta":{"footnotes":""},"class_list":["post-29763","page","type-page","status-publish","hentry"],"yoast_head":"<!-- This site is optimized with the Yoast SEO plugin v25.0 - https:\/\/yoast.com\/wordpress\/plugins\/seo\/ -->\n<title>Our therapies | Centre qap<\/title>\n<meta name=\"description\" content=\"Le Centre qap propose une prise en charge pluridisciplinaire, conventionnelle et innovante. Chaque th\u00e9rapie, r\u00e9guli\u00e8re ou intensive est adapt\u00e9e aux besoins sp\u00e9cifiques de chaque enfant.\" \/>\n<meta name=\"robots\" content=\"index, follow, max-snippet:-1, max-image-preview:large, max-video-preview:-1\" \/>\n<link rel=\"canonical\" href=\"https:\/\/centreqap.irenepenrose.com\/en\/our-therapies\/\" \/>\n<meta property=\"og:locale\" content=\"en_US\" \/>\n<meta property=\"og:type\" content=\"article\" \/>\n<meta property=\"og:title\" content=\"Our therapies | Centre qap\" \/>\n<meta property=\"og:description\" content=\"Le Centre qap propose une prise en charge pluridisciplinaire, conventionnelle et innovante. Chaque th\u00e9rapie, r\u00e9guli\u00e8re ou intensive est adapt\u00e9e aux besoins sp\u00e9cifiques de chaque enfant.\" \/>\n<meta property=\"og:url\" content=\"https:\/\/centreqap.irenepenrose.com\/en\/our-therapies\/\" \/>\n<meta property=\"og:site_name\" content=\"Centre qap\" \/>\n<meta property=\"article:modified_time\" content=\"2021-10-12T08:30:37+00:00\" \/>\n<meta property=\"og:image\" content=\"https:\/\/centreqap.irenepenrose.com\/wp-content\/uploads\/2020\/11\/centre-qap_homepage-objectif-scaled.jpg\" \/>\n\t<meta property=\"og:image:width\" content=\"2560\" \/>\n\t<meta property=\"og:image:height\" content=\"1709\" \/>\n\t<meta property=\"og:image:type\" content=\"image\/jpeg\" \/>\n<meta name=\"twitter:card\" content=\"summary_large_image\" \/>\n<meta name=\"twitter:label1\" content=\"Est. reading time\" \/>\n\t<meta name=\"twitter:data1\" content=\"5 minutes\" \/>\n<script type=\"application\/ld+json\" class=\"yoast-schema-graph\">{\"@context\":\"https:\/\/schema.org\",\"@graph\":[{\"@type\":\"WebPage\",\"@id\":\"https:\/\/centreqap.irenepenrose.com\/en\/our-therapies\/\",\"url\":\"https:\/\/centreqap.irenepenrose.com\/en\/our-therapies\/\",\"name\":\"Our therapies | Centre qap\",\"isPartOf\":{\"@id\":\"https:\/\/centreqap.irenepenrose.com\/en\/#website\"},\"datePublished\":\"2018-05-25T08:16:02+00:00\",\"dateModified\":\"2021-10-12T08:30:37+00:00\",\"description\":\"Le Centre qap propose une prise en charge pluridisciplinaire, conventionnelle et innovante. Chaque th\u00e9rapie, r\u00e9guli\u00e8re ou intensive est adapt\u00e9e aux besoins sp\u00e9cifiques de chaque enfant.\",\"breadcrumb\":{\"@id\":\"https:\/\/centreqap.irenepenrose.com\/en\/our-therapies\/#breadcrumb\"},\"inLanguage\":\"en-US\",\"potentialAction\":[{\"@type\":\"ReadAction\",\"target\":[\"https:\/\/centreqap.irenepenrose.com\/en\/our-therapies\/\"]}]},{\"@type\":\"BreadcrumbList\",\"@id\":\"https:\/\/centreqap.irenepenrose.com\/en\/our-therapies\/#breadcrumb\",\"itemListElement\":[{\"@type\":\"ListItem\",\"position\":1,\"name\":\"Accueil\",\"item\":\"https:\/\/centreqap.irenepenrose.com\/en\/\"},{\"@type\":\"ListItem\",\"position\":2,\"name\":\"Our therapies\"}]},{\"@type\":\"WebSite\",\"@id\":\"https:\/\/centreqap.irenepenrose.com\/en\/#website\",\"url\":\"https:\/\/centreqap.irenepenrose.com\/en\/\",\"name\":\"Centre qap\",\"description\":\"R\u00e9habilitation p\u00e9diatrique\",\"publisher\":{\"@id\":\"https:\/\/centreqap.irenepenrose.com\/en\/#organization\"},\"potentialAction\":[{\"@type\":\"SearchAction\",\"target\":{\"@type\":\"EntryPoint\",\"urlTemplate\":\"https:\/\/centreqap.irenepenrose.com\/en\/?s={search_term_string}\"},\"query-input\":{\"@type\":\"PropertyValueSpecification\",\"valueRequired\":true,\"valueName\":\"search_term_string\"}}],\"inLanguage\":\"en-US\"},{\"@type\":\"Organization\",\"@id\":\"https:\/\/centreqap.irenepenrose.com\/en\/#organization\",\"name\":\"Centre qap\",\"url\":\"https:\/\/centreqap.irenepenrose.com\/en\/\",\"logo\":{\"@type\":\"ImageObject\",\"inLanguage\":\"en-US\",\"@id\":\"https:\/\/centreqap.irenepenrose.com\/en\/#\/schema\/logo\/image\/\",\"url\":\"https:\/\/centreqap.irenepenrose.com\/wp-content\/uploads\/2020\/05\/centre_qap_rehabilitation_pediatrique.png\",\"contentUrl\":\"https:\/\/centreqap.irenepenrose.com\/wp-content\/uploads\/2020\/05\/centre_qap_rehabilitation_pediatrique.png\",\"width\":1000,\"height\":1000,\"caption\":\"Centre qap\"},\"image\":{\"@id\":\"https:\/\/centreqap.irenepenrose.com\/en\/#\/schema\/logo\/image\/\"}}]}<\/script>\n<!-- \/ Yoast SEO plugin. -->","yoast_head_json":{"title":"Our therapies | Centre qap","description":"Le Centre qap propose une prise en charge pluridisciplinaire, conventionnelle et innovante. Chaque th\u00e9rapie, r\u00e9guli\u00e8re ou intensive est adapt\u00e9e aux besoins sp\u00e9cifiques de chaque enfant.","robots":{"index":"index","follow":"follow","max-snippet":"max-snippet:-1","max-image-preview":"max-image-preview:large","max-video-preview":"max-video-preview:-1"},"canonical":"https:\/\/centreqap.irenepenrose.com\/en\/our-therapies\/","og_locale":"en_US","og_type":"article","og_title":"Our therapies | Centre qap","og_description":"Le Centre qap propose une prise en charge pluridisciplinaire, conventionnelle et innovante. Chaque th\u00e9rapie, r\u00e9guli\u00e8re ou intensive est adapt\u00e9e aux besoins sp\u00e9cifiques de chaque enfant.","og_url":"https:\/\/centreqap.irenepenrose.com\/en\/our-therapies\/","og_site_name":"Centre qap","article_modified_time":"2021-10-12T08:30:37+00:00","og_image":[{"width":2560,"height":1709,"url":"https:\/\/centreqap.irenepenrose.com\/wp-content\/uploads\/2020\/11\/centre-qap_homepage-objectif-scaled.jpg","type":"image\/jpeg"}],"twitter_card":"summary_large_image","twitter_misc":{"Est. reading time":"5 minutes"},"schema":{"@context":"https:\/\/schema.org","@graph":[{"@type":"WebPage","@id":"https:\/\/centreqap.irenepenrose.com\/en\/our-therapies\/","url":"https:\/\/centreqap.irenepenrose.com\/en\/our-therapies\/","name":"Our therapies | Centre qap","isPartOf":{"@id":"https:\/\/centreqap.irenepenrose.com\/en\/#website"},"datePublished":"2018-05-25T08:16:02+00:00","dateModified":"2021-10-12T08:30:37+00:00","description":"Le Centre qap propose une prise en charge pluridisciplinaire, conventionnelle et innovante. Chaque th\u00e9rapie, r\u00e9guli\u00e8re ou intensive est adapt\u00e9e aux besoins sp\u00e9cifiques de chaque enfant.","breadcrumb":{"@id":"https:\/\/centreqap.irenepenrose.com\/en\/our-therapies\/#breadcrumb"},"inLanguage":"en-US","potentialAction":[{"@type":"ReadAction","target":["https:\/\/centreqap.irenepenrose.com\/en\/our-therapies\/"]}]},{"@type":"BreadcrumbList","@id":"https:\/\/centreqap.irenepenrose.com\/en\/our-therapies\/#breadcrumb","itemListElement":[{"@type":"ListItem","position":1,"name":"Accueil","item":"https:\/\/centreqap.irenepenrose.com\/en\/"},{"@type":"ListItem","position":2,"name":"Our therapies"}]},{"@type":"WebSite","@id":"https:\/\/centreqap.irenepenrose.com\/en\/#website","url":"https:\/\/centreqap.irenepenrose.com\/en\/","name":"Centre qap","description":"R\u00e9habilitation p\u00e9diatrique","publisher":{"@id":"https:\/\/centreqap.irenepenrose.com\/en\/#organization"},"potentialAction":[{"@type":"SearchAction","target":{"@type":"EntryPoint","urlTemplate":"https:\/\/centreqap.irenepenrose.com\/en\/?s={search_term_string}"},"query-input":{"@type":"PropertyValueSpecification","valueRequired":true,"valueName":"search_term_string"}}],"inLanguage":"en-US"},{"@type":"Organization","@id":"https:\/\/centreqap.irenepenrose.com\/en\/#organization","name":"Centre qap","url":"https:\/\/centreqap.irenepenrose.com\/en\/","logo":{"@type":"ImageObject","inLanguage":"en-US","@id":"https:\/\/centreqap.irenepenrose.com\/en\/#\/schema\/logo\/image\/","url":"https:\/\/centreqap.irenepenrose.com\/wp-content\/uploads\/2020\/05\/centre_qap_rehabilitation_pediatrique.png","contentUrl":"https:\/\/centreqap.irenepenrose.com\/wp-content\/uploads\/2020\/05\/centre_qap_rehabilitation_pediatrique.png","width":1000,"height":1000,"caption":"Centre qap"},"image":{"@id":"https:\/\/centreqap.irenepenrose.com\/en\/#\/schema\/logo\/image\/"}}]}},"_links":{"self":[{"href":"https:\/\/centreqap.irenepenrose.com\/en\/wp-json\/wp\/v2\/pages\/29763","targetHints":{"allow":["GET"]}}],"collection":[{"href":"https:\/\/centreqap.irenepenrose.com\/en\/wp-json\/wp\/v2\/pages"}],"about":[{"href":"https:\/\/centreqap.irenepenrose.com\/en\/wp-json\/wp\/v2\/types\/page"}],"author":[{"embeddable":true,"href":"https:\/\/centreqap.irenepenrose.com\/en\/wp-json\/wp\/v2\/users\/1"}],"replies":[{"embeddable":true,"href":"https:\/\/centreqap.irenepenrose.com\/en\/wp-json\/wp\/v2\/comments?post=29763"}],"version-history":[{"count":5,"href":"https:\/\/centreqap.irenepenrose.com\/en\/wp-json\/wp\/v2\/pages\/29763\/revisions"}],"predecessor-version":[{"id":30379,"href":"https:\/\/centreqap.irenepenrose.com\/en\/wp-json\/wp\/v2\/pages\/29763\/revisions\/30379"}],"wp:attachment":[{"href":"https:\/\/centreqap.irenepenrose.com\/en\/wp-json\/wp\/v2\/media?parent=29763"}],"curies":[{"name":"wp","href":"https:\/\/api.w.org\/{rel}","templated":true}]}}