{"id":29827,"date":"2020-12-07T20:46:37","date_gmt":"2020-12-07T19:46:37","guid":{"rendered":"https:\/\/centreqap.ch\/association\/"},"modified":"2021-06-02T00:42:37","modified_gmt":"2021-06-01T22:42:37","slug":"lokhos","status":"publish","type":"page","link":"https:\/\/centreqap.irenepenrose.com\/en\/lokhos\/","title":{"rendered":"Association Lokhos"},"content":{"rendered":"<p>[vc_row row_content_width=&#8221;grid&#8221; css=&#8221;.vc_custom_1607364112685{padding-top: 100px !important;}&#8221; simple_background_color=&#8221;#f6f6f6&#8243;][vc_column]<div class=\"qodef-section-title-holder   qodef-st-animation \" >\n\t<div class=\"qodef-st-inner\">\n\t\t\t\t\t<h3 class=\"qodef-st-title\" >\n\t\t\t\tHistory\t\t\t<\/h3>\n\t\t\t\t<span class=\"qodef-st-separator\"><\/span>\n\t\t\t\t\t<\/div>\n<\/div>[\/vc_column][\/vc_row][vc_row row_content_width=&#8221;grid&#8221; css=&#8221;.vc_custom_1607370382165{padding-top: 40px !important;}&#8221; simple_background_color=&#8221;#f6f6f6&#8243;][vc_column width=&#8221;1\/2&#8243; css=&#8221;.vc_custom_1607370366616{padding-bottom: 10px !important;}&#8221;][vc_column_text]Lokhos is a non-profit association, founded in March 2019 and recognised as a charitable institution of public benefit.<\/p>\n<p>It receives support from private foundations and donors, but continues to seek further funding to ensure its survival.<\/p>\n<p>Thanks to this financial support, Centre qap opened its doors in June 2020, occupying a welcoming 550 square-metre space on one level.<\/p>\n<p>The idea came together in 2018 when parents of children with special needs, doctors and therapists decided to join forces to create a multidisciplinary centre offering traditional and innovative therapies and serving the south-western part of Switzerland. It has close links to Swiss hospitals, and is resolutely forward-looking in terms of robot-assisted therapy and virtual reality.[\/vc_column_text][vc_column_text]<strong>Research<\/strong><\/p>\n<p>In cooperation with the Geneva University Hospitals (HUG) and the Lausanne University Hospital (CHUV) it is planned to establish treatment protocols to allow data to be gathered and eventually finance research projects.[\/vc_column_text][\/vc_column][vc_column width=&#8221;1\/2&#8243;][vc_column_text]<strong>The founding members of the Association:<\/strong><\/p>\n<p><strong>Gabrielle Boetsch<\/strong>, President<br \/>\n<strong>Dr Finn Mahler<\/strong>, Secretary<br \/>\n<strong>Arnaud Boetsch<\/strong>, Treasurer<br \/>\n<strong>Marie Bouchardy<\/strong><br \/>\n<strong>Dr Jean-Yves Corajod<\/strong><br \/>\n<strong>Dr Geraldo de Coulon<\/strong><br \/>\n<strong>Ma\u00eetre Pascal Aeby<\/strong>[\/vc_column_text][vc_column_text]<\/p>\n<h4><strong>Why &#8220;qap&#8221;?<\/strong><\/h4>\n<p>Where does the word \u201cqap\u201d come from? It is a different take on the French word \u201ccap\u201d, which signifies a place to set your sights on, a new perspective, a milestone. And \u201cqap\u201d is like the last syllable of the word \u201chandicap\u201d \u2013 at which we are thumbing our noses. The q and the p, depicted as mirror images of each other, are like two crutches or pillars to lean on and pull yourself up to look beyond the handicap. It is also a nod to the expression, \u201ct\u2019es cap?\u201d or in other words: \u201cReady to try?\u201d.[\/vc_column_text][\/vc_column][\/vc_row][vc_row row_content_width=&#8221;grid&#8221; css=&#8221;.vc_custom_1607371488629{padding-bottom: 50px !important;background-color: #f6f6f6 !important;}&#8221; simple_background_color=&#8221;#f6f6f6&#8243;][vc_column width=&#8221;1\/2&#8243;][vc_single_image image=&#8221;29698&#8243; img_size=&#8221;full&#8221;][\/vc_column][vc_column width=&#8221;1\/2&#8243;][vc_single_image image=&#8221;29488&#8243; img_size=&#8221;full&#8221;][\/vc_column][\/vc_row]<\/p>\n","protected":false},"excerpt":{"rendered":"<p>[vc_row row_content_width=&#8221;grid&#8221; css=&#8221;.vc_custom_1607364112685{padding-top: 100px !important;}&#8221; simple_background_color=&#8221;#f6f6f6&#8243;][vc_column][\/vc_column][\/vc_row][vc_row row_content_width=&#8221;grid&#8221; css=&#8221;.vc_custom_1607370382165{padding-top: 40px !important;}&#8221; simple_background_color=&#8221;#f6f6f6&#8243;][vc_column width=&#8221;1\/2&#8243; css=&#8221;.vc_custom_1607370366616{padding-bottom: 10px !important;}&#8221;][vc_column_text]Lokhos is a non-profit association, founded in March 2019 and recognised as a charitable institution of public benefit. It receives support from private foundations and donors, [&hellip;]<\/p>\n","protected":false},"author":1,"featured_media":0,"parent":0,"menu_order":0,"comment_status":"closed","ping_status":"closed","template":"full-width.php","meta":{"footnotes":""},"class_list":["post-29827","page","type-page","status-publish","hentry"],"yoast_head":"<!-- This site is optimized with the Yoast SEO plugin v25.0 - https:\/\/yoast.com\/wordpress\/plugins\/seo\/ -->\n<title>Association Lokhos | Centre qap<\/title>\n<meta name=\"description\" content=\"Parents d\u2019enfants, m\u00e9decins et th\u00e9rapeutes ont d\u00e9cid\u00e9 d\u2019unir leurs forces afin de d\u00e9velopper un centre de th\u00e9rapies multidisciplinaires novatrices en Romandie.\" \/>\n<meta name=\"robots\" content=\"index, follow, max-snippet:-1, max-image-preview:large, max-video-preview:-1\" \/>\n<link rel=\"canonical\" href=\"https:\/\/centreqap.irenepenrose.com\/en\/lokhos\/\" \/>\n<meta property=\"og:locale\" content=\"en_US\" \/>\n<meta property=\"og:type\" content=\"article\" \/>\n<meta property=\"og:title\" content=\"Association Lokhos | Centre qap\" \/>\n<meta property=\"og:description\" content=\"Parents d\u2019enfants, m\u00e9decins et th\u00e9rapeutes ont d\u00e9cid\u00e9 d\u2019unir leurs forces afin de d\u00e9velopper un centre de th\u00e9rapies multidisciplinaires novatrices en Romandie.\" \/>\n<meta property=\"og:url\" content=\"https:\/\/centreqap.irenepenrose.com\/en\/lokhos\/\" \/>\n<meta property=\"og:site_name\" content=\"Centre qap\" \/>\n<meta property=\"article:modified_time\" content=\"2021-06-01T22:42:37+00:00\" \/>\n<meta property=\"og:image\" content=\"https:\/\/centreqap.irenepenrose.com\/wp-content\/uploads\/2020\/11\/centre-qap_homepage-objectif-scaled.jpg\" \/>\n\t<meta property=\"og:image:width\" content=\"2560\" \/>\n\t<meta property=\"og:image:height\" content=\"1709\" \/>\n\t<meta property=\"og:image:type\" content=\"image\/jpeg\" \/>\n<meta name=\"twitter:card\" content=\"summary_large_image\" \/>\n<meta name=\"twitter:label1\" content=\"Est. reading time\" \/>\n\t<meta name=\"twitter:data1\" content=\"2 minutes\" \/>\n<script type=\"application\/ld+json\" class=\"yoast-schema-graph\">{\"@context\":\"https:\/\/schema.org\",\"@graph\":[{\"@type\":\"WebPage\",\"@id\":\"https:\/\/centreqap.irenepenrose.com\/en\/lokhos\/\",\"url\":\"https:\/\/centreqap.irenepenrose.com\/en\/lokhos\/\",\"name\":\"Association Lokhos | Centre qap\",\"isPartOf\":{\"@id\":\"https:\/\/centreqap.irenepenrose.com\/en\/#website\"},\"datePublished\":\"2020-12-07T19:46:37+00:00\",\"dateModified\":\"2021-06-01T22:42:37+00:00\",\"description\":\"Parents d\u2019enfants, m\u00e9decins et th\u00e9rapeutes ont d\u00e9cid\u00e9 d\u2019unir leurs forces afin de d\u00e9velopper un centre de th\u00e9rapies multidisciplinaires novatrices en Romandie.\",\"breadcrumb\":{\"@id\":\"https:\/\/centreqap.irenepenrose.com\/en\/lokhos\/#breadcrumb\"},\"inLanguage\":\"en-US\",\"potentialAction\":[{\"@type\":\"ReadAction\",\"target\":[\"https:\/\/centreqap.irenepenrose.com\/en\/lokhos\/\"]}]},{\"@type\":\"BreadcrumbList\",\"@id\":\"https:\/\/centreqap.irenepenrose.com\/en\/lokhos\/#breadcrumb\",\"itemListElement\":[{\"@type\":\"ListItem\",\"position\":1,\"name\":\"Accueil\",\"item\":\"https:\/\/centreqap.irenepenrose.com\/en\/\"},{\"@type\":\"ListItem\",\"position\":2,\"name\":\"Association Lokhos\"}]},{\"@type\":\"WebSite\",\"@id\":\"https:\/\/centreqap.irenepenrose.com\/en\/#website\",\"url\":\"https:\/\/centreqap.irenepenrose.com\/en\/\",\"name\":\"Centre qap\",\"description\":\"R\u00e9habilitation p\u00e9diatrique\",\"publisher\":{\"@id\":\"https:\/\/centreqap.irenepenrose.com\/en\/#organization\"},\"potentialAction\":[{\"@type\":\"SearchAction\",\"target\":{\"@type\":\"EntryPoint\",\"urlTemplate\":\"https:\/\/centreqap.irenepenrose.com\/en\/?s={search_term_string}\"},\"query-input\":{\"@type\":\"PropertyValueSpecification\",\"valueRequired\":true,\"valueName\":\"search_term_string\"}}],\"inLanguage\":\"en-US\"},{\"@type\":\"Organization\",\"@id\":\"https:\/\/centreqap.irenepenrose.com\/en\/#organization\",\"name\":\"Centre qap\",\"url\":\"https:\/\/centreqap.irenepenrose.com\/en\/\",\"logo\":{\"@type\":\"ImageObject\",\"inLanguage\":\"en-US\",\"@id\":\"https:\/\/centreqap.irenepenrose.com\/en\/#\/schema\/logo\/image\/\",\"url\":\"https:\/\/centreqap.irenepenrose.com\/wp-content\/uploads\/2020\/05\/centre_qap_rehabilitation_pediatrique.png\",\"contentUrl\":\"https:\/\/centreqap.irenepenrose.com\/wp-content\/uploads\/2020\/05\/centre_qap_rehabilitation_pediatrique.png\",\"width\":1000,\"height\":1000,\"caption\":\"Centre qap\"},\"image\":{\"@id\":\"https:\/\/centreqap.irenepenrose.com\/en\/#\/schema\/logo\/image\/\"}}]}<\/script>\n<!-- \/ Yoast SEO plugin. -->","yoast_head_json":{"title":"Association Lokhos | Centre qap","description":"Parents d\u2019enfants, m\u00e9decins et th\u00e9rapeutes ont d\u00e9cid\u00e9 d\u2019unir leurs forces afin de d\u00e9velopper un centre de th\u00e9rapies multidisciplinaires novatrices en Romandie.","robots":{"index":"index","follow":"follow","max-snippet":"max-snippet:-1","max-image-preview":"max-image-preview:large","max-video-preview":"max-video-preview:-1"},"canonical":"https:\/\/centreqap.irenepenrose.com\/en\/lokhos\/","og_locale":"en_US","og_type":"article","og_title":"Association Lokhos | Centre qap","og_description":"Parents d\u2019enfants, m\u00e9decins et th\u00e9rapeutes ont d\u00e9cid\u00e9 d\u2019unir leurs forces afin de d\u00e9velopper un centre de th\u00e9rapies multidisciplinaires novatrices en Romandie.","og_url":"https:\/\/centreqap.irenepenrose.com\/en\/lokhos\/","og_site_name":"Centre qap","article_modified_time":"2021-06-01T22:42:37+00:00","og_image":[{"width":2560,"height":1709,"url":"https:\/\/centreqap.irenepenrose.com\/wp-content\/uploads\/2020\/11\/centre-qap_homepage-objectif-scaled.jpg","type":"image\/jpeg"}],"twitter_card":"summary_large_image","twitter_misc":{"Est. reading time":"2 minutes"},"schema":{"@context":"https:\/\/schema.org","@graph":[{"@type":"WebPage","@id":"https:\/\/centreqap.irenepenrose.com\/en\/lokhos\/","url":"https:\/\/centreqap.irenepenrose.com\/en\/lokhos\/","name":"Association Lokhos | Centre qap","isPartOf":{"@id":"https:\/\/centreqap.irenepenrose.com\/en\/#website"},"datePublished":"2020-12-07T19:46:37+00:00","dateModified":"2021-06-01T22:42:37+00:00","description":"Parents d\u2019enfants, m\u00e9decins et th\u00e9rapeutes ont d\u00e9cid\u00e9 d\u2019unir leurs forces afin de d\u00e9velopper un centre de th\u00e9rapies multidisciplinaires novatrices en Romandie.","breadcrumb":{"@id":"https:\/\/centreqap.irenepenrose.com\/en\/lokhos\/#breadcrumb"},"inLanguage":"en-US","potentialAction":[{"@type":"ReadAction","target":["https:\/\/centreqap.irenepenrose.com\/en\/lokhos\/"]}]},{"@type":"BreadcrumbList","@id":"https:\/\/centreqap.irenepenrose.com\/en\/lokhos\/#breadcrumb","itemListElement":[{"@type":"ListItem","position":1,"name":"Accueil","item":"https:\/\/centreqap.irenepenrose.com\/en\/"},{"@type":"ListItem","position":2,"name":"Association Lokhos"}]},{"@type":"WebSite","@id":"https:\/\/centreqap.irenepenrose.com\/en\/#website","url":"https:\/\/centreqap.irenepenrose.com\/en\/","name":"Centre qap","description":"R\u00e9habilitation p\u00e9diatrique","publisher":{"@id":"https:\/\/centreqap.irenepenrose.com\/en\/#organization"},"potentialAction":[{"@type":"SearchAction","target":{"@type":"EntryPoint","urlTemplate":"https:\/\/centreqap.irenepenrose.com\/en\/?s={search_term_string}"},"query-input":{"@type":"PropertyValueSpecification","valueRequired":true,"valueName":"search_term_string"}}],"inLanguage":"en-US"},{"@type":"Organization","@id":"https:\/\/centreqap.irenepenrose.com\/en\/#organization","name":"Centre qap","url":"https:\/\/centreqap.irenepenrose.com\/en\/","logo":{"@type":"ImageObject","inLanguage":"en-US","@id":"https:\/\/centreqap.irenepenrose.com\/en\/#\/schema\/logo\/image\/","url":"https:\/\/centreqap.irenepenrose.com\/wp-content\/uploads\/2020\/05\/centre_qap_rehabilitation_pediatrique.png","contentUrl":"https:\/\/centreqap.irenepenrose.com\/wp-content\/uploads\/2020\/05\/centre_qap_rehabilitation_pediatrique.png","width":1000,"height":1000,"caption":"Centre qap"},"image":{"@id":"https:\/\/centreqap.irenepenrose.com\/en\/#\/schema\/logo\/image\/"}}]}},"_links":{"self":[{"href":"https:\/\/centreqap.irenepenrose.com\/en\/wp-json\/wp\/v2\/pages\/29827","targetHints":{"allow":["GET"]}}],"collection":[{"href":"https:\/\/centreqap.irenepenrose.com\/en\/wp-json\/wp\/v2\/pages"}],"about":[{"href":"https:\/\/centreqap.irenepenrose.com\/en\/wp-json\/wp\/v2\/types\/page"}],"author":[{"embeddable":true,"href":"https:\/\/centreqap.irenepenrose.com\/en\/wp-json\/wp\/v2\/users\/1"}],"replies":[{"embeddable":true,"href":"https:\/\/centreqap.irenepenrose.com\/en\/wp-json\/wp\/v2\/comments?post=29827"}],"version-history":[{"count":3,"href":"https:\/\/centreqap.irenepenrose.com\/en\/wp-json\/wp\/v2\/pages\/29827\/revisions"}],"predecessor-version":[{"id":29834,"href":"https:\/\/centreqap.irenepenrose.com\/en\/wp-json\/wp\/v2\/pages\/29827\/revisions\/29834"}],"wp:attachment":[{"href":"https:\/\/centreqap.irenepenrose.com\/en\/wp-json\/wp\/v2\/media?parent=29827"}],"curies":[{"name":"wp","href":"https:\/\/api.w.org\/{rel}","templated":true}]}}