{"id":29835,"date":"2020-12-07T20:55:15","date_gmt":"2020-12-07T19:55:15","guid":{"rendered":"https:\/\/centreqap.ch\/coin-des-parents\/"},"modified":"2021-06-02T02:06:35","modified_gmt":"2021-06-02T00:06:35","slug":"parents-corner","status":"publish","type":"page","link":"https:\/\/centreqap.irenepenrose.com\/en\/parents-corner\/","title":{"rendered":"Parents corner"},"content":{"rendered":"<p>[vc_row row_content_width=&#8221;grid&#8221; css=&#8221;.vc_custom_1607364112685{padding-top: 100px !important;}&#8221; simple_background_color=&#8221;#f6f6f6&#8243;][vc_column][\/vc_column][\/vc_row][vc_row row_content_width=&#8221;grid&#8221; css=&#8221;.vc_custom_1607370905447{padding-top: 40px !important;padding-bottom: 50px !important;}&#8221; simple_background_color=&#8221;#f6f6f6&#8243;][vc_column width=&#8221;1\/2&#8243; css=&#8221;.vc_custom_1608505712995{padding-bottom: 34px !important;}&#8221;]<div class=\"qodef-section-title-holder   qodef-st-animation \" >\n\t<div class=\"qodef-st-inner\">\n\t\t\t\t\t<h3 class=\"qodef-st-title\" >\n\t\t\t\tFor parents\t\t\t<\/h3>\n\t\t\t\t<span class=\"qodef-st-separator\"><\/span>\n\t\t\t\t\t<\/div>\n<\/div>[vc_column_text]Parents are fully included in the interdisciplinary process and can take advantage of legal advice and assistance with administrative procedures concerning their child\u2019s disability.<\/p>\n<p>A comfortable area is set aside for parents to use during their child\u2019s treatment sessions.<\/p>\n<p>A large motricity room is open for parents who, with the therapist\u2019s agreement, would like to come and work with their child on exercises to reinforce their therapy.[\/vc_column_text][vc_empty_space]<a itemprop=\"url\" href=\"https:\/\/centreqap.irenepenrose.com\/en\/contact-us\/\" target=\"_self\"  class=\"qodef-btn qodef-btn-medium qodef-btn-solid qodef-btn- qodef-btn-custom-hover-bg \" data-hover-bg-color=\"#f09f37\" >\n    <span class=\"qodef-btn-text\">Contact us<\/span>\n    \t<\/a>[\/vc_column][vc_column width=&#8221;1\/2&#8243;][vc_single_image image=&#8221;29840&#8243; img_size=&#8221;full&#8221;][\/vc_column][\/vc_row][vc_row row_content_width=&#8221;grid&#8221; css=&#8221;.vc_custom_1608505865210{padding-bottom: 50px !important;}&#8221; simple_background_color=&#8221;#f6f6f6&#8243;][vc_column width=&#8221;1\/2&#8243; css=&#8221;.vc_custom_1608505848670{padding-bottom: 50px !important;}&#8221;][vc_single_image image=&#8221;29841&#8243; img_size=&#8221;full&#8221;][\/vc_column][vc_column width=&#8221;1\/2&#8243;][vc_single_image image=&#8221;29842&#8243; img_size=&#8221;full&#8221;][\/vc_column][\/vc_row]<\/p>\n","protected":false},"excerpt":{"rendered":"<p>[vc_row row_content_width=&#8221;grid&#8221; css=&#8221;.vc_custom_1607364112685{padding-top: 100px !important;}&#8221; simple_background_color=&#8221;#f6f6f6&#8243;][vc_column][\/vc_column][\/vc_row][vc_row row_content_width=&#8221;grid&#8221; css=&#8221;.vc_custom_1607370905447{padding-top: 40px !important;padding-bottom: 50px !important;}&#8221; simple_background_color=&#8221;#f6f6f6&#8243;][vc_column width=&#8221;1\/2&#8243; css=&#8221;.vc_custom_1608505712995{padding-bottom: 34px !important;}&#8221;][vc_column_text]Parents are fully included in the interdisciplinary process and can take advantage of legal advice and assistance with administrative procedures concerning their child\u2019s disability. [&hellip;]<\/p>\n","protected":false},"author":1,"featured_media":0,"parent":0,"menu_order":0,"comment_status":"closed","ping_status":"closed","template":"full-width.php","meta":{"footnotes":""},"class_list":["post-29835","page","type-page","status-publish","hentry"],"yoast_head":"<!-- This site is optimized with the Yoast SEO plugin v25.0 - https:\/\/yoast.com\/wordpress\/plugins\/seo\/ -->\n<title>Parents corner | Centre qap<\/title>\n<meta name=\"description\" content=\"Les parents sont int\u00e9gralement impliqu\u00e9s dans le processus interdisciplinaire et peuvent b\u00e9n\u00e9ficier de conseils juridiques et d\u2019une assistance concernant les proc\u00e9dures administratives en lien avec le handicap de leur enfant.\" \/>\n<meta name=\"robots\" content=\"index, follow, max-snippet:-1, max-image-preview:large, max-video-preview:-1\" \/>\n<link rel=\"canonical\" href=\"https:\/\/centreqap.irenepenrose.com\/en\/parents-corner\/\" \/>\n<meta property=\"og:locale\" content=\"en_US\" \/>\n<meta property=\"og:type\" content=\"article\" \/>\n<meta property=\"og:title\" content=\"Parents corner | Centre qap\" \/>\n<meta property=\"og:description\" content=\"Les parents sont int\u00e9gralement impliqu\u00e9s dans le processus interdisciplinaire et peuvent b\u00e9n\u00e9ficier de conseils juridiques et d\u2019une assistance concernant les proc\u00e9dures administratives en lien avec le handicap de leur enfant.\" \/>\n<meta property=\"og:url\" content=\"https:\/\/centreqap.irenepenrose.com\/en\/parents-corner\/\" \/>\n<meta property=\"og:site_name\" content=\"Centre qap\" \/>\n<meta property=\"article:modified_time\" content=\"2021-06-02T00:06:35+00:00\" \/>\n<meta property=\"og:image\" content=\"https:\/\/centreqap.irenepenrose.com\/wp-content\/uploads\/2020\/11\/centre-qap_homepage-objectif-scaled.jpg\" \/>\n\t<meta property=\"og:image:width\" content=\"2560\" \/>\n\t<meta property=\"og:image:height\" content=\"1709\" \/>\n\t<meta property=\"og:image:type\" content=\"image\/jpeg\" \/>\n<meta name=\"twitter:card\" content=\"summary_large_image\" \/>\n<meta name=\"twitter:label1\" content=\"Est. reading time\" \/>\n\t<meta name=\"twitter:data1\" content=\"1 minute\" \/>\n<script type=\"application\/ld+json\" class=\"yoast-schema-graph\">{\"@context\":\"https:\/\/schema.org\",\"@graph\":[{\"@type\":\"WebPage\",\"@id\":\"https:\/\/centreqap.irenepenrose.com\/en\/parents-corner\/\",\"url\":\"https:\/\/centreqap.irenepenrose.com\/en\/parents-corner\/\",\"name\":\"Parents corner | Centre qap\",\"isPartOf\":{\"@id\":\"https:\/\/centreqap.irenepenrose.com\/en\/#website\"},\"datePublished\":\"2020-12-07T19:55:15+00:00\",\"dateModified\":\"2021-06-02T00:06:35+00:00\",\"description\":\"Les parents sont int\u00e9gralement impliqu\u00e9s dans le processus interdisciplinaire et peuvent b\u00e9n\u00e9ficier de conseils juridiques et d\u2019une assistance concernant les proc\u00e9dures administratives en lien avec le handicap de leur enfant.\",\"breadcrumb\":{\"@id\":\"https:\/\/centreqap.irenepenrose.com\/en\/parents-corner\/#breadcrumb\"},\"inLanguage\":\"en-US\",\"potentialAction\":[{\"@type\":\"ReadAction\",\"target\":[\"https:\/\/centreqap.irenepenrose.com\/en\/parents-corner\/\"]}]},{\"@type\":\"BreadcrumbList\",\"@id\":\"https:\/\/centreqap.irenepenrose.com\/en\/parents-corner\/#breadcrumb\",\"itemListElement\":[{\"@type\":\"ListItem\",\"position\":1,\"name\":\"Accueil\",\"item\":\"https:\/\/centreqap.irenepenrose.com\/en\/\"},{\"@type\":\"ListItem\",\"position\":2,\"name\":\"Parents corner\"}]},{\"@type\":\"WebSite\",\"@id\":\"https:\/\/centreqap.irenepenrose.com\/en\/#website\",\"url\":\"https:\/\/centreqap.irenepenrose.com\/en\/\",\"name\":\"Centre qap\",\"description\":\"R\u00e9habilitation p\u00e9diatrique\",\"publisher\":{\"@id\":\"https:\/\/centreqap.irenepenrose.com\/en\/#organization\"},\"potentialAction\":[{\"@type\":\"SearchAction\",\"target\":{\"@type\":\"EntryPoint\",\"urlTemplate\":\"https:\/\/centreqap.irenepenrose.com\/en\/?s={search_term_string}\"},\"query-input\":{\"@type\":\"PropertyValueSpecification\",\"valueRequired\":true,\"valueName\":\"search_term_string\"}}],\"inLanguage\":\"en-US\"},{\"@type\":\"Organization\",\"@id\":\"https:\/\/centreqap.irenepenrose.com\/en\/#organization\",\"name\":\"Centre qap\",\"url\":\"https:\/\/centreqap.irenepenrose.com\/en\/\",\"logo\":{\"@type\":\"ImageObject\",\"inLanguage\":\"en-US\",\"@id\":\"https:\/\/centreqap.irenepenrose.com\/en\/#\/schema\/logo\/image\/\",\"url\":\"https:\/\/centreqap.irenepenrose.com\/wp-content\/uploads\/2020\/05\/centre_qap_rehabilitation_pediatrique.png\",\"contentUrl\":\"https:\/\/centreqap.irenepenrose.com\/wp-content\/uploads\/2020\/05\/centre_qap_rehabilitation_pediatrique.png\",\"width\":1000,\"height\":1000,\"caption\":\"Centre qap\"},\"image\":{\"@id\":\"https:\/\/centreqap.irenepenrose.com\/en\/#\/schema\/logo\/image\/\"}}]}<\/script>\n<!-- \/ Yoast SEO plugin. -->","yoast_head_json":{"title":"Parents corner | Centre qap","description":"Les parents sont int\u00e9gralement impliqu\u00e9s dans le processus interdisciplinaire et peuvent b\u00e9n\u00e9ficier de conseils juridiques et d\u2019une assistance concernant les proc\u00e9dures administratives en lien avec le handicap de leur enfant.","robots":{"index":"index","follow":"follow","max-snippet":"max-snippet:-1","max-image-preview":"max-image-preview:large","max-video-preview":"max-video-preview:-1"},"canonical":"https:\/\/centreqap.irenepenrose.com\/en\/parents-corner\/","og_locale":"en_US","og_type":"article","og_title":"Parents corner | Centre qap","og_description":"Les parents sont int\u00e9gralement impliqu\u00e9s dans le processus interdisciplinaire et peuvent b\u00e9n\u00e9ficier de conseils juridiques et d\u2019une assistance concernant les proc\u00e9dures administratives en lien avec le handicap de leur enfant.","og_url":"https:\/\/centreqap.irenepenrose.com\/en\/parents-corner\/","og_site_name":"Centre qap","article_modified_time":"2021-06-02T00:06:35+00:00","og_image":[{"width":2560,"height":1709,"url":"https:\/\/centreqap.irenepenrose.com\/wp-content\/uploads\/2020\/11\/centre-qap_homepage-objectif-scaled.jpg","type":"image\/jpeg"}],"twitter_card":"summary_large_image","twitter_misc":{"Est. reading time":"1 minute"},"schema":{"@context":"https:\/\/schema.org","@graph":[{"@type":"WebPage","@id":"https:\/\/centreqap.irenepenrose.com\/en\/parents-corner\/","url":"https:\/\/centreqap.irenepenrose.com\/en\/parents-corner\/","name":"Parents corner | Centre qap","isPartOf":{"@id":"https:\/\/centreqap.irenepenrose.com\/en\/#website"},"datePublished":"2020-12-07T19:55:15+00:00","dateModified":"2021-06-02T00:06:35+00:00","description":"Les parents sont int\u00e9gralement impliqu\u00e9s dans le processus interdisciplinaire et peuvent b\u00e9n\u00e9ficier de conseils juridiques et d\u2019une assistance concernant les proc\u00e9dures administratives en lien avec le handicap de leur enfant.","breadcrumb":{"@id":"https:\/\/centreqap.irenepenrose.com\/en\/parents-corner\/#breadcrumb"},"inLanguage":"en-US","potentialAction":[{"@type":"ReadAction","target":["https:\/\/centreqap.irenepenrose.com\/en\/parents-corner\/"]}]},{"@type":"BreadcrumbList","@id":"https:\/\/centreqap.irenepenrose.com\/en\/parents-corner\/#breadcrumb","itemListElement":[{"@type":"ListItem","position":1,"name":"Accueil","item":"https:\/\/centreqap.irenepenrose.com\/en\/"},{"@type":"ListItem","position":2,"name":"Parents corner"}]},{"@type":"WebSite","@id":"https:\/\/centreqap.irenepenrose.com\/en\/#website","url":"https:\/\/centreqap.irenepenrose.com\/en\/","name":"Centre qap","description":"R\u00e9habilitation p\u00e9diatrique","publisher":{"@id":"https:\/\/centreqap.irenepenrose.com\/en\/#organization"},"potentialAction":[{"@type":"SearchAction","target":{"@type":"EntryPoint","urlTemplate":"https:\/\/centreqap.irenepenrose.com\/en\/?s={search_term_string}"},"query-input":{"@type":"PropertyValueSpecification","valueRequired":true,"valueName":"search_term_string"}}],"inLanguage":"en-US"},{"@type":"Organization","@id":"https:\/\/centreqap.irenepenrose.com\/en\/#organization","name":"Centre qap","url":"https:\/\/centreqap.irenepenrose.com\/en\/","logo":{"@type":"ImageObject","inLanguage":"en-US","@id":"https:\/\/centreqap.irenepenrose.com\/en\/#\/schema\/logo\/image\/","url":"https:\/\/centreqap.irenepenrose.com\/wp-content\/uploads\/2020\/05\/centre_qap_rehabilitation_pediatrique.png","contentUrl":"https:\/\/centreqap.irenepenrose.com\/wp-content\/uploads\/2020\/05\/centre_qap_rehabilitation_pediatrique.png","width":1000,"height":1000,"caption":"Centre qap"},"image":{"@id":"https:\/\/centreqap.irenepenrose.com\/en\/#\/schema\/logo\/image\/"}}]}},"_links":{"self":[{"href":"https:\/\/centreqap.irenepenrose.com\/en\/wp-json\/wp\/v2\/pages\/29835","targetHints":{"allow":["GET"]}}],"collection":[{"href":"https:\/\/centreqap.irenepenrose.com\/en\/wp-json\/wp\/v2\/pages"}],"about":[{"href":"https:\/\/centreqap.irenepenrose.com\/en\/wp-json\/wp\/v2\/types\/page"}],"author":[{"embeddable":true,"href":"https:\/\/centreqap.irenepenrose.com\/en\/wp-json\/wp\/v2\/users\/1"}],"replies":[{"embeddable":true,"href":"https:\/\/centreqap.irenepenrose.com\/en\/wp-json\/wp\/v2\/comments?post=29835"}],"version-history":[{"count":5,"href":"https:\/\/centreqap.irenepenrose.com\/en\/wp-json\/wp\/v2\/pages\/29835\/revisions"}],"predecessor-version":[{"id":30036,"href":"https:\/\/centreqap.irenepenrose.com\/en\/wp-json\/wp\/v2\/pages\/29835\/revisions\/30036"}],"wp:attachment":[{"href":"https:\/\/centreqap.irenepenrose.com\/en\/wp-json\/wp\/v2\/media?parent=29835"}],"curies":[{"name":"wp","href":"https:\/\/api.w.org\/{rel}","templated":true}]}}