{"id":30307,"date":"2021-02-05T02:18:56","date_gmt":"2021-02-05T01:18:56","guid":{"rendered":"https:\/\/centreqap.ch\/osteopathie\/"},"modified":"2021-06-17T09:23:29","modified_gmt":"2021-06-17T07:23:29","slug":"osteopathy","status":"publish","type":"page","link":"https:\/\/centreqap.irenepenrose.com\/en\/osteopathy\/","title":{"rendered":"Osteopathy"},"content":{"rendered":"<p>[vc_row row_content_width=&#8221;grid&#8221; css=&#8221;.vc_custom_1608505983457{border-bottom-width: 200px !important;padding-top: 40px !important;}&#8221; simple_background_color=&#8221;#f6f6f6&#8243;][vc_column css=&#8221;.vc_custom_1607370366616{padding-bottom: 10px !important;}&#8221;][vc_column_text]Osteopathy is a manual medicine. It is based on the premise that the body is an integrated unit and that well-being depends on the individual parts working smoothly together<\/p>\n<p>Osteopaths are able to treat reversible mechanical injury in the musculoskeletal system and correct a range of restricted mobility in other systems.<\/p>\n<p>Osteopathy takes not only physical symptoms into account, but looks at a patient globally \u2013 their lifestyle, habits and general state of health.<\/p>\n<p>Osteopaths use their hands to detect disruptions and relieve areas of physical tension that can lead to functional problems. Treatment consists of gentle physical manipulation through very precise osteopathic techniques.[\/vc_column_text][vc_empty_space]<a itemprop=\"url\" href=\"https:\/\/centreqap.irenepenrose.com\/en\" target=\"_self\"  class=\"qodef-btn qodef-btn-medium qodef-btn-solid qodef-btn- qodef-btn-custom-hover-bg \" data-hover-bg-color=\"#f09f37\" >\n    <span class=\"qodef-btn-text\">Back to Home<\/span>\n    \t<\/a>[vc_empty_space height=&#8221;200px&#8221;][\/vc_column][\/vc_row]<\/p>\n","protected":false},"excerpt":{"rendered":"<p>[vc_row row_content_width=&#8221;grid&#8221; css=&#8221;.vc_custom_1608505983457{border-bottom-width: 200px !important;padding-top: 40px !important;}&#8221; simple_background_color=&#8221;#f6f6f6&#8243;][vc_column css=&#8221;.vc_custom_1607370366616{padding-bottom: 10px !important;}&#8221;][vc_column_text]Osteopathy is a manual medicine. It is based on the premise that the body is an integrated unit and that well-being depends on the individual parts working smoothly together Osteopaths [&hellip;]<\/p>\n","protected":false},"author":1,"featured_media":0,"parent":0,"menu_order":0,"comment_status":"closed","ping_status":"closed","template":"full-width.php","meta":{"footnotes":""},"class_list":["post-30307","page","type-page","status-publish","hentry"],"yoast_head":"<!-- This site is optimized with the Yoast SEO plugin v25.0 - https:\/\/yoast.com\/wordpress\/plugins\/seo\/ -->\n<title>Osteopathy | Centre qap<\/title>\n<meta name=\"description\" content=\"L&#039;ost\u00e9opathie est une m\u00e9decine compl\u00e9mentaire manuelle. Elle s&#039;appuie sur le concept que l&#039;organisme est un tout, et que la sant\u00e9 passe par l&#039;\u00e9quilibre de l&#039;ensemble de ses structures.\" \/>\n<meta name=\"robots\" content=\"index, follow, max-snippet:-1, max-image-preview:large, max-video-preview:-1\" \/>\n<link rel=\"canonical\" href=\"https:\/\/centreqap.irenepenrose.com\/en\/osteopathy\/\" \/>\n<meta property=\"og:locale\" content=\"en_US\" \/>\n<meta property=\"og:type\" content=\"article\" \/>\n<meta property=\"og:title\" content=\"Osteopathy | Centre qap\" \/>\n<meta property=\"og:description\" content=\"L&#039;ost\u00e9opathie est une m\u00e9decine compl\u00e9mentaire manuelle. Elle s&#039;appuie sur le concept que l&#039;organisme est un tout, et que la sant\u00e9 passe par l&#039;\u00e9quilibre de l&#039;ensemble de ses structures.\" \/>\n<meta property=\"og:url\" content=\"https:\/\/centreqap.irenepenrose.com\/en\/osteopathy\/\" \/>\n<meta property=\"og:site_name\" content=\"Centre qap\" \/>\n<meta property=\"article:modified_time\" content=\"2021-06-17T07:23:29+00:00\" \/>\n<meta property=\"og:image\" content=\"https:\/\/centreqap.irenepenrose.com\/wp-content\/uploads\/2020\/11\/centre-qap_homepage-objectif-scaled.jpg\" \/>\n\t<meta property=\"og:image:width\" content=\"2560\" \/>\n\t<meta property=\"og:image:height\" content=\"1709\" \/>\n\t<meta property=\"og:image:type\" content=\"image\/jpeg\" \/>\n<meta name=\"twitter:card\" content=\"summary_large_image\" \/>\n<meta name=\"twitter:label1\" content=\"Est. reading time\" \/>\n\t<meta name=\"twitter:data1\" content=\"1 minute\" \/>\n<script type=\"application\/ld+json\" class=\"yoast-schema-graph\">{\"@context\":\"https:\/\/schema.org\",\"@graph\":[{\"@type\":\"WebPage\",\"@id\":\"https:\/\/centreqap.irenepenrose.com\/en\/osteopathy\/\",\"url\":\"https:\/\/centreqap.irenepenrose.com\/en\/osteopathy\/\",\"name\":\"Osteopathy | Centre qap\",\"isPartOf\":{\"@id\":\"https:\/\/centreqap.irenepenrose.com\/en\/#website\"},\"datePublished\":\"2021-02-05T01:18:56+00:00\",\"dateModified\":\"2021-06-17T07:23:29+00:00\",\"description\":\"L'ost\u00e9opathie est une m\u00e9decine compl\u00e9mentaire manuelle. Elle s'appuie sur le concept que l'organisme est un tout, et que la sant\u00e9 passe par l'\u00e9quilibre de l'ensemble de ses structures.\",\"breadcrumb\":{\"@id\":\"https:\/\/centreqap.irenepenrose.com\/en\/osteopathy\/#breadcrumb\"},\"inLanguage\":\"en-US\",\"potentialAction\":[{\"@type\":\"ReadAction\",\"target\":[\"https:\/\/centreqap.irenepenrose.com\/en\/osteopathy\/\"]}]},{\"@type\":\"BreadcrumbList\",\"@id\":\"https:\/\/centreqap.irenepenrose.com\/en\/osteopathy\/#breadcrumb\",\"itemListElement\":[{\"@type\":\"ListItem\",\"position\":1,\"name\":\"Accueil\",\"item\":\"https:\/\/centreqap.irenepenrose.com\/en\/\"},{\"@type\":\"ListItem\",\"position\":2,\"name\":\"Osteopathy\"}]},{\"@type\":\"WebSite\",\"@id\":\"https:\/\/centreqap.irenepenrose.com\/en\/#website\",\"url\":\"https:\/\/centreqap.irenepenrose.com\/en\/\",\"name\":\"Centre qap\",\"description\":\"R\u00e9habilitation p\u00e9diatrique\",\"publisher\":{\"@id\":\"https:\/\/centreqap.irenepenrose.com\/en\/#organization\"},\"potentialAction\":[{\"@type\":\"SearchAction\",\"target\":{\"@type\":\"EntryPoint\",\"urlTemplate\":\"https:\/\/centreqap.irenepenrose.com\/en\/?s={search_term_string}\"},\"query-input\":{\"@type\":\"PropertyValueSpecification\",\"valueRequired\":true,\"valueName\":\"search_term_string\"}}],\"inLanguage\":\"en-US\"},{\"@type\":\"Organization\",\"@id\":\"https:\/\/centreqap.irenepenrose.com\/en\/#organization\",\"name\":\"Centre qap\",\"url\":\"https:\/\/centreqap.irenepenrose.com\/en\/\",\"logo\":{\"@type\":\"ImageObject\",\"inLanguage\":\"en-US\",\"@id\":\"https:\/\/centreqap.irenepenrose.com\/en\/#\/schema\/logo\/image\/\",\"url\":\"https:\/\/centreqap.irenepenrose.com\/wp-content\/uploads\/2020\/05\/centre_qap_rehabilitation_pediatrique.png\",\"contentUrl\":\"https:\/\/centreqap.irenepenrose.com\/wp-content\/uploads\/2020\/05\/centre_qap_rehabilitation_pediatrique.png\",\"width\":1000,\"height\":1000,\"caption\":\"Centre qap\"},\"image\":{\"@id\":\"https:\/\/centreqap.irenepenrose.com\/en\/#\/schema\/logo\/image\/\"}}]}<\/script>\n<!-- \/ Yoast SEO plugin. -->","yoast_head_json":{"title":"Osteopathy | Centre qap","description":"L'ost\u00e9opathie est une m\u00e9decine compl\u00e9mentaire manuelle. Elle s'appuie sur le concept que l'organisme est un tout, et que la sant\u00e9 passe par l'\u00e9quilibre de l'ensemble de ses structures.","robots":{"index":"index","follow":"follow","max-snippet":"max-snippet:-1","max-image-preview":"max-image-preview:large","max-video-preview":"max-video-preview:-1"},"canonical":"https:\/\/centreqap.irenepenrose.com\/en\/osteopathy\/","og_locale":"en_US","og_type":"article","og_title":"Osteopathy | Centre qap","og_description":"L'ost\u00e9opathie est une m\u00e9decine compl\u00e9mentaire manuelle. Elle s'appuie sur le concept que l'organisme est un tout, et que la sant\u00e9 passe par l'\u00e9quilibre de l'ensemble de ses structures.","og_url":"https:\/\/centreqap.irenepenrose.com\/en\/osteopathy\/","og_site_name":"Centre qap","article_modified_time":"2021-06-17T07:23:29+00:00","og_image":[{"width":2560,"height":1709,"url":"https:\/\/centreqap.irenepenrose.com\/wp-content\/uploads\/2020\/11\/centre-qap_homepage-objectif-scaled.jpg","type":"image\/jpeg"}],"twitter_card":"summary_large_image","twitter_misc":{"Est. reading time":"1 minute"},"schema":{"@context":"https:\/\/schema.org","@graph":[{"@type":"WebPage","@id":"https:\/\/centreqap.irenepenrose.com\/en\/osteopathy\/","url":"https:\/\/centreqap.irenepenrose.com\/en\/osteopathy\/","name":"Osteopathy | Centre qap","isPartOf":{"@id":"https:\/\/centreqap.irenepenrose.com\/en\/#website"},"datePublished":"2021-02-05T01:18:56+00:00","dateModified":"2021-06-17T07:23:29+00:00","description":"L'ost\u00e9opathie est une m\u00e9decine compl\u00e9mentaire manuelle. Elle s'appuie sur le concept que l'organisme est un tout, et que la sant\u00e9 passe par l'\u00e9quilibre de l'ensemble de ses structures.","breadcrumb":{"@id":"https:\/\/centreqap.irenepenrose.com\/en\/osteopathy\/#breadcrumb"},"inLanguage":"en-US","potentialAction":[{"@type":"ReadAction","target":["https:\/\/centreqap.irenepenrose.com\/en\/osteopathy\/"]}]},{"@type":"BreadcrumbList","@id":"https:\/\/centreqap.irenepenrose.com\/en\/osteopathy\/#breadcrumb","itemListElement":[{"@type":"ListItem","position":1,"name":"Accueil","item":"https:\/\/centreqap.irenepenrose.com\/en\/"},{"@type":"ListItem","position":2,"name":"Osteopathy"}]},{"@type":"WebSite","@id":"https:\/\/centreqap.irenepenrose.com\/en\/#website","url":"https:\/\/centreqap.irenepenrose.com\/en\/","name":"Centre qap","description":"R\u00e9habilitation p\u00e9diatrique","publisher":{"@id":"https:\/\/centreqap.irenepenrose.com\/en\/#organization"},"potentialAction":[{"@type":"SearchAction","target":{"@type":"EntryPoint","urlTemplate":"https:\/\/centreqap.irenepenrose.com\/en\/?s={search_term_string}"},"query-input":{"@type":"PropertyValueSpecification","valueRequired":true,"valueName":"search_term_string"}}],"inLanguage":"en-US"},{"@type":"Organization","@id":"https:\/\/centreqap.irenepenrose.com\/en\/#organization","name":"Centre qap","url":"https:\/\/centreqap.irenepenrose.com\/en\/","logo":{"@type":"ImageObject","inLanguage":"en-US","@id":"https:\/\/centreqap.irenepenrose.com\/en\/#\/schema\/logo\/image\/","url":"https:\/\/centreqap.irenepenrose.com\/wp-content\/uploads\/2020\/05\/centre_qap_rehabilitation_pediatrique.png","contentUrl":"https:\/\/centreqap.irenepenrose.com\/wp-content\/uploads\/2020\/05\/centre_qap_rehabilitation_pediatrique.png","width":1000,"height":1000,"caption":"Centre qap"},"image":{"@id":"https:\/\/centreqap.irenepenrose.com\/en\/#\/schema\/logo\/image\/"}}]}},"_links":{"self":[{"href":"https:\/\/centreqap.irenepenrose.com\/en\/wp-json\/wp\/v2\/pages\/30307","targetHints":{"allow":["GET"]}}],"collection":[{"href":"https:\/\/centreqap.irenepenrose.com\/en\/wp-json\/wp\/v2\/pages"}],"about":[{"href":"https:\/\/centreqap.irenepenrose.com\/en\/wp-json\/wp\/v2\/types\/page"}],"author":[{"embeddable":true,"href":"https:\/\/centreqap.irenepenrose.com\/en\/wp-json\/wp\/v2\/users\/1"}],"replies":[{"embeddable":true,"href":"https:\/\/centreqap.irenepenrose.com\/en\/wp-json\/wp\/v2\/comments?post=30307"}],"version-history":[{"count":2,"href":"https:\/\/centreqap.irenepenrose.com\/en\/wp-json\/wp\/v2\/pages\/30307\/revisions"}],"predecessor-version":[{"id":30310,"href":"https:\/\/centreqap.irenepenrose.com\/en\/wp-json\/wp\/v2\/pages\/30307\/revisions\/30310"}],"wp:attachment":[{"href":"https:\/\/centreqap.irenepenrose.com\/en\/wp-json\/wp\/v2\/media?parent=30307"}],"curies":[{"name":"wp","href":"https:\/\/api.w.org\/{rel}","templated":true}]}}