{"id":30319,"date":"2021-02-05T02:16:39","date_gmt":"2021-02-05T01:16:39","guid":{"rendered":"https:\/\/centreqap.ch\/ergotherapie\/"},"modified":"2021-06-17T09:29:28","modified_gmt":"2021-06-17T07:29:28","slug":"occupational-therapy","status":"publish","type":"page","link":"https:\/\/centreqap.irenepenrose.com\/en\/occupational-therapy\/","title":{"rendered":"Occupational Therapy"},"content":{"rendered":"<p>[vc_row row_content_width=&#8221;grid&#8221; css=&#8221;.vc_custom_1608505983457{border-bottom-width: 200px !important;padding-top: 40px !important;}&#8221; simple_background_color=&#8221;#f6f6f6&#8243;][vc_column css=&#8221;.vc_custom_1607370366616{padding-bottom: 10px !important;}&#8221;][vc_column_text]Parents call on occupational therapists when a child\u2019s condition or developmental delay means they struggle to carry out the tasks of daily life. Issues can range from having difficulty putting on a coat, to cutting up food, colouring, catching a bus, handwriting, or sitting posture.<\/p>\n<p>An occupational therapist will assess the cause of the dysfunction and identify the activities the child wants to master. They will depend on the person, their way of life and culture, because individuals have their own criteria for what they need, or for what is required to restore or maintain their state of health. Accordingly, an occupational therapist will devise a bespoke plan to, for example:<\/p>\n<ul>\n<li>stimulate the perception and processing of sensory information (touch, body\u2013spatial relationship, balance control);<\/li>\n<li>develop fine and gross motor skills in order to function better (manipulating objects, finding a stable position before acting);<\/li>\n<li>suggest strategies to help perform an action (focussing attention, planning and checking);<\/li>\n<li>promote social and emotional skills;<\/li>\n<li>practise visual, auditory and spatial memory to condition action<\/li>\n<\/ul>\n<p>With children, occupational therapy sessions take the form of play in a fun, stimulating, and motivating environment. Therapists ensure the child is fully engaged, can accomplish new challenges successfully and achieve their full potential. They target the activity to be improved, sometimes by breaking it down into the smaller steps or skills (pre-requisites) required for a successful outcome.<\/p>\n<p>Occupational therapists can also help with respect to the child\u2019s particular situation and environment. They advise on adaptations, helpful tools or can make braces. Everything builds on the child\u2019s current resources to help develop their independence in tasks they want to do. Occupational therapists also provide parents and caregivers with advice and information on the best strategies to help a child\u2019s development.[\/vc_column_text][vc_empty_space]<a itemprop=\"url\" href=\"https:\/\/centreqap.irenepenrose.com\/en\" target=\"_self\"  class=\"qodef-btn qodef-btn-medium qodef-btn-solid qodef-btn- qodef-btn-custom-hover-bg \" data-hover-bg-color=\"#f09f37\" >\n    <span class=\"qodef-btn-text\">Back to Homr<\/span>\n    \t<\/a>[vc_empty_space height=&#8221;200px&#8221;][\/vc_column][\/vc_row]<\/p>\n","protected":false},"excerpt":{"rendered":"<p>[vc_row row_content_width=&#8221;grid&#8221; css=&#8221;.vc_custom_1608505983457{border-bottom-width: 200px !important;padding-top: 40px !important;}&#8221; simple_background_color=&#8221;#f6f6f6&#8243;][vc_column css=&#8221;.vc_custom_1607370366616{padding-bottom: 10px !important;}&#8221;][vc_column_text]Parents call on occupational therapists when a child\u2019s condition or developmental delay means they struggle to carry out the tasks of daily life. Issues can range from having difficulty putting [&hellip;]<\/p>\n","protected":false},"author":1,"featured_media":0,"parent":0,"menu_order":0,"comment_status":"closed","ping_status":"closed","template":"full-width.php","meta":{"footnotes":""},"class_list":["post-30319","page","type-page","status-publish","hentry"],"yoast_head":"<!-- This site is optimized with the Yoast SEO plugin v25.0 - https:\/\/yoast.com\/wordpress\/plugins\/seo\/ -->\n<title>Occupational Therapy | Centre qap<\/title>\n<meta name=\"description\" content=\"Vous pouvez faire appel \u00e0 un ergoth\u00e9rapeute quand votre enfant \u00e9prouve des difficult\u00e9s dans sa vie quotidienne en cons\u00e9quence de sa pathologie ou d&#039;un retard de d\u00e9veloppement.\" \/>\n<meta name=\"robots\" content=\"index, follow, max-snippet:-1, max-image-preview:large, max-video-preview:-1\" \/>\n<link rel=\"canonical\" href=\"https:\/\/centreqap.irenepenrose.com\/en\/occupational-therapy\/\" \/>\n<meta property=\"og:locale\" content=\"en_US\" \/>\n<meta property=\"og:type\" content=\"article\" \/>\n<meta property=\"og:title\" content=\"Occupational Therapy | Centre qap\" \/>\n<meta property=\"og:description\" content=\"Vous pouvez faire appel \u00e0 un ergoth\u00e9rapeute quand votre enfant \u00e9prouve des difficult\u00e9s dans sa vie quotidienne en cons\u00e9quence de sa pathologie ou d&#039;un retard de d\u00e9veloppement.\" \/>\n<meta property=\"og:url\" content=\"https:\/\/centreqap.irenepenrose.com\/en\/occupational-therapy\/\" \/>\n<meta property=\"og:site_name\" content=\"Centre qap\" \/>\n<meta property=\"article:modified_time\" content=\"2021-06-17T07:29:28+00:00\" \/>\n<meta property=\"og:image\" content=\"https:\/\/centreqap.irenepenrose.com\/wp-content\/uploads\/2020\/11\/centre-qap_homepage-objectif-scaled.jpg\" \/>\n\t<meta property=\"og:image:width\" content=\"2560\" \/>\n\t<meta property=\"og:image:height\" content=\"1709\" \/>\n\t<meta property=\"og:image:type\" content=\"image\/jpeg\" \/>\n<meta name=\"twitter:card\" content=\"summary_large_image\" \/>\n<meta name=\"twitter:label1\" content=\"Est. reading time\" \/>\n\t<meta name=\"twitter:data1\" content=\"2 minutes\" \/>\n<script type=\"application\/ld+json\" class=\"yoast-schema-graph\">{\"@context\":\"https:\/\/schema.org\",\"@graph\":[{\"@type\":\"WebPage\",\"@id\":\"https:\/\/centreqap.irenepenrose.com\/en\/occupational-therapy\/\",\"url\":\"https:\/\/centreqap.irenepenrose.com\/en\/occupational-therapy\/\",\"name\":\"Occupational Therapy | Centre qap\",\"isPartOf\":{\"@id\":\"https:\/\/centreqap.irenepenrose.com\/en\/#website\"},\"datePublished\":\"2021-02-05T01:16:39+00:00\",\"dateModified\":\"2021-06-17T07:29:28+00:00\",\"description\":\"Vous pouvez faire appel \u00e0 un ergoth\u00e9rapeute quand votre enfant \u00e9prouve des difficult\u00e9s dans sa vie quotidienne en cons\u00e9quence de sa pathologie ou d'un retard de d\u00e9veloppement.\",\"breadcrumb\":{\"@id\":\"https:\/\/centreqap.irenepenrose.com\/en\/occupational-therapy\/#breadcrumb\"},\"inLanguage\":\"en-US\",\"potentialAction\":[{\"@type\":\"ReadAction\",\"target\":[\"https:\/\/centreqap.irenepenrose.com\/en\/occupational-therapy\/\"]}]},{\"@type\":\"BreadcrumbList\",\"@id\":\"https:\/\/centreqap.irenepenrose.com\/en\/occupational-therapy\/#breadcrumb\",\"itemListElement\":[{\"@type\":\"ListItem\",\"position\":1,\"name\":\"Accueil\",\"item\":\"https:\/\/centreqap.irenepenrose.com\/en\/\"},{\"@type\":\"ListItem\",\"position\":2,\"name\":\"Occupational Therapy\"}]},{\"@type\":\"WebSite\",\"@id\":\"https:\/\/centreqap.irenepenrose.com\/en\/#website\",\"url\":\"https:\/\/centreqap.irenepenrose.com\/en\/\",\"name\":\"Centre qap\",\"description\":\"R\u00e9habilitation p\u00e9diatrique\",\"publisher\":{\"@id\":\"https:\/\/centreqap.irenepenrose.com\/en\/#organization\"},\"potentialAction\":[{\"@type\":\"SearchAction\",\"target\":{\"@type\":\"EntryPoint\",\"urlTemplate\":\"https:\/\/centreqap.irenepenrose.com\/en\/?s={search_term_string}\"},\"query-input\":{\"@type\":\"PropertyValueSpecification\",\"valueRequired\":true,\"valueName\":\"search_term_string\"}}],\"inLanguage\":\"en-US\"},{\"@type\":\"Organization\",\"@id\":\"https:\/\/centreqap.irenepenrose.com\/en\/#organization\",\"name\":\"Centre qap\",\"url\":\"https:\/\/centreqap.irenepenrose.com\/en\/\",\"logo\":{\"@type\":\"ImageObject\",\"inLanguage\":\"en-US\",\"@id\":\"https:\/\/centreqap.irenepenrose.com\/en\/#\/schema\/logo\/image\/\",\"url\":\"https:\/\/centreqap.irenepenrose.com\/wp-content\/uploads\/2020\/05\/centre_qap_rehabilitation_pediatrique.png\",\"contentUrl\":\"https:\/\/centreqap.irenepenrose.com\/wp-content\/uploads\/2020\/05\/centre_qap_rehabilitation_pediatrique.png\",\"width\":1000,\"height\":1000,\"caption\":\"Centre qap\"},\"image\":{\"@id\":\"https:\/\/centreqap.irenepenrose.com\/en\/#\/schema\/logo\/image\/\"}}]}<\/script>\n<!-- \/ Yoast SEO plugin. -->","yoast_head_json":{"title":"Occupational Therapy | Centre qap","description":"Vous pouvez faire appel \u00e0 un ergoth\u00e9rapeute quand votre enfant \u00e9prouve des difficult\u00e9s dans sa vie quotidienne en cons\u00e9quence de sa pathologie ou d'un retard de d\u00e9veloppement.","robots":{"index":"index","follow":"follow","max-snippet":"max-snippet:-1","max-image-preview":"max-image-preview:large","max-video-preview":"max-video-preview:-1"},"canonical":"https:\/\/centreqap.irenepenrose.com\/en\/occupational-therapy\/","og_locale":"en_US","og_type":"article","og_title":"Occupational Therapy | Centre qap","og_description":"Vous pouvez faire appel \u00e0 un ergoth\u00e9rapeute quand votre enfant \u00e9prouve des difficult\u00e9s dans sa vie quotidienne en cons\u00e9quence de sa pathologie ou d'un retard de d\u00e9veloppement.","og_url":"https:\/\/centreqap.irenepenrose.com\/en\/occupational-therapy\/","og_site_name":"Centre qap","article_modified_time":"2021-06-17T07:29:28+00:00","og_image":[{"width":2560,"height":1709,"url":"https:\/\/centreqap.irenepenrose.com\/wp-content\/uploads\/2020\/11\/centre-qap_homepage-objectif-scaled.jpg","type":"image\/jpeg"}],"twitter_card":"summary_large_image","twitter_misc":{"Est. reading time":"2 minutes"},"schema":{"@context":"https:\/\/schema.org","@graph":[{"@type":"WebPage","@id":"https:\/\/centreqap.irenepenrose.com\/en\/occupational-therapy\/","url":"https:\/\/centreqap.irenepenrose.com\/en\/occupational-therapy\/","name":"Occupational Therapy | Centre qap","isPartOf":{"@id":"https:\/\/centreqap.irenepenrose.com\/en\/#website"},"datePublished":"2021-02-05T01:16:39+00:00","dateModified":"2021-06-17T07:29:28+00:00","description":"Vous pouvez faire appel \u00e0 un ergoth\u00e9rapeute quand votre enfant \u00e9prouve des difficult\u00e9s dans sa vie quotidienne en cons\u00e9quence de sa pathologie ou d'un retard de d\u00e9veloppement.","breadcrumb":{"@id":"https:\/\/centreqap.irenepenrose.com\/en\/occupational-therapy\/#breadcrumb"},"inLanguage":"en-US","potentialAction":[{"@type":"ReadAction","target":["https:\/\/centreqap.irenepenrose.com\/en\/occupational-therapy\/"]}]},{"@type":"BreadcrumbList","@id":"https:\/\/centreqap.irenepenrose.com\/en\/occupational-therapy\/#breadcrumb","itemListElement":[{"@type":"ListItem","position":1,"name":"Accueil","item":"https:\/\/centreqap.irenepenrose.com\/en\/"},{"@type":"ListItem","position":2,"name":"Occupational Therapy"}]},{"@type":"WebSite","@id":"https:\/\/centreqap.irenepenrose.com\/en\/#website","url":"https:\/\/centreqap.irenepenrose.com\/en\/","name":"Centre qap","description":"R\u00e9habilitation p\u00e9diatrique","publisher":{"@id":"https:\/\/centreqap.irenepenrose.com\/en\/#organization"},"potentialAction":[{"@type":"SearchAction","target":{"@type":"EntryPoint","urlTemplate":"https:\/\/centreqap.irenepenrose.com\/en\/?s={search_term_string}"},"query-input":{"@type":"PropertyValueSpecification","valueRequired":true,"valueName":"search_term_string"}}],"inLanguage":"en-US"},{"@type":"Organization","@id":"https:\/\/centreqap.irenepenrose.com\/en\/#organization","name":"Centre qap","url":"https:\/\/centreqap.irenepenrose.com\/en\/","logo":{"@type":"ImageObject","inLanguage":"en-US","@id":"https:\/\/centreqap.irenepenrose.com\/en\/#\/schema\/logo\/image\/","url":"https:\/\/centreqap.irenepenrose.com\/wp-content\/uploads\/2020\/05\/centre_qap_rehabilitation_pediatrique.png","contentUrl":"https:\/\/centreqap.irenepenrose.com\/wp-content\/uploads\/2020\/05\/centre_qap_rehabilitation_pediatrique.png","width":1000,"height":1000,"caption":"Centre qap"},"image":{"@id":"https:\/\/centreqap.irenepenrose.com\/en\/#\/schema\/logo\/image\/"}}]}},"_links":{"self":[{"href":"https:\/\/centreqap.irenepenrose.com\/en\/wp-json\/wp\/v2\/pages\/30319","targetHints":{"allow":["GET"]}}],"collection":[{"href":"https:\/\/centreqap.irenepenrose.com\/en\/wp-json\/wp\/v2\/pages"}],"about":[{"href":"https:\/\/centreqap.irenepenrose.com\/en\/wp-json\/wp\/v2\/types\/page"}],"author":[{"embeddable":true,"href":"https:\/\/centreqap.irenepenrose.com\/en\/wp-json\/wp\/v2\/users\/1"}],"replies":[{"embeddable":true,"href":"https:\/\/centreqap.irenepenrose.com\/en\/wp-json\/wp\/v2\/comments?post=30319"}],"version-history":[{"count":3,"href":"https:\/\/centreqap.irenepenrose.com\/en\/wp-json\/wp\/v2\/pages\/30319\/revisions"}],"predecessor-version":[{"id":30324,"href":"https:\/\/centreqap.irenepenrose.com\/en\/wp-json\/wp\/v2\/pages\/30319\/revisions\/30324"}],"wp:attachment":[{"href":"https:\/\/centreqap.irenepenrose.com\/en\/wp-json\/wp\/v2\/media?parent=30319"}],"curies":[{"name":"wp","href":"https:\/\/api.w.org\/{rel}","templated":true}]}}